{"id":749893,"date":"2025-03-03T22:29:17","date_gmt":"2025-03-03T21:29:17","guid":{"rendered":"https:\/\/stoic-curie.212-227-153-4.plesk.page\/producto\/jabsco-17935-0001-neoprene-impeller\/"},"modified":"2026-02-25T00:28:10","modified_gmt":"2026-02-25T00:28:10","slug":"jabsco-17935-0001-neoprene-impeller","status":"publish","type":"product","link":"https:\/\/stoic-curie.212-227-153-4.plesk.page\/pt\/product\/jabsco-17935-0001-neoprene-impeller\/","title":{"rendered":"Jabsco 17935-0001 Neoprene Impeller"},"content":{"rendered":"<p>Jabsco 17935-0001 Neoprene Impeller &#8211; <\/p>\n<div class=\"col-24\" col-md-15=\"\">\n<p>Este impulsor Jabsco se adapta \u00e0s seguintes bombas:<\/p>\n<p>3570, 10770-0111, 10880-0051, 10880-0151, 10880-2461, 10880-2561, 10880-2611, 10880-2661, 10980-0051, 12600-0001, 12600-0011, 12600-0021, 14300-0001, 14440-0001, 17520-0001, 17520-0002, 17520-0051, 17520-0052, 17810-1000, 21680-05, 2570-0001, 2570-0011, 2570-0011, 2570-0021, 2570-0051, 2570-0151, 2570-0211, 2570-3000, 29770-0001, 3110-0001, 3110-0011, 3240-0011, 3240-1001, 3570-0001, 50200-2011, 50200-2111, 50200-2211, 50200-2311, 50220-0011, 50220-0111, 50220-0211, 50220-0311, 50230-0311, 51200-2011, 51220-0011, 52200-2001, 52200-2011, 52200-2041, 52200-2051, 52220-0011, 52220-0041, 52220-0051, 52230-0001, 6400-0001, 6400-0004, 6400-0051, 6400-1051, 6590-0001, 6590-0004, 7420-0001, 7420-0004, 7420-0004, 7420-0101, 7420-0101, 7420-1001, 8150-0211 &#038; 8950-0001.<\/p>\n<p>O impulsor flex\u00edvel de neoprene Jabsco 17935-0001 substitui os seguintes impulsores:<\/p>\n<p>&#8211; Impulsores Caterpillar: 5N9360<\/p>\n<p>&#8211; Impulsores Cummins: NH250M, NT855M, V504M, V555MSC, VT555MSC, VT55MBC &#038; VT555MBC<\/p>\n<p>&#8211; Detroit: 8924838<\/p>\n<p>&#8211; Impulsor Globe: 125<\/p>\n<p>&#8211; Impulsor Jabsco: 836-0001<\/p>\n<p>&#8211; Impulsores Johnson: 09-1029B &#038; 09-819B<\/p>\n<p>&#8211; Impulsor Onan: 500135<\/p>\n<p>&#8211; Impulsor Perkins: 7054<\/p>\n<p>&#8211; Impulsor Sierra: 18-3295<\/p>\n<p>&#8211; Impulsores Volvo: 21430184, 875736, 875660, 825942, 877066, 21951362 &#038; 807904<\/p>\n<p>O impulsor flex\u00edvel de neoprene Jabsco 17935-0001 possui 12 l\u00e2minas de impulsor e um acionamento estriado.<\/p>\n<p>Os impulsores flex\u00edveis de neoprene da Jabsco s\u00e3o usados para bombear \u00e1gua doce ou salgada; os impulsores de neoprene s\u00e3o o material mais comumente utilizado e s\u00e3o adequados para uso onde h\u00e1 apenas pequenas quantidades de \u00f3leo ou combust\u00edvel diesel presentes.<\/p>\n<p>Os impulsores flex\u00edveis Jabsco s\u00e3o submetidos a rigorosos processos de qualidade para garantir um desempenho confi\u00e1vel, eficiente e duradouro.<\/p>\n<p>Voc\u00ea deve substituir seus impulsores de bomba flex\u00edveis pelo menos uma vez por ano ou antes, dependendo do uso. Quando a instala\u00e7\u00e3o est\u00e1 correta, um impulsor pode durar v\u00e1rios anos, mas \u00e9 sempre aconselh\u00e1vel seguir um cronograma de manuten\u00e7\u00e3o preventiva em vez de corretiva.<\/p>\n<p>Este impulsor tem um perfil Q.<\/p>\n<\/div>\n<h3>Especifica\u00e7\u00f5es<\/h3>\n<table class=\"table\">\n<tbody>\n<tr>\n<td><strong>Marca<\/strong><\/td>\n<td>Jabsco<\/td>\n<\/tr>\n<tr>\n<td><strong>Di\u00e2metro do eixo do impulsor<\/strong><\/td>\n<td>25,4 mm<\/td>\n<\/tr>\n<tr>\n<td><strong>N\u00famero de l\u00e2minas do impulsor<\/strong><\/td>\n<td>12<\/td>\n<\/tr>\n<tr>\n<td><strong>Perfil<\/strong><\/td>\n<td>Q<\/td>\n<\/tr>\n<tr>\n<td><strong>Constru\u00e7\u00e3o<\/strong><\/td>\n<td>Impulsor de neoprene com inserto de lat\u00e3o<\/td>\n<\/tr>\n<tr>\n<td><strong>Di\u00e2metro<\/strong><\/td>\n<td>95 mm (3-3\/4&#8221;), Eixo 25,4 mm (1&#8221;)<\/td>\n<\/tr>\n<tr>\n<td><strong>Tipo de acionamento<\/strong><\/td>\n<td>Acionamento estriado<\/td>\n<\/tr>\n<tr>\n<td><strong>Modelo<\/strong><\/td>\n<td>17935-0001<\/td>\n<\/tr>\n<tr>\n<td><strong>Substitui<\/strong><\/td>\n<td>Consulte a descri\u00e7\u00e3o para os impulsores que esta pe\u00e7a pode substituir<\/td>\n<\/tr>\n<tr>\n<td><strong>Adequa\u00e7\u00e3o<\/strong><\/td>\n<td>Ver descri\u00e7\u00e3o<\/td>\n<\/tr>\n<tr>\n<td><strong>Profundidade<\/strong><\/td>\n<td>63 mm (2-1\/2&#8242;)<\/td>\n<\/tr>\n<\/tbody>\n<\/table>\n","protected":false},"excerpt":{"rendered":"<p>Jabsco 17935-0001 Neoprene Impeller &#8211; Este impulsor Jabsco se adapta \u00e0s seguintes bombas: 3570, 10770-0111, 10880-0051, 10880-0151, 10880-2461, 10880-2561, 10880-2611,<\/p>\n","protected":false},"featured_media":5945013,"comment_status":"open","ping_status":"closed","template":"","meta":[],"product_brand":[3032],"product_cat":[2096],"product_tag":[],"class_list":{"0":"post-749893","1":"product","2":"type-product","3":"status-publish","4":"has-post-thumbnail","6":"product_brand-jabsco-marine-pt","7":"product_cat-bombas-de-arrefecimento-do-motor","9":"first","10":"instock","11":"shipping-taxable","12":"purchasable","13":"product-type-simple"},"_links":{"self":[{"href":"https:\/\/stoic-curie.212-227-153-4.plesk.page\/pt\/wp-json\/wp\/v2\/product\/749893","targetHints":{"allow":["GET"]}}],"collection":[{"href":"https:\/\/stoic-curie.212-227-153-4.plesk.page\/pt\/wp-json\/wp\/v2\/product"}],"about":[{"href":"https:\/\/stoic-curie.212-227-153-4.plesk.page\/pt\/wp-json\/wp\/v2\/types\/product"}],"replies":[{"embeddable":true,"href":"https:\/\/stoic-curie.212-227-153-4.plesk.page\/pt\/wp-json\/wp\/v2\/comments?post=749893"}],"version-history":[{"count":0,"href":"https:\/\/stoic-curie.212-227-153-4.plesk.page\/pt\/wp-json\/wp\/v2\/product\/749893\/revisions"}],"wp:featuredmedia":[{"embeddable":true,"href":"https:\/\/stoic-curie.212-227-153-4.plesk.page\/pt\/wp-json\/wp\/v2\/media\/5945013"}],"wp:attachment":[{"href":"https:\/\/stoic-curie.212-227-153-4.plesk.page\/pt\/wp-json\/wp\/v2\/media?parent=749893"}],"wp:term":[{"taxonomy":"product_brand","embeddable":true,"href":"https:\/\/stoic-curie.212-227-153-4.plesk.page\/pt\/wp-json\/wp\/v2\/product_brand?post=749893"},{"taxonomy":"product_cat","embeddable":true,"href":"https:\/\/stoic-curie.212-227-153-4.plesk.page\/pt\/wp-json\/wp\/v2\/product_cat?post=749893"},{"taxonomy":"product_tag","embeddable":true,"href":"https:\/\/stoic-curie.212-227-153-4.plesk.page\/pt\/wp-json\/wp\/v2\/product_tag?post=749893"}],"curies":[{"name":"wp","href":"https:\/\/api.w.org\/{rel}","templated":true}]}}