{"id":749894,"date":"2025-03-03T22:29:18","date_gmt":"2025-03-03T21:29:18","guid":{"rendered":"https:\/\/stoic-curie.212-227-153-4.plesk.page\/producto\/jabsco-17936-0001-neoprene-impeller\/"},"modified":"2026-02-25T00:28:10","modified_gmt":"2026-02-25T00:28:10","slug":"jabsco-17936-0001-neoprene-impeller","status":"publish","type":"product","link":"https:\/\/stoic-curie.212-227-153-4.plesk.page\/pt\/product\/jabsco-17936-0001-neoprene-impeller\/","title":{"rendered":"Jabsco 17936-0001 Neoprene Impeller"},"content":{"rendered":"<p>Jabsco 17936-0001 Neoprene Impeller &#8211; Este impulsor de neoprene Jabsco \u00e9 adequado para as seguintes bombas: Jabsco 10660, 10590-0111, 10590-0231, 10590-0341, 10660-200, 11100-0601, 11100-0641, 17490-0001, 18300-0000, 18320-0000, 18320-0001, 18320-0002, 18340-0000, 18370-0000, 22040-01, 22040-0131, 22040-0501, 22040-0531, 23010-0131, 23010-0531, 50270-0011, 50270-0111, 50270-0211, 50270-0311, 50270-0911, 50270-2011, 50270-2111, 50270-2211, 50270-2311, 50270-2911, 52270-0011, 52270-2011, 6980-0001, 6980-0002, 6980-0003, 6980-0004, 6980-0005, 6980-0006, 6980-0011, 6980-0411 e 6980-3000. O impulsor flex\u00edvel de neoprene Jabsco 17936-0001 substitui os seguintes impulsores: impulsor Caterpillar: 4L8470. Impulsor Cummins: 3008503. impulsores Detroit Diesel: 5196168, 5198550 e 8924839. impulsores Jabsco: 21676-0001 e 17936-0001. Impulsor Johnson: 09-814B. Impulsor Man: 50.06506-0073. Impulsor Perkins: 0460027. impulsores Volvo Penta: 842857, 844683, 845796, 875697 e 875814-6. O impulsor flex\u00edvel de neoprene Jabsco 17936-0001 possui 12 l\u00e2minas de impulsor, um acoplamento estriado e \u00e9 fornecido com um conector. Os impulsores flex\u00edveis de neoprene da Jabsco s\u00e3o usados para bombear \u00e1gua doce ou salgada, e os impulsores de neoprene s\u00e3o o material mais comumente usado, sendo adequado para uso onde somente pequenas quantidades de \u00f3leo ou combust\u00edvel diesel est\u00e3o presentes. Os impulsores flex\u00edveis Jabsco s\u00e3o submetidos a rigorosos processos de qualidade para garantir desempenho confi\u00e1vel, eficiente e duradouro. Voc\u00ea deve substituir seus impulsores de bomba flex\u00edveis pelo menos uma vez por ano ou mais cedo, dependendo do uso. Quando a instala\u00e7\u00e3o est\u00e1 correta, um impulsor pode durar v\u00e1rios anos, mas \u00e9 sempre aconselh\u00e1vel seguir um cronograma de manuten\u00e7\u00e3o preventiva em vez de corretiva. Este impulsor possui um perfil Q.<\/p>\n","protected":false},"excerpt":{"rendered":"<p>Jabsco 17936-0001 Neoprene Impeller &#8211; Este impulsor de neoprene Jabsco \u00e9 adequado para as seguintes bombas: Jabsco 10660, 10590-0111, 10590-0231,<\/p>\n","protected":false},"featured_media":5945016,"comment_status":"open","ping_status":"closed","template":"","meta":[],"product_brand":[3032],"product_cat":[2096],"product_tag":[],"class_list":{"0":"post-749894","1":"product","2":"type-product","3":"status-publish","4":"has-post-thumbnail","6":"product_brand-jabsco-marine-pt","7":"product_cat-bombas-de-arrefecimento-do-motor","9":"first","10":"instock","11":"shipping-taxable","12":"purchasable","13":"product-type-simple"},"_links":{"self":[{"href":"https:\/\/stoic-curie.212-227-153-4.plesk.page\/pt\/wp-json\/wp\/v2\/product\/749894","targetHints":{"allow":["GET"]}}],"collection":[{"href":"https:\/\/stoic-curie.212-227-153-4.plesk.page\/pt\/wp-json\/wp\/v2\/product"}],"about":[{"href":"https:\/\/stoic-curie.212-227-153-4.plesk.page\/pt\/wp-json\/wp\/v2\/types\/product"}],"replies":[{"embeddable":true,"href":"https:\/\/stoic-curie.212-227-153-4.plesk.page\/pt\/wp-json\/wp\/v2\/comments?post=749894"}],"version-history":[{"count":0,"href":"https:\/\/stoic-curie.212-227-153-4.plesk.page\/pt\/wp-json\/wp\/v2\/product\/749894\/revisions"}],"wp:featuredmedia":[{"embeddable":true,"href":"https:\/\/stoic-curie.212-227-153-4.plesk.page\/pt\/wp-json\/wp\/v2\/media\/5945016"}],"wp:attachment":[{"href":"https:\/\/stoic-curie.212-227-153-4.plesk.page\/pt\/wp-json\/wp\/v2\/media?parent=749894"}],"wp:term":[{"taxonomy":"product_brand","embeddable":true,"href":"https:\/\/stoic-curie.212-227-153-4.plesk.page\/pt\/wp-json\/wp\/v2\/product_brand?post=749894"},{"taxonomy":"product_cat","embeddable":true,"href":"https:\/\/stoic-curie.212-227-153-4.plesk.page\/pt\/wp-json\/wp\/v2\/product_cat?post=749894"},{"taxonomy":"product_tag","embeddable":true,"href":"https:\/\/stoic-curie.212-227-153-4.plesk.page\/pt\/wp-json\/wp\/v2\/product_tag?post=749894"}],"curies":[{"name":"wp","href":"https:\/\/api.w.org\/{rel}","templated":true}]}}