{"id":749896,"date":"2025-03-03T22:29:18","date_gmt":"2025-03-03T21:29:18","guid":{"rendered":"https:\/\/stoic-curie.212-227-153-4.plesk.page\/producto\/impulsor-da-bomba-de-nitriile-johnson-para-modelos-de-bomba-johnson-f7-8-laminas\/"},"modified":"2026-02-25T00:28:10","modified_gmt":"2026-02-25T00:28:10","slug":"impulsor-da-bomba-de-nitriile-johnson-para-modelos-de-bomba-johnson-f7-8-laminas","status":"publish","type":"product","link":"https:\/\/stoic-curie.212-227-153-4.plesk.page\/pt\/product\/impulsor-da-bomba-de-nitriile-johnson-para-modelos-de-bomba-johnson-f7-8-laminas\/","title":{"rendered":"Impulsor da bomba de nitr\u00edile Johnson para modelos de bomba Johnson F7 (8 l\u00e2minas)"},"content":{"rendered":"<p>Impulsor da bomba de nitr\u00edile Johnson para modelos de bomba Johnson F7 (8 l\u00e2minas) &#8211; O genu\u00edno impulsor flex\u00edvel em nitrilo da Johnson \u00e9 adequado para aplica\u00e7\u00f5es onde est\u00e3o presentes diesel ou \u00f3leos leves. O impulsor de bomba flex\u00edvel da Johnson \u00e9 projetado para ser instalado em alguns modelos da linha F7 da Johnson Pumps, que correspondem \u00e0s dimens\u00f5es do impulsor listadas abaixo. O impulsor de bomba flex\u00edvel Johnson possui doze l\u00e2minas e \u00e9 fornecido completo com gel de lubrifica\u00e7\u00e3o e manual de instru\u00e7\u00f5es para ajudar na instala\u00e7\u00e3o do impulsor na bomba de impulsor flex\u00edvel. O Johnson 09-1028B-9 pode ser usado para substituir os impulsores flex\u00edveis Jabsco 17937-0003 e 920-0003 na Europa e nos EUA. Para aplica\u00e7\u00f5es de bombeamento de \u00e1gua, utilize o impulsor em neoprene Johnson 09-1028B. \u00c9 altamente recomend\u00e1vel ter certeza de que voc\u00ea usa um impulsor original para a sua bomba de impulsor flex\u00edvel, pois isso garantir\u00e1 que a qualidade esteja em conformidade com os requisitos de desempenho e dimens\u00f5es para cada tipo de bomba. Os impulsores Johnson Pump s\u00e3o fabricados em estrita conformidade com as especifica\u00e7\u00f5es da bomba definidas pelos fabricantes de motores.<\/p>\n","protected":false},"excerpt":{"rendered":"<p>Impulsor da bomba de nitr\u00edile Johnson para modelos de bomba Johnson F7 (8 l\u00e2minas) &#8211; O genu\u00edno impulsor flex\u00edvel em<\/p>\n","protected":false},"featured_media":5945017,"comment_status":"open","ping_status":"closed","template":"","meta":[],"product_brand":[3047],"product_cat":[2096],"product_tag":[],"class_list":{"0":"post-749896","1":"product","2":"type-product","3":"status-publish","4":"has-post-thumbnail","6":"product_brand-johnson-marine-pt","7":"product_cat-bombas-de-arrefecimento-do-motor","9":"first","10":"instock","11":"shipping-taxable","12":"purchasable","13":"product-type-simple"},"_links":{"self":[{"href":"https:\/\/stoic-curie.212-227-153-4.plesk.page\/pt\/wp-json\/wp\/v2\/product\/749896","targetHints":{"allow":["GET"]}}],"collection":[{"href":"https:\/\/stoic-curie.212-227-153-4.plesk.page\/pt\/wp-json\/wp\/v2\/product"}],"about":[{"href":"https:\/\/stoic-curie.212-227-153-4.plesk.page\/pt\/wp-json\/wp\/v2\/types\/product"}],"replies":[{"embeddable":true,"href":"https:\/\/stoic-curie.212-227-153-4.plesk.page\/pt\/wp-json\/wp\/v2\/comments?post=749896"}],"version-history":[{"count":0,"href":"https:\/\/stoic-curie.212-227-153-4.plesk.page\/pt\/wp-json\/wp\/v2\/product\/749896\/revisions"}],"wp:featuredmedia":[{"embeddable":true,"href":"https:\/\/stoic-curie.212-227-153-4.plesk.page\/pt\/wp-json\/wp\/v2\/media\/5945017"}],"wp:attachment":[{"href":"https:\/\/stoic-curie.212-227-153-4.plesk.page\/pt\/wp-json\/wp\/v2\/media?parent=749896"}],"wp:term":[{"taxonomy":"product_brand","embeddable":true,"href":"https:\/\/stoic-curie.212-227-153-4.plesk.page\/pt\/wp-json\/wp\/v2\/product_brand?post=749896"},{"taxonomy":"product_cat","embeddable":true,"href":"https:\/\/stoic-curie.212-227-153-4.plesk.page\/pt\/wp-json\/wp\/v2\/product_cat?post=749896"},{"taxonomy":"product_tag","embeddable":true,"href":"https:\/\/stoic-curie.212-227-153-4.plesk.page\/pt\/wp-json\/wp\/v2\/product_tag?post=749896"}],"curies":[{"name":"wp","href":"https:\/\/api.w.org\/{rel}","templated":true}]}}