{"id":749897,"date":"2025-03-03T22:29:19","date_gmt":"2025-03-03T21:29:19","guid":{"rendered":"https:\/\/stoic-curie.212-227-153-4.plesk.page\/producto\/jabsco-17018-1101-neoprene-impeller\/"},"modified":"2026-02-25T00:28:10","modified_gmt":"2026-02-25T00:28:10","slug":"jabsco-17018-1101-neoprene-impeller","status":"publish","type":"product","link":"https:\/\/stoic-curie.212-227-153-4.plesk.page\/pt\/product\/jabsco-17018-1101-neoprene-impeller\/","title":{"rendered":"Jabsco 17018-1101 Neoprene Impeller"},"content":{"rendered":"<p>Jabsco 17018-1101 Neoprene Impeller &#8211; <\/p>\n<div class=\"col-24 col-md-15\">\n<p>O impulsor de neoprene Jabsco 17018-1101 substitui os seguintes:<\/p>\n<p>Impulsores Volvo: VP3817587 &#038; 3583602<\/p>\n<p>Impulsor Caterpillar: 3N5895<\/p>\n<p>Este impulsor Jabsco se adapta \u00e0s seguintes bombas:<\/p>\n<p>17350-0011, 21810, 21890, 23340-1001, 23340-1101, 29700-1101, 29700-1201, 29700-1301, 29700-1331, 29700-1401, 50350-1001, 50390-1201, 50430-0301.<\/p>\n<p>O impulsor flex\u00edvel de neoprene Jabsco 17018-1101 possui 8 l\u00e2minas e uma transmiss\u00e3o spline.<\/p>\n<p>Os impulsores flex\u00edveis de neoprene da Jabsco s\u00e3o usados para bombear \u00e1gua doce ou salgada; os impulsores de neoprene s\u00e3o o material mais utilizado e s\u00e3o adequados para uso onde apenas pequenas quantidades de \u00f3leo ou diesel est\u00e3o presentes.<\/p>\n<p>Os impulsores flex\u00edveis da Jabsco passam por rigorosos processos de qualidade para garantir desempenho confi\u00e1vel, eficiente e duradouro.<\/p>\n<p>Voc\u00ea deve substituir seus impulsores de bomba flex\u00edveis pelo menos uma vez por ano ou mais cedo, dependendo do uso. Quando a instala\u00e7\u00e3o \u00e9 correta, um impulsor pode durar v\u00e1rios anos, mas sempre \u00e9 aconselh\u00e1vel seguir um cronograma de manuten\u00e7\u00e3o preventiva em vez de corretiva.<\/p>\n<p>Este impulsor 17018-1101 \u00e9 o mesmo que 17018-0001.<\/p>\n<p>Este impulsor possui um perfil M.<\/p>\n<\/div>\n<h3>Especifica\u00e7\u00f5es<\/h3>\n<table class=\"table\">\n<tbody>\n<tr>\n<td><strong>Largura<\/strong><\/td>\n<td>76,2 mm (3&#8243;)<\/td>\n<\/tr>\n<tr>\n<td><strong>Marca<\/strong><\/td>\n<td>Jabsco<\/td>\n<\/tr>\n<tr>\n<td><strong>Di\u00e2metro do eixo do impulsor<\/strong><\/td>\n<td>16 mm<\/td>\n<\/tr>\n<tr>\n<td><strong>N\u00famero de l\u00e2minas do impulsor<\/strong><\/td>\n<td>8<\/td>\n<\/tr>\n<tr>\n<td><strong>Perfil<\/strong><\/td>\n<td>M<\/td>\n<\/tr>\n<tr>\n<td><strong>Constru\u00e7\u00e3o<\/strong><\/td>\n<td>Impulsor de neoprene com inserto de lat\u00e3o<\/td>\n<\/tr>\n<tr>\n<td><strong>Conte\u00fado<\/strong><\/td>\n<td>Impulsor<\/td>\n<\/tr>\n<tr>\n<td><strong>Di\u00e2metro<\/strong><\/td>\n<td>OD: 65 mm (2-9\/16&#8243;), Eixo: 16 mm (5\/8&#8243;)<\/td>\n<\/tr>\n<tr>\n<td><strong>Tipo de acionamento<\/strong><\/td>\n<td>Acionamento em spline<\/td>\n<\/tr>\n<tr>\n<td><strong>Modelo<\/strong><\/td>\n<td>17018-1101<\/td>\n<\/tr>\n<tr>\n<td><strong>Substitui<\/strong><\/td>\n<td>Volvo: VP3817587 &#038; 3583602, Caterpillar: 3N5895, Jabsco JAB-17018-0001<\/td>\n<\/tr>\n<tr>\n<td><strong>Condi\u00e7\u00f5es de uso<\/strong><\/td>\n<td>Veja a descri\u00e7\u00e3o<\/td>\n<\/tr>\n<tr>\n<td><strong>Profundidade<\/strong><\/td>\n<td>76,2 mm<\/td>\n<\/tr>\n<\/tbody>\n<\/table>\n","protected":false},"excerpt":{"rendered":"<p>Jabsco 17018-1101 Neoprene Impeller &#8211; O impulsor de neoprene Jabsco 17018-1101 substitui os seguintes: Impulsores Volvo: VP3817587 &#038; 3583602 Impulsor<\/p>\n","protected":false},"featured_media":5945018,"comment_status":"open","ping_status":"closed","template":"","meta":[],"product_brand":[3032],"product_cat":[2096],"product_tag":[],"class_list":{"0":"post-749897","1":"product","2":"type-product","3":"status-publish","4":"has-post-thumbnail","6":"product_brand-jabsco-marine-pt","7":"product_cat-bombas-de-arrefecimento-do-motor","9":"first","10":"instock","11":"shipping-taxable","12":"purchasable","13":"product-type-simple"},"_links":{"self":[{"href":"https:\/\/stoic-curie.212-227-153-4.plesk.page\/pt\/wp-json\/wp\/v2\/product\/749897","targetHints":{"allow":["GET"]}}],"collection":[{"href":"https:\/\/stoic-curie.212-227-153-4.plesk.page\/pt\/wp-json\/wp\/v2\/product"}],"about":[{"href":"https:\/\/stoic-curie.212-227-153-4.plesk.page\/pt\/wp-json\/wp\/v2\/types\/product"}],"replies":[{"embeddable":true,"href":"https:\/\/stoic-curie.212-227-153-4.plesk.page\/pt\/wp-json\/wp\/v2\/comments?post=749897"}],"version-history":[{"count":0,"href":"https:\/\/stoic-curie.212-227-153-4.plesk.page\/pt\/wp-json\/wp\/v2\/product\/749897\/revisions"}],"wp:featuredmedia":[{"embeddable":true,"href":"https:\/\/stoic-curie.212-227-153-4.plesk.page\/pt\/wp-json\/wp\/v2\/media\/5945018"}],"wp:attachment":[{"href":"https:\/\/stoic-curie.212-227-153-4.plesk.page\/pt\/wp-json\/wp\/v2\/media?parent=749897"}],"wp:term":[{"taxonomy":"product_brand","embeddable":true,"href":"https:\/\/stoic-curie.212-227-153-4.plesk.page\/pt\/wp-json\/wp\/v2\/product_brand?post=749897"},{"taxonomy":"product_cat","embeddable":true,"href":"https:\/\/stoic-curie.212-227-153-4.plesk.page\/pt\/wp-json\/wp\/v2\/product_cat?post=749897"},{"taxonomy":"product_tag","embeddable":true,"href":"https:\/\/stoic-curie.212-227-153-4.plesk.page\/pt\/wp-json\/wp\/v2\/product_tag?post=749897"}],"curies":[{"name":"wp","href":"https:\/\/api.w.org\/{rel}","templated":true}]}}