{"id":749899,"date":"2025-03-03T22:29:19","date_gmt":"2025-03-03T21:29:19","guid":{"rendered":"https:\/\/stoic-curie.212-227-153-4.plesk.page\/producto\/bomba-de-residuos-jabsco-macerator-para-banheiros-da-serie-quiet-flush-24v\/"},"modified":"2026-02-25T00:28:10","modified_gmt":"2026-02-25T00:28:10","slug":"bomba-de-residuos-jabsco-macerator-para-banheiros-da-serie-quiet-flush-24v","status":"publish","type":"product","link":"https:\/\/stoic-curie.212-227-153-4.plesk.page\/pt\/product\/bomba-de-residuos-jabsco-macerator-para-banheiros-da-serie-quiet-flush-24v\/","title":{"rendered":"Bomba de res\u00edduos Jabsco Macerator para banheiros da s\u00e9rie Quiet Flush (24V)"},"content":{"rendered":"<p>Bomba de res\u00edduos Jabsco Macerator para banheiros da s\u00e9rie Quiet Flush (24V) &#8211; <\/p>\n<div class=\"col-24 col-md-15\">\n<p>A bomba maceradora de res\u00edduos Jabsco 37072-0094 \u00e9 adequada para sistemas el\u00e9tricos de 24V. Esta bomba de macera\u00e7\u00e3o de res\u00edduos pode ser usada com a s\u00e9rie de vasos sanit\u00e1rios Jabsco Quiet Flush.<\/p>\n<\/div>\n<h3>Especifica\u00e7\u00f5es<\/h3>\n<table class=\"table\">\n<tbody>\n<tr>\n<td><strong>Voltagem<\/strong><\/td>\n<td>24V DC<\/td>\n<\/tr>\n<tr>\n<td><strong>Marca<\/strong><\/td>\n<td>Jabsco<\/td>\n<\/tr>\n<tr>\n<td><strong>Garantia<\/strong><\/td>\n<td>1 ano<\/td>\n<\/tr>\n<tr>\n<td><strong>Modelo<\/strong><\/td>\n<td>37072-0094<\/td>\n<\/tr>\n<tr>\n<td><strong>Adequa\u00e7\u00e3o<\/strong><\/td>\n<td>Vasos sanit\u00e1rios Jabsco Quiet Flush 24V<\/td>\n<\/tr>\n<\/tbody>\n<\/table>\n","protected":false},"excerpt":{"rendered":"<p>Bomba de res\u00edduos Jabsco Macerator para banheiros da s\u00e9rie Quiet Flush (24V) &#8211; A bomba maceradora de res\u00edduos Jabsco 37072-0094<\/p>\n","protected":false},"featured_media":5945026,"comment_status":"open","ping_status":"closed","template":"","meta":[],"product_brand":[3032],"product_cat":[1959,1962],"product_tag":[],"class_list":{"0":"post-749899","1":"product","2":"type-product","3":"status-publish","4":"has-post-thumbnail","6":"product_brand-jabsco-marine-pt","7":"product_cat-bombas-de-aguas-residuais","8":"product_cat-sanitarios-e-casas-de-banho","10":"first","11":"instock","12":"shipping-taxable","13":"purchasable","14":"product-type-simple"},"_links":{"self":[{"href":"https:\/\/stoic-curie.212-227-153-4.plesk.page\/pt\/wp-json\/wp\/v2\/product\/749899","targetHints":{"allow":["GET"]}}],"collection":[{"href":"https:\/\/stoic-curie.212-227-153-4.plesk.page\/pt\/wp-json\/wp\/v2\/product"}],"about":[{"href":"https:\/\/stoic-curie.212-227-153-4.plesk.page\/pt\/wp-json\/wp\/v2\/types\/product"}],"replies":[{"embeddable":true,"href":"https:\/\/stoic-curie.212-227-153-4.plesk.page\/pt\/wp-json\/wp\/v2\/comments?post=749899"}],"version-history":[{"count":0,"href":"https:\/\/stoic-curie.212-227-153-4.plesk.page\/pt\/wp-json\/wp\/v2\/product\/749899\/revisions"}],"wp:featuredmedia":[{"embeddable":true,"href":"https:\/\/stoic-curie.212-227-153-4.plesk.page\/pt\/wp-json\/wp\/v2\/media\/5945026"}],"wp:attachment":[{"href":"https:\/\/stoic-curie.212-227-153-4.plesk.page\/pt\/wp-json\/wp\/v2\/media?parent=749899"}],"wp:term":[{"taxonomy":"product_brand","embeddable":true,"href":"https:\/\/stoic-curie.212-227-153-4.plesk.page\/pt\/wp-json\/wp\/v2\/product_brand?post=749899"},{"taxonomy":"product_cat","embeddable":true,"href":"https:\/\/stoic-curie.212-227-153-4.plesk.page\/pt\/wp-json\/wp\/v2\/product_cat?post=749899"},{"taxonomy":"product_tag","embeddable":true,"href":"https:\/\/stoic-curie.212-227-153-4.plesk.page\/pt\/wp-json\/wp\/v2\/product_tag?post=749899"}],"curies":[{"name":"wp","href":"https:\/\/api.w.org\/{rel}","templated":true}]}}