{"id":749900,"date":"2025-03-03T22:29:20","date_gmt":"2025-03-03T21:29:20","guid":{"rendered":"https:\/\/stoic-curie.212-227-153-4.plesk.page\/producto\/kit-de-servico-jabsco-para-kits-de-conversao-eletrica\/"},"modified":"2026-02-25T00:28:10","modified_gmt":"2026-02-25T00:28:10","slug":"kit-de-servico-jabsco-para-kits-de-conversao-eletrica","status":"publish","type":"product","link":"https:\/\/stoic-curie.212-227-153-4.plesk.page\/pt\/product\/kit-de-servico-jabsco-para-kits-de-conversao-eletrica\/","title":{"rendered":"Kit de Servi\u00e7o Jabsco para Kits de Convers\u00e3o El\u00e9trica"},"content":{"rendered":"<p>Kit de Servi\u00e7o Jabsco para Kits de Convers\u00e3o El\u00e9trica &#8211; Este \u00e9 o kit de servi\u00e7o Jabsco 29101-0000 para unidades de convers\u00e3o el\u00e9trica Jabsco. \u00c9 adequado para sanitas manuais Jabsco que foram convertidas para ter bombas operadas eletricamente. O kit de servi\u00e7o de convers\u00e3o el\u00e9trica inclui: slinger pequeno, selos, impulsores, gaxetas (papel), arruela de mola, parafuso de montagem, O-ring, parafuso (bot\u00e3o de controlo), parafuso (tampa da bomba de descarga), gaxeta da bomba de descarga (corti\u00e7a) 29075-1000, parafuso (bomba de descarga), conjunto de interruptor 29103-1000, mangueira de sangria 29019-1010. <\/p>\n<p>Especifica\u00e7\u00f5es:<br \/>\n&#8211; Marca: Jabsco<br \/>\n&#8211; Modelo: 29101-0000<br \/>\n&#8211; Adequa\u00e7\u00e3o: Convers\u00e3o el\u00e9trica s\u00e9rie 29200<\/p>\n","protected":false},"excerpt":{"rendered":"<p>Kit de Servi\u00e7o Jabsco para Kits de Convers\u00e3o El\u00e9trica &#8211; Este \u00e9 o kit de servi\u00e7o Jabsco 29101-0000 para unidades<\/p>\n","protected":false},"featured_media":5945028,"comment_status":"open","ping_status":"closed","template":"","meta":[],"product_brand":[3032],"product_cat":[1962],"product_tag":[],"class_list":{"0":"post-749900","1":"product","2":"type-product","3":"status-publish","4":"has-post-thumbnail","6":"product_brand-jabsco-marine-pt","7":"product_cat-sanitarios-e-casas-de-banho","9":"first","10":"instock","11":"shipping-taxable","12":"purchasable","13":"product-type-simple"},"_links":{"self":[{"href":"https:\/\/stoic-curie.212-227-153-4.plesk.page\/pt\/wp-json\/wp\/v2\/product\/749900","targetHints":{"allow":["GET"]}}],"collection":[{"href":"https:\/\/stoic-curie.212-227-153-4.plesk.page\/pt\/wp-json\/wp\/v2\/product"}],"about":[{"href":"https:\/\/stoic-curie.212-227-153-4.plesk.page\/pt\/wp-json\/wp\/v2\/types\/product"}],"replies":[{"embeddable":true,"href":"https:\/\/stoic-curie.212-227-153-4.plesk.page\/pt\/wp-json\/wp\/v2\/comments?post=749900"}],"version-history":[{"count":0,"href":"https:\/\/stoic-curie.212-227-153-4.plesk.page\/pt\/wp-json\/wp\/v2\/product\/749900\/revisions"}],"wp:featuredmedia":[{"embeddable":true,"href":"https:\/\/stoic-curie.212-227-153-4.plesk.page\/pt\/wp-json\/wp\/v2\/media\/5945028"}],"wp:attachment":[{"href":"https:\/\/stoic-curie.212-227-153-4.plesk.page\/pt\/wp-json\/wp\/v2\/media?parent=749900"}],"wp:term":[{"taxonomy":"product_brand","embeddable":true,"href":"https:\/\/stoic-curie.212-227-153-4.plesk.page\/pt\/wp-json\/wp\/v2\/product_brand?post=749900"},{"taxonomy":"product_cat","embeddable":true,"href":"https:\/\/stoic-curie.212-227-153-4.plesk.page\/pt\/wp-json\/wp\/v2\/product_cat?post=749900"},{"taxonomy":"product_tag","embeddable":true,"href":"https:\/\/stoic-curie.212-227-153-4.plesk.page\/pt\/wp-json\/wp\/v2\/product_tag?post=749900"}],"curies":[{"name":"wp","href":"https:\/\/api.w.org\/{rel}","templated":true}]}}