{"id":749922,"date":"2025-03-03T22:29:26","date_gmt":"2025-03-03T21:29:26","guid":{"rendered":"https:\/\/stoic-curie.212-227-153-4.plesk.page\/producto\/corrente-calibrada-de-aco-inoxidavel-8mm-x-50m-din766\/"},"modified":"2026-02-25T00:28:10","modified_gmt":"2026-02-25T00:28:10","slug":"corrente-calibrada-de-aco-inoxidavel-8mm-x-50m-din766","status":"publish","type":"product","link":"https:\/\/stoic-curie.212-227-153-4.plesk.page\/pt\/product\/corrente-calibrada-de-aco-inoxidavel-8mm-x-50m-din766\/","title":{"rendered":"Corrente Calibrada de A\u00e7o Inoxid\u00e1vel 8mm x 50m Din766"},"content":{"rendered":"<p>Corrente Calibrada de A\u00e7o Inoxid\u00e1vel 8mm x 50m Din766 &#8211; <\/p>\n<p style=\"color: rgb(34, 34, 34); font-family: Arial, Helvetica, sans-serif; font-size: small;\">Corrente Calibrada de A\u00e7o Inoxid\u00e1vel DIN766 316L para Molinetes<\/p>\n<p style=\"color: rgb(34, 34, 34); font-family: Arial, Helvetica, sans-serif; font-size: small;\">Esta corrente calibrada DIN 766, constru\u00edda em a\u00e7o inoxid\u00e1vel A4-AISI 316, \u00e9 projetada para not\u00e1vel durabilidade e resist\u00eancia, especialmente para aplica\u00e7\u00f5es de molinetes. Ela se destaca em opera\u00e7\u00f5es de ancoragem e \u00e9 altamente eficaz para a seguran\u00e7a de b\u00f3ias, \u00e2ncoras e diversos equipamentos em ambientes marinhos. Ao contr\u00e1rio das correntes de ferro e a\u00e7o convencionais, as correntes de a\u00e7o inoxid\u00e1vel A4 oferecem resist\u00eancia excepcional \u00e0 corros\u00e3o, \u00e1gua salgada e \u00e1cidos, garantindo uma vida \u00fatil prolongada mesmo em ambientes marinhos exigentes. Com sua estabilidade not\u00e1vel e alta carga de ruptura &#8211; quatro vezes a carga de trabalho &#8211; esta corrente vers\u00e1til \u00e9 adequada para uma ampla gama de usos internos e externos. Est\u00e1 dispon\u00edvel em v\u00e1rios di\u00e2metros, tornando-se uma op\u00e7\u00e3o excelente para diversas necessidades n\u00e1uticas e al\u00e9m.<\/p>\n<p style=\"color: rgb(34, 34, 34); font-family: Arial, Helvetica, sans-serif; font-size: small;\"><strong>Corrente de Ancoragem em A\u00e7o Inoxid\u00e1vel G4: Fatos Essenciais, Caracter\u00edsticas e Benef\u00edcios<\/strong><\/p>\n<ul style=\"color: rgb(34, 34, 34); font-family: Arial, Helvetica, sans-serif; font-size: small;\">\n<li>Produzido de acordo com as especifica\u00e7\u00f5es G4<\/li>\n<li>Calibrado para atender aos padr\u00f5es DIN 766<\/li>\n<li>Acabamento polido para melhorar a atratividade visual<\/li>\n<li>Tratado termicamente para melhorar a resist\u00eancia \u00e0 corros\u00e3o<\/li>\n<li>Perfeito para ambientes com alto risco de corros\u00e3o, como \u00e1gua salgada<\/li>\n<li>Testado sob carga ap\u00f3s o t\u00e9rmino do processo de fabrica\u00e7\u00e3o<\/li>\n<li>Testado por lotes e certificado para assegurar a qualidade<\/li>\n<\/ul>\n","protected":false},"excerpt":{"rendered":"<p>Corrente Calibrada de A\u00e7o Inoxid\u00e1vel 8mm x 50m Din766 &#8211; Corrente Calibrada de A\u00e7o Inoxid\u00e1vel DIN766 316L para Molinetes Esta<\/p>\n","protected":false},"featured_media":5943932,"comment_status":"open","ping_status":"closed","template":"","meta":[],"product_brand":[3087],"product_cat":[1979,1907],"product_tag":[],"class_list":{"0":"post-749922","1":"product","2":"type-product","3":"status-publish","4":"has-post-thumbnail","6":"product_brand-maggigroup-pt","7":"product_cat-corrente-em-aco-inoxidavel","8":"product_cat-corrente-em-aco-inoxidavel-calibrada","10":"first","11":"instock","12":"shipping-taxable","13":"purchasable","14":"product-type-simple"},"_links":{"self":[{"href":"https:\/\/stoic-curie.212-227-153-4.plesk.page\/pt\/wp-json\/wp\/v2\/product\/749922","targetHints":{"allow":["GET"]}}],"collection":[{"href":"https:\/\/stoic-curie.212-227-153-4.plesk.page\/pt\/wp-json\/wp\/v2\/product"}],"about":[{"href":"https:\/\/stoic-curie.212-227-153-4.plesk.page\/pt\/wp-json\/wp\/v2\/types\/product"}],"replies":[{"embeddable":true,"href":"https:\/\/stoic-curie.212-227-153-4.plesk.page\/pt\/wp-json\/wp\/v2\/comments?post=749922"}],"version-history":[{"count":0,"href":"https:\/\/stoic-curie.212-227-153-4.plesk.page\/pt\/wp-json\/wp\/v2\/product\/749922\/revisions"}],"wp:featuredmedia":[{"embeddable":true,"href":"https:\/\/stoic-curie.212-227-153-4.plesk.page\/pt\/wp-json\/wp\/v2\/media\/5943932"}],"wp:attachment":[{"href":"https:\/\/stoic-curie.212-227-153-4.plesk.page\/pt\/wp-json\/wp\/v2\/media?parent=749922"}],"wp:term":[{"taxonomy":"product_brand","embeddable":true,"href":"https:\/\/stoic-curie.212-227-153-4.plesk.page\/pt\/wp-json\/wp\/v2\/product_brand?post=749922"},{"taxonomy":"product_cat","embeddable":true,"href":"https:\/\/stoic-curie.212-227-153-4.plesk.page\/pt\/wp-json\/wp\/v2\/product_cat?post=749922"},{"taxonomy":"product_tag","embeddable":true,"href":"https:\/\/stoic-curie.212-227-153-4.plesk.page\/pt\/wp-json\/wp\/v2\/product_tag?post=749922"}],"curies":[{"name":"wp","href":"https:\/\/api.w.org\/{rel}","templated":true}]}}