{"id":749929,"date":"2025-03-03T22:29:28","date_gmt":"2025-03-03T21:29:28","guid":{"rendered":"https:\/\/stoic-curie.212-227-153-4.plesk.page\/producto\/corrente-de-elo-longo-galvanizada-de-aco-30-105mm-x-50m\/"},"modified":"2026-02-25T00:28:10","modified_gmt":"2026-02-25T00:28:10","slug":"corrente-de-elo-longo-galvanizada-de-aco-30-105mm-x-50m","status":"publish","type":"product","link":"https:\/\/stoic-curie.212-227-153-4.plesk.page\/pt\/product\/corrente-de-elo-longo-galvanizada-de-aco-30-105mm-x-50m\/","title":{"rendered":"Corrente Galvanizada de A\u00e7o 30mm x 50mt"},"content":{"rendered":"<p>Corrente Galvanizada de A\u00e7o 30mm x 50mt &#8211; <\/p>\n<p>Corrente de a\u00e7o galvanizado a quente de alta qualidade, verificada na Europa.\u00a0<strong style=\"color: rgb(34, 34, 34); font-family: Arial, Helvetica, sans-serif; font-size: small;\">Corrente galvanizada a quente de 30 mm\u00a0<\/strong><span style=\"color: rgb(34, 34, 34); font-family: Arial, Helvetica, sans-serif; font-size: small;\">A nossa corrente galvanizada a quente \u00e9 meticulosamente fabricada a partir de a\u00e7o tradicional, que passa por um processo de galvaniza\u00e7\u00e3o, incluindo uma camada de zinco. Esta camada protetora foi especificamente projetada para evitar a ferrugem e a corros\u00e3o, garantindo que a corrente mantenha sua integridade e desempenho ao longo do tempo. A excepcional resist\u00eancia desta corrente, combinada com sua resist\u00eancia \u00e0 corros\u00e3o aprimorada, torna-a uma escolha ideal para uma ampla gama de aplica\u00e7\u00f5es marinhas e industriais. Precisa de uma solu\u00e7\u00e3o confi\u00e1vel para ambientes marinhos, como a seguran\u00e7a de barcos ou como parte do seu sistema de ancoragem, ou para tarefas industriais pesadas, esta corrente foi projetada para funcionar de forma consistente e confi\u00e1vel em diversas condi\u00e7\u00f5es desafiadoras.<\/span><\/p>\n<p style=\"color: rgb(34, 34, 34); font-family: Arial, Helvetica, sans-serif; font-size: small;\">O processo de galvaniza\u00e7\u00e3o garante um robusto revestimento de zinco que melhora significativamente a durabilidade e a longevidade da corrente. Entendemos que diferentes projetos t\u00eam requisitos \u00fanicos, por isso oferecemos esta corrente em v\u00e1rias tamanhos e comprimentos para atender \u00e0s suas necessidades espec\u00edficas.<\/p>\n<p style=\"color: rgb(34, 34, 34); font-family: Arial, Helvetica, sans-serif; font-size: small;\"><strong>Principais Caracter\u00edsticas:<\/strong><\/p>\n<ul style=\"color: rgb(34, 34, 34); font-family: Arial, Helvetica, sans-serif; font-size: small;\">\n<li>Corrente calibrada de alta qualidade fabricada na Europa, garantindo a conformidade com rigorosos padr\u00f5es de qualidade.<\/li>\n<li>Galvanizada a quente para prote\u00e7\u00e3o superior contra os elementos, tornando-a adequada para ambientes de \u00e1gua doce e salgada.<\/li>\n<li>Ideal para uso como corrente de ancoragem ou amarra\u00e7\u00e3o, oferecendo a for\u00e7a e a confiabilidade necess\u00e1rias para navega\u00e7\u00e3o segura.<\/li>\n<\/ul>\n<p style=\"color: rgb(34, 34, 34); font-family: Arial, Helvetica, sans-serif; font-size: small;\">Ao escolher a nossa corrente galvanizada, voc\u00ea est\u00e1 investindo em um desempenho confi\u00e1vel e tranquilidade para todas as suas necessidades n\u00e1uticas e industriais. Estamos comprometidos em oferecer produtos de alta qualidade que atendam \u00e0s suas expectativas e melhorem sua experi\u00eancia na \u00e1gua ou no trabalho. Confie em nossa experi\u00eancia e dedica\u00e7\u00e3o \u00e0 qualidade para o seu pr\u00f3ximo projeto.<\/p>\n","protected":false},"excerpt":{"rendered":"<p>Corrente Galvanizada de A\u00e7o 30mm x 50mt &#8211; Corrente de a\u00e7o galvanizado a quente de alta qualidade, verificada na Europa.\u00a0Corrente<\/p>\n","protected":false},"featured_media":5945037,"comment_status":"open","ping_status":"closed","template":"","meta":[],"product_brand":[3087],"product_cat":[1972],"product_tag":[],"class_list":{"0":"post-749929","1":"product","2":"type-product","3":"status-publish","4":"has-post-thumbnail","6":"product_brand-maggigroup-pt","7":"product_cat-corrente-galvanizada","9":"first","10":"instock","11":"shipping-taxable","12":"purchasable","13":"product-type-simple"},"_links":{"self":[{"href":"https:\/\/stoic-curie.212-227-153-4.plesk.page\/pt\/wp-json\/wp\/v2\/product\/749929","targetHints":{"allow":["GET"]}}],"collection":[{"href":"https:\/\/stoic-curie.212-227-153-4.plesk.page\/pt\/wp-json\/wp\/v2\/product"}],"about":[{"href":"https:\/\/stoic-curie.212-227-153-4.plesk.page\/pt\/wp-json\/wp\/v2\/types\/product"}],"replies":[{"embeddable":true,"href":"https:\/\/stoic-curie.212-227-153-4.plesk.page\/pt\/wp-json\/wp\/v2\/comments?post=749929"}],"version-history":[{"count":0,"href":"https:\/\/stoic-curie.212-227-153-4.plesk.page\/pt\/wp-json\/wp\/v2\/product\/749929\/revisions"}],"wp:featuredmedia":[{"embeddable":true,"href":"https:\/\/stoic-curie.212-227-153-4.plesk.page\/pt\/wp-json\/wp\/v2\/media\/5945037"}],"wp:attachment":[{"href":"https:\/\/stoic-curie.212-227-153-4.plesk.page\/pt\/wp-json\/wp\/v2\/media?parent=749929"}],"wp:term":[{"taxonomy":"product_brand","embeddable":true,"href":"https:\/\/stoic-curie.212-227-153-4.plesk.page\/pt\/wp-json\/wp\/v2\/product_brand?post=749929"},{"taxonomy":"product_cat","embeddable":true,"href":"https:\/\/stoic-curie.212-227-153-4.plesk.page\/pt\/wp-json\/wp\/v2\/product_cat?post=749929"},{"taxonomy":"product_tag","embeddable":true,"href":"https:\/\/stoic-curie.212-227-153-4.plesk.page\/pt\/wp-json\/wp\/v2\/product_tag?post=749929"}],"curies":[{"name":"wp","href":"https:\/\/api.w.org\/{rel}","templated":true}]}}