{"id":749933,"date":"2025-03-03T22:29:30","date_gmt":"2025-03-03T21:29:30","guid":{"rendered":"https:\/\/stoic-curie.212-227-153-4.plesk.page\/producto\/conector-duplo-giratorio-em-aco-inoxidavel-douglas-marine-trimmer-10-12mm-12000kg\/"},"modified":"2026-02-25T00:28:10","modified_gmt":"2026-02-25T00:28:10","slug":"conector-duplo-giratorio-em-aco-inoxidavel-douglas-marine-trimmer-10-12mm-12000kg","status":"publish","type":"product","link":"https:\/\/stoic-curie.212-227-153-4.plesk.page\/pt\/product\/conector-duplo-giratorio-em-aco-inoxidavel-douglas-marine-trimmer-10-12mm-12000kg\/","title":{"rendered":"Conector Duplo Girat\u00f3rio em A\u00e7o Inoxid\u00e1vel Douglas Marine Trimmer 10-12mm (12000kg)"},"content":{"rendered":"<p>Conector Duplo Girat\u00f3rio em A\u00e7o Inoxid\u00e1vel Douglas Marine Trimmer 10-12mm (12000kg) &#8211; <\/p>\n<p>\u00c2ncora de a\u00e7o inoxid\u00e1vel tipo Douglas com cabe\u00e7a de dupla rota\u00e7\u00e3o e conector em garfo. Funciona na \u00e2ncora de proa sem emperrar e evita que a corrente se enrosque. Permite puxar e armazenar \u00e2ncoras perfeitamente nos rolos de proa. Nenhum elo extra \u00e9 necess\u00e1rio para conectar as \u00e2ncoras.<br \/>0133428 para \u00e2ncoras de 7 a 16 Kg<br \/>0133432 para \u00e2ncoras de 20 a 30 Kg<br \/>0133433 para \u00e2ncoras de 30 a 50 Kg<\/p>\n","protected":false},"excerpt":{"rendered":"<p>Conector Duplo Girat\u00f3rio em A\u00e7o Inoxid\u00e1vel Douglas Marine Trimmer 10-12mm (12000kg) &#8211; \u00c2ncora de a\u00e7o inoxid\u00e1vel tipo Douglas com cabe\u00e7a<\/p>\n","protected":false},"featured_media":5945044,"comment_status":"open","ping_status":"closed","template":"","meta":[],"product_brand":[2902],"product_cat":[2152],"product_tag":[],"class_list":{"0":"post-749933","1":"product","2":"type-product","3":"status-publish","4":"has-post-thumbnail","6":"product_brand-douglas-marine-pt","7":"product_cat-destorcedores-de-ancora","9":"first","10":"instock","11":"shipping-taxable","12":"purchasable","13":"product-type-simple"},"_links":{"self":[{"href":"https:\/\/stoic-curie.212-227-153-4.plesk.page\/pt\/wp-json\/wp\/v2\/product\/749933","targetHints":{"allow":["GET"]}}],"collection":[{"href":"https:\/\/stoic-curie.212-227-153-4.plesk.page\/pt\/wp-json\/wp\/v2\/product"}],"about":[{"href":"https:\/\/stoic-curie.212-227-153-4.plesk.page\/pt\/wp-json\/wp\/v2\/types\/product"}],"replies":[{"embeddable":true,"href":"https:\/\/stoic-curie.212-227-153-4.plesk.page\/pt\/wp-json\/wp\/v2\/comments?post=749933"}],"version-history":[{"count":0,"href":"https:\/\/stoic-curie.212-227-153-4.plesk.page\/pt\/wp-json\/wp\/v2\/product\/749933\/revisions"}],"wp:featuredmedia":[{"embeddable":true,"href":"https:\/\/stoic-curie.212-227-153-4.plesk.page\/pt\/wp-json\/wp\/v2\/media\/5945044"}],"wp:attachment":[{"href":"https:\/\/stoic-curie.212-227-153-4.plesk.page\/pt\/wp-json\/wp\/v2\/media?parent=749933"}],"wp:term":[{"taxonomy":"product_brand","embeddable":true,"href":"https:\/\/stoic-curie.212-227-153-4.plesk.page\/pt\/wp-json\/wp\/v2\/product_brand?post=749933"},{"taxonomy":"product_cat","embeddable":true,"href":"https:\/\/stoic-curie.212-227-153-4.plesk.page\/pt\/wp-json\/wp\/v2\/product_cat?post=749933"},{"taxonomy":"product_tag","embeddable":true,"href":"https:\/\/stoic-curie.212-227-153-4.plesk.page\/pt\/wp-json\/wp\/v2\/product_tag?post=749933"}],"curies":[{"name":"wp","href":"https:\/\/api.w.org\/{rel}","templated":true}]}}