{"id":749935,"date":"2025-03-03T22:29:30","date_gmt":"2025-03-03T21:29:30","guid":{"rendered":"https:\/\/stoic-curie.212-227-153-4.plesk.page\/producto\/cunho-de-aluminio-anodizado-com-duplo-pino-200mm\/"},"modified":"2026-02-25T00:28:11","modified_gmt":"2026-02-25T00:28:11","slug":"cunho-de-aluminio-anodizado-com-duplo-pino-200mm","status":"publish","type":"product","link":"https:\/\/stoic-curie.212-227-153-4.plesk.page\/pt\/product\/cunho-de-aluminio-anodizado-com-duplo-pino-200mm\/","title":{"rendered":"Cunho de Alum\u00ednio Anodizado com Duplo Pino 200mm"},"content":{"rendered":"<p>Cunho de Alum\u00ednio Anodizado com Duplo Pino 200mm &#8211; <\/p>\n<p>Cleat de alum\u00ednio anodizado de eixo duplo cl\u00e1ssico. Base com 6 furos para parafusos.<\/p>\n","protected":false},"excerpt":{"rendered":"<p>Cunho de Alum\u00ednio Anodizado com Duplo Pino 200mm &#8211; Cleat de alum\u00ednio anodizado de eixo duplo cl\u00e1ssico. Base com 6<\/p>\n","protected":false},"featured_media":5945057,"comment_status":"open","ping_status":"closed","template":"","meta":[],"product_brand":[3207],"product_cat":[1999],"product_tag":[],"class_list":{"0":"post-749935","1":"product","2":"type-product","3":"status-publish","4":"has-post-thumbnail","6":"product_brand-nova-argonautica-pt","7":"product_cat-cabecos-e-malaguetas","9":"first","10":"instock","11":"shipping-taxable","12":"purchasable","13":"product-type-simple"},"_links":{"self":[{"href":"https:\/\/stoic-curie.212-227-153-4.plesk.page\/pt\/wp-json\/wp\/v2\/product\/749935","targetHints":{"allow":["GET"]}}],"collection":[{"href":"https:\/\/stoic-curie.212-227-153-4.plesk.page\/pt\/wp-json\/wp\/v2\/product"}],"about":[{"href":"https:\/\/stoic-curie.212-227-153-4.plesk.page\/pt\/wp-json\/wp\/v2\/types\/product"}],"replies":[{"embeddable":true,"href":"https:\/\/stoic-curie.212-227-153-4.plesk.page\/pt\/wp-json\/wp\/v2\/comments?post=749935"}],"version-history":[{"count":0,"href":"https:\/\/stoic-curie.212-227-153-4.plesk.page\/pt\/wp-json\/wp\/v2\/product\/749935\/revisions"}],"wp:featuredmedia":[{"embeddable":true,"href":"https:\/\/stoic-curie.212-227-153-4.plesk.page\/pt\/wp-json\/wp\/v2\/media\/5945057"}],"wp:attachment":[{"href":"https:\/\/stoic-curie.212-227-153-4.plesk.page\/pt\/wp-json\/wp\/v2\/media?parent=749935"}],"wp:term":[{"taxonomy":"product_brand","embeddable":true,"href":"https:\/\/stoic-curie.212-227-153-4.plesk.page\/pt\/wp-json\/wp\/v2\/product_brand?post=749935"},{"taxonomy":"product_cat","embeddable":true,"href":"https:\/\/stoic-curie.212-227-153-4.plesk.page\/pt\/wp-json\/wp\/v2\/product_cat?post=749935"},{"taxonomy":"product_tag","embeddable":true,"href":"https:\/\/stoic-curie.212-227-153-4.plesk.page\/pt\/wp-json\/wp\/v2\/product_tag?post=749935"}],"curies":[{"name":"wp","href":"https:\/\/api.w.org\/{rel}","templated":true}]}}