{"id":749939,"date":"2025-03-03T22:29:31","date_gmt":"2025-03-03T21:29:31","guid":{"rendered":"https:\/\/stoic-curie.212-227-153-4.plesk.page\/producto\/roletas-de-aco-inoxidavel-com-roldanas-340-x-160mm\/"},"modified":"2026-02-25T00:28:11","modified_gmt":"2026-02-25T00:28:11","slug":"roletas-de-aco-inoxidavel-com-roldanas-340-x-160mm","status":"publish","type":"product","link":"https:\/\/stoic-curie.212-227-153-4.plesk.page\/pt\/product\/roletas-de-aco-inoxidavel-com-roldanas-340-x-160mm\/","title":{"rendered":"Roletas de A\u00e7o Inoxid\u00e1vel com Roldanas 340 x 160mm"},"content":{"rendered":"<p>Roletas de A\u00e7o Inoxid\u00e1vel com Roldanas 340 x 160mm &#8211; <\/p>\n<p>Tubo hawse em a\u00e7o inoxid\u00e1vel AISI 316 com rolos. Montagem de flange em parafusos. O pesco\u00e7o deve ser cortado de acordo com a espessura desejada. Pesco\u00e7o H 125 mm.<\/p>\n","protected":false},"excerpt":{"rendered":"<p>Roletas de A\u00e7o Inoxid\u00e1vel com Roldanas 340 x 160mm &#8211; Tubo hawse em a\u00e7o inoxid\u00e1vel AISI 316 com rolos. Montagem<\/p>\n","protected":false},"featured_media":5945061,"comment_status":"open","ping_status":"closed","template":"","meta":[],"product_brand":[3122],"product_cat":[1964],"product_tag":[],"class_list":{"0":"post-749939","1":"product","2":"type-product","3":"status-publish","4":"has-post-thumbnail","6":"product_brand-marinetech-pt","7":"product_cat-castanhas","9":"first","10":"instock","11":"shipping-taxable","12":"purchasable","13":"product-type-simple"},"_links":{"self":[{"href":"https:\/\/stoic-curie.212-227-153-4.plesk.page\/pt\/wp-json\/wp\/v2\/product\/749939","targetHints":{"allow":["GET"]}}],"collection":[{"href":"https:\/\/stoic-curie.212-227-153-4.plesk.page\/pt\/wp-json\/wp\/v2\/product"}],"about":[{"href":"https:\/\/stoic-curie.212-227-153-4.plesk.page\/pt\/wp-json\/wp\/v2\/types\/product"}],"replies":[{"embeddable":true,"href":"https:\/\/stoic-curie.212-227-153-4.plesk.page\/pt\/wp-json\/wp\/v2\/comments?post=749939"}],"version-history":[{"count":0,"href":"https:\/\/stoic-curie.212-227-153-4.plesk.page\/pt\/wp-json\/wp\/v2\/product\/749939\/revisions"}],"wp:featuredmedia":[{"embeddable":true,"href":"https:\/\/stoic-curie.212-227-153-4.plesk.page\/pt\/wp-json\/wp\/v2\/media\/5945061"}],"wp:attachment":[{"href":"https:\/\/stoic-curie.212-227-153-4.plesk.page\/pt\/wp-json\/wp\/v2\/media?parent=749939"}],"wp:term":[{"taxonomy":"product_brand","embeddable":true,"href":"https:\/\/stoic-curie.212-227-153-4.plesk.page\/pt\/wp-json\/wp\/v2\/product_brand?post=749939"},{"taxonomy":"product_cat","embeddable":true,"href":"https:\/\/stoic-curie.212-227-153-4.plesk.page\/pt\/wp-json\/wp\/v2\/product_cat?post=749939"},{"taxonomy":"product_tag","embeddable":true,"href":"https:\/\/stoic-curie.212-227-153-4.plesk.page\/pt\/wp-json\/wp\/v2\/product_tag?post=749939"}],"curies":[{"name":"wp","href":"https:\/\/api.w.org\/{rel}","templated":true}]}}