{"id":749943,"date":"2025-03-03T22:29:33","date_gmt":"2025-03-03T21:29:33","guid":{"rendered":"https:\/\/stoic-curie.212-227-153-4.plesk.page\/producto\/comando-remoto-quick-hrc-multipurpose-6-botoes-lanterna-led\/"},"modified":"2026-02-25T00:28:11","modified_gmt":"2026-02-25T00:28:11","slug":"comando-remoto-quick-hrc-multipurpose-6-botoes-lanterna-led","status":"publish","type":"product","link":"https:\/\/stoic-curie.212-227-153-4.plesk.page\/pt\/product\/comando-remoto-quick-hrc-multipurpose-6-botoes-lanterna-led\/","title":{"rendered":"Comando Remoto Quick Hrc Multipurpose 6 Bot\u00f5es + Lanterna LED"},"content":{"rendered":"<p>Comando Remoto Quick Hrc Multipurpose 6 Bot\u00f5es + Lanterna LED &#8211; <\/p>\n<p>Controles remotos \u00e0 prova d&#8217;\u00e1gua HRC utilizados para operar guindastes, passarelas, escadas marinhas, guinchos, etc. Constru\u00eddos com inser\u00e7\u00f5es de borracha \u00e0 prova de choque para melhorar a ader\u00eancia. Com cabo extens\u00edvel de at\u00e9 4,2 metros, plugue \u00e0 prova d&#8217;\u00e1gua, suporte e luz LED integrada a pedido.<\/p>\n","protected":false},"excerpt":{"rendered":"<p>Comando Remoto Quick Hrc Multipurpose 6 Bot\u00f5es + Lanterna LED &#8211; Controles remotos \u00e0 prova d&#8217;\u00e1gua HRC utilizados para operar<\/p>\n","protected":false},"featured_media":5944221,"comment_status":"open","ping_status":"closed","template":"","meta":[],"product_brand":[3282],"product_cat":[1898],"product_tag":[],"class_list":{"0":"post-749943","1":"product","2":"type-product","3":"status-publish","4":"has-post-thumbnail","6":"product_brand-quick-pt","7":"product_cat-molinetes-quick-amarracao-e-fundear","9":"first","10":"instock","11":"shipping-taxable","12":"purchasable","13":"product-type-simple"},"_links":{"self":[{"href":"https:\/\/stoic-curie.212-227-153-4.plesk.page\/pt\/wp-json\/wp\/v2\/product\/749943","targetHints":{"allow":["GET"]}}],"collection":[{"href":"https:\/\/stoic-curie.212-227-153-4.plesk.page\/pt\/wp-json\/wp\/v2\/product"}],"about":[{"href":"https:\/\/stoic-curie.212-227-153-4.plesk.page\/pt\/wp-json\/wp\/v2\/types\/product"}],"replies":[{"embeddable":true,"href":"https:\/\/stoic-curie.212-227-153-4.plesk.page\/pt\/wp-json\/wp\/v2\/comments?post=749943"}],"version-history":[{"count":0,"href":"https:\/\/stoic-curie.212-227-153-4.plesk.page\/pt\/wp-json\/wp\/v2\/product\/749943\/revisions"}],"wp:featuredmedia":[{"embeddable":true,"href":"https:\/\/stoic-curie.212-227-153-4.plesk.page\/pt\/wp-json\/wp\/v2\/media\/5944221"}],"wp:attachment":[{"href":"https:\/\/stoic-curie.212-227-153-4.plesk.page\/pt\/wp-json\/wp\/v2\/media?parent=749943"}],"wp:term":[{"taxonomy":"product_brand","embeddable":true,"href":"https:\/\/stoic-curie.212-227-153-4.plesk.page\/pt\/wp-json\/wp\/v2\/product_brand?post=749943"},{"taxonomy":"product_cat","embeddable":true,"href":"https:\/\/stoic-curie.212-227-153-4.plesk.page\/pt\/wp-json\/wp\/v2\/product_cat?post=749943"},{"taxonomy":"product_tag","embeddable":true,"href":"https:\/\/stoic-curie.212-227-153-4.plesk.page\/pt\/wp-json\/wp\/v2\/product_tag?post=749943"}],"curies":[{"name":"wp","href":"https:\/\/api.w.org\/{rel}","templated":true}]}}