{"id":749944,"date":"2025-03-03T22:31:51","date_gmt":"2025-03-03T21:31:51","guid":{"rendered":"https:\/\/stoic-curie.212-227-153-4.plesk.page\/producto\/comando-remoto-quick-up-down-chain-counter-2-botoes-lanterna-led\/"},"modified":"2026-02-25T00:28:11","modified_gmt":"2026-02-25T00:28:11","slug":"comando-remoto-quick-up-down-chain-counter-2-botoes-lanterna-led","status":"publish","type":"product","link":"https:\/\/stoic-curie.212-227-153-4.plesk.page\/pt\/product\/comando-remoto-quick-up-down-chain-counter-2-botoes-lanterna-led\/","title":{"rendered":"Comando Remoto Quick Up-Down Chain-Counter 2 Bot\u00f5es + Lanterna LED"},"content":{"rendered":"<p>Comando Remoto Quick Up-Down Chain-Counter 2 Bot\u00f5es + Lanterna LED &#8211; <\/p>\n<p>Contador de corrente port\u00e1til IP67 12\/24V para cima e para baixo com cabo extens\u00edvel de 4,2 m e luz LED integrada. Equipado com ficha \u00e0 prova d&#8217;\u00e1gua, sensor de contador de corrente e suporte. Com fun\u00e7\u00f5es autom\u00e1ticas de alarme de queda e eleva\u00e7\u00e3o, conta o comprimento da corrente liberada em p\u00e9s ou metros, bem como sua velocidade e voltagem de alimenta\u00e7\u00e3o. Display dimm\u00e1vel em 5 idiomas, bot\u00f5es retroiluminados e interface de dados CAN bus.<\/p>\n","protected":false},"excerpt":{"rendered":"<p>Comando Remoto Quick Up-Down Chain-Counter 2 Bot\u00f5es + Lanterna LED &#8211; Contador de corrente port\u00e1til IP67 12\/24V para cima e<\/p>\n","protected":false},"featured_media":5945069,"comment_status":"open","ping_status":"closed","template":"","meta":[],"product_brand":[3282],"product_cat":[1898],"product_tag":[],"class_list":{"0":"post-749944","1":"product","2":"type-product","3":"status-publish","4":"has-post-thumbnail","6":"product_brand-quick-pt","7":"product_cat-molinetes-quick-amarracao-e-fundear","9":"first","10":"instock","11":"shipping-taxable","12":"purchasable","13":"product-type-simple"},"_links":{"self":[{"href":"https:\/\/stoic-curie.212-227-153-4.plesk.page\/pt\/wp-json\/wp\/v2\/product\/749944","targetHints":{"allow":["GET"]}}],"collection":[{"href":"https:\/\/stoic-curie.212-227-153-4.plesk.page\/pt\/wp-json\/wp\/v2\/product"}],"about":[{"href":"https:\/\/stoic-curie.212-227-153-4.plesk.page\/pt\/wp-json\/wp\/v2\/types\/product"}],"replies":[{"embeddable":true,"href":"https:\/\/stoic-curie.212-227-153-4.plesk.page\/pt\/wp-json\/wp\/v2\/comments?post=749944"}],"version-history":[{"count":0,"href":"https:\/\/stoic-curie.212-227-153-4.plesk.page\/pt\/wp-json\/wp\/v2\/product\/749944\/revisions"}],"wp:featuredmedia":[{"embeddable":true,"href":"https:\/\/stoic-curie.212-227-153-4.plesk.page\/pt\/wp-json\/wp\/v2\/media\/5945069"}],"wp:attachment":[{"href":"https:\/\/stoic-curie.212-227-153-4.plesk.page\/pt\/wp-json\/wp\/v2\/media?parent=749944"}],"wp:term":[{"taxonomy":"product_brand","embeddable":true,"href":"https:\/\/stoic-curie.212-227-153-4.plesk.page\/pt\/wp-json\/wp\/v2\/product_brand?post=749944"},{"taxonomy":"product_cat","embeddable":true,"href":"https:\/\/stoic-curie.212-227-153-4.plesk.page\/pt\/wp-json\/wp\/v2\/product_cat?post=749944"},{"taxonomy":"product_tag","embeddable":true,"href":"https:\/\/stoic-curie.212-227-153-4.plesk.page\/pt\/wp-json\/wp\/v2\/product_tag?post=749944"}],"curies":[{"name":"wp","href":"https:\/\/api.w.org\/{rel}","templated":true}]}}