{"id":749945,"date":"2025-03-03T22:33:26","date_gmt":"2025-03-03T21:33:26","guid":{"rendered":"https:\/\/stoic-curie.212-227-153-4.plesk.page\/producto\/receptores-rapidos-de-6-canais\/"},"modified":"2026-02-25T00:28:11","modified_gmt":"2026-02-25T00:28:11","slug":"receptores-rapidos-de-6-canais","status":"publish","type":"product","link":"https:\/\/stoic-curie.212-227-153-4.plesk.page\/pt\/product\/receptores-rapidos-de-6-canais\/","title":{"rendered":"Receptores Quick RRC de 6 Canais"},"content":{"rendered":"<p>Receptores Quick RRC de 6 Canais &#8211; <\/p>\n<p>Receptores de controle remoto por r\u00e1dio de 2 a 12 rel\u00e9s\/canais, fonte de alimenta\u00e7\u00e3o universal 12\/24V e consumo de energia otimizado de 25mA. <br \/> Com LED de status de opera\u00e7\u00e3o de 7 n\u00edveis e indicador de display. <br \/> Invers\u00e3o de polaridade e prote\u00e7\u00e3o contra bateria fraca. <br \/> Pode armazenar at\u00e9 50 transmissores. <br \/> Duas fun\u00e7\u00f5es podem ser ativadas simultaneamente. <br \/> Pode ser conectado a uma antena externa.<\/p>\n","protected":false},"excerpt":{"rendered":"<p>Receptores Quick RRC de 6 Canais &#8211; Receptores de controle remoto por r\u00e1dio de 2 a 12 rel\u00e9s\/canais, fonte de<\/p>\n","protected":false},"featured_media":5938500,"comment_status":"open","ping_status":"closed","template":"","meta":[],"product_brand":[3282],"product_cat":[1898,1897],"product_tag":[],"class_list":{"0":"post-749945","1":"product","2":"type-product","3":"status-publish","4":"has-post-thumbnail","6":"product_brand-quick-pt","7":"product_cat-molinetes-quick-amarracao-e-fundear","8":"product_cat-motores-de-proa-quick","10":"first","11":"instock","12":"shipping-taxable","13":"purchasable","14":"product-type-simple"},"_links":{"self":[{"href":"https:\/\/stoic-curie.212-227-153-4.plesk.page\/pt\/wp-json\/wp\/v2\/product\/749945","targetHints":{"allow":["GET"]}}],"collection":[{"href":"https:\/\/stoic-curie.212-227-153-4.plesk.page\/pt\/wp-json\/wp\/v2\/product"}],"about":[{"href":"https:\/\/stoic-curie.212-227-153-4.plesk.page\/pt\/wp-json\/wp\/v2\/types\/product"}],"replies":[{"embeddable":true,"href":"https:\/\/stoic-curie.212-227-153-4.plesk.page\/pt\/wp-json\/wp\/v2\/comments?post=749945"}],"version-history":[{"count":0,"href":"https:\/\/stoic-curie.212-227-153-4.plesk.page\/pt\/wp-json\/wp\/v2\/product\/749945\/revisions"}],"wp:featuredmedia":[{"embeddable":true,"href":"https:\/\/stoic-curie.212-227-153-4.plesk.page\/pt\/wp-json\/wp\/v2\/media\/5938500"}],"wp:attachment":[{"href":"https:\/\/stoic-curie.212-227-153-4.plesk.page\/pt\/wp-json\/wp\/v2\/media?parent=749945"}],"wp:term":[{"taxonomy":"product_brand","embeddable":true,"href":"https:\/\/stoic-curie.212-227-153-4.plesk.page\/pt\/wp-json\/wp\/v2\/product_brand?post=749945"},{"taxonomy":"product_cat","embeddable":true,"href":"https:\/\/stoic-curie.212-227-153-4.plesk.page\/pt\/wp-json\/wp\/v2\/product_cat?post=749945"},{"taxonomy":"product_tag","embeddable":true,"href":"https:\/\/stoic-curie.212-227-153-4.plesk.page\/pt\/wp-json\/wp\/v2\/product_tag?post=749945"}],"curies":[{"name":"wp","href":"https:\/\/api.w.org\/{rel}","templated":true}]}}