{"id":749950,"date":"2025-03-03T22:33:28","date_gmt":"2025-03-03T21:33:28","guid":{"rendered":"https:\/\/stoic-curie.212-227-153-4.plesk.page\/producto\/corda-de-amarracao-squareline-evolution-white-line-12mm-x-200m\/"},"modified":"2026-02-25T00:28:11","modified_gmt":"2026-02-25T00:28:11","slug":"corda-de-amarracao-squareline-evolution-white-line-12mm-x-200m","status":"publish","type":"product","link":"https:\/\/stoic-curie.212-227-153-4.plesk.page\/pt\/product\/corda-de-amarracao-squareline-evolution-white-line-12mm-x-200m\/","title":{"rendered":"Corda de Amarra\u00e7\u00e3o Squareline Evolution White Line 12mm x 200m"},"content":{"rendered":"<p>Corda de Amarra\u00e7\u00e3o Squareline Evolution White Line 12mm x 200m &#8211; <\/p>\n<p>Corda de ancoragem e atracagem de poli\u00e9ster de alta qualidade, resistente \u00e0 abras\u00e3o e de alta tenacidade com 12 fios torcidos. Manuseio suave, sem tor\u00e7\u00f5es. N\u00e3o flutua. daN = resist\u00eancia \u00e0 ruptura em kg<\/p>\n","protected":false},"excerpt":{"rendered":"<p>Corda de Amarra\u00e7\u00e3o Squareline Evolution White Line 12mm x 200m &#8211; Corda de ancoragem e atracagem de poli\u00e9ster de alta<\/p>\n","protected":false},"featured_media":5944348,"comment_status":"open","ping_status":"closed","template":"","meta":[],"product_brand":[3102],"product_cat":[1909],"product_tag":[],"class_list":{"0":"post-749950","1":"product","2":"type-product","3":"status-publish","4":"has-post-thumbnail","6":"product_brand-marco-benvenuti-pt","7":"product_cat-cabos-de-amarracao","9":"first","10":"instock","11":"shipping-taxable","12":"purchasable","13":"product-type-simple"},"_links":{"self":[{"href":"https:\/\/stoic-curie.212-227-153-4.plesk.page\/pt\/wp-json\/wp\/v2\/product\/749950","targetHints":{"allow":["GET"]}}],"collection":[{"href":"https:\/\/stoic-curie.212-227-153-4.plesk.page\/pt\/wp-json\/wp\/v2\/product"}],"about":[{"href":"https:\/\/stoic-curie.212-227-153-4.plesk.page\/pt\/wp-json\/wp\/v2\/types\/product"}],"replies":[{"embeddable":true,"href":"https:\/\/stoic-curie.212-227-153-4.plesk.page\/pt\/wp-json\/wp\/v2\/comments?post=749950"}],"version-history":[{"count":0,"href":"https:\/\/stoic-curie.212-227-153-4.plesk.page\/pt\/wp-json\/wp\/v2\/product\/749950\/revisions"}],"wp:featuredmedia":[{"embeddable":true,"href":"https:\/\/stoic-curie.212-227-153-4.plesk.page\/pt\/wp-json\/wp\/v2\/media\/5944348"}],"wp:attachment":[{"href":"https:\/\/stoic-curie.212-227-153-4.plesk.page\/pt\/wp-json\/wp\/v2\/media?parent=749950"}],"wp:term":[{"taxonomy":"product_brand","embeddable":true,"href":"https:\/\/stoic-curie.212-227-153-4.plesk.page\/pt\/wp-json\/wp\/v2\/product_brand?post=749950"},{"taxonomy":"product_cat","embeddable":true,"href":"https:\/\/stoic-curie.212-227-153-4.plesk.page\/pt\/wp-json\/wp\/v2\/product_cat?post=749950"},{"taxonomy":"product_tag","embeddable":true,"href":"https:\/\/stoic-curie.212-227-153-4.plesk.page\/pt\/wp-json\/wp\/v2\/product_tag?post=749950"}],"curies":[{"name":"wp","href":"https:\/\/api.w.org\/{rel}","templated":true}]}}