{"id":749965,"date":"2025-03-03T22:33:33","date_gmt":"2025-03-03T21:33:33","guid":{"rendered":"https:\/\/stoic-curie.212-227-153-4.plesk.page\/producto\/corda-trancada-de-amarracao-preto-e-branco-10mm-x-200m\/"},"modified":"2026-02-25T00:28:11","modified_gmt":"2026-02-25T00:28:11","slug":"corda-trancada-de-amarracao-preto-e-branco-10mm-x-200m","status":"publish","type":"product","link":"https:\/\/stoic-curie.212-227-153-4.plesk.page\/pt\/product\/corda-trancada-de-amarracao-preto-e-branco-10mm-x-200m\/","title":{"rendered":"Corda Tran\u00e7ada de Amarra\u00e7\u00e3o Preto e Branco 10mm x 200m"},"content":{"rendered":"<p>Corda Tran\u00e7ada de Amarra\u00e7\u00e3o Preto e Branco 10mm x 200m &#8211; <\/p>\n<p>Corda dupla tran\u00e7ada de 16 fios com c\u00f3digo de cores, feita de poli\u00e9ster para ancoragem e amarra\u00e7\u00e3o. F\u00e1cil de manusear, extremamente resistente \u00e0 tra\u00e7\u00e3o e ao desgaste, assegurando alta resili\u00eancia. N\u00e3o flutua. daN = resist\u00eancia \u00e0 ruptura em kg.<\/p>\n","protected":false},"excerpt":{"rendered":"<p>Corda Tran\u00e7ada de Amarra\u00e7\u00e3o Preto e Branco 10mm x 200m &#8211; Corda dupla tran\u00e7ada de 16 fios com c\u00f3digo de<\/p>\n","protected":false},"featured_media":5945071,"comment_status":"open","ping_status":"closed","template":"","meta":[],"product_brand":[3102],"product_cat":[1909,2149],"product_tag":[],"class_list":{"0":"post-749965","1":"product","2":"type-product","3":"status-publish","4":"has-post-thumbnail","6":"product_brand-marco-benvenuti-pt","7":"product_cat-cabos-de-amarracao","8":"product_cat-cabos-de-fundear","10":"first","11":"instock","12":"shipping-taxable","13":"purchasable","14":"product-type-simple"},"_links":{"self":[{"href":"https:\/\/stoic-curie.212-227-153-4.plesk.page\/pt\/wp-json\/wp\/v2\/product\/749965","targetHints":{"allow":["GET"]}}],"collection":[{"href":"https:\/\/stoic-curie.212-227-153-4.plesk.page\/pt\/wp-json\/wp\/v2\/product"}],"about":[{"href":"https:\/\/stoic-curie.212-227-153-4.plesk.page\/pt\/wp-json\/wp\/v2\/types\/product"}],"replies":[{"embeddable":true,"href":"https:\/\/stoic-curie.212-227-153-4.plesk.page\/pt\/wp-json\/wp\/v2\/comments?post=749965"}],"version-history":[{"count":0,"href":"https:\/\/stoic-curie.212-227-153-4.plesk.page\/pt\/wp-json\/wp\/v2\/product\/749965\/revisions"}],"wp:featuredmedia":[{"embeddable":true,"href":"https:\/\/stoic-curie.212-227-153-4.plesk.page\/pt\/wp-json\/wp\/v2\/media\/5945071"}],"wp:attachment":[{"href":"https:\/\/stoic-curie.212-227-153-4.plesk.page\/pt\/wp-json\/wp\/v2\/media?parent=749965"}],"wp:term":[{"taxonomy":"product_brand","embeddable":true,"href":"https:\/\/stoic-curie.212-227-153-4.plesk.page\/pt\/wp-json\/wp\/v2\/product_brand?post=749965"},{"taxonomy":"product_cat","embeddable":true,"href":"https:\/\/stoic-curie.212-227-153-4.plesk.page\/pt\/wp-json\/wp\/v2\/product_cat?post=749965"},{"taxonomy":"product_tag","embeddable":true,"href":"https:\/\/stoic-curie.212-227-153-4.plesk.page\/pt\/wp-json\/wp\/v2\/product_tag?post=749965"}],"curies":[{"name":"wp","href":"https:\/\/api.w.org\/{rel}","templated":true}]}}