{"id":750002,"date":"2025-03-03T22:33:46","date_gmt":"2025-03-03T21:33:46","guid":{"rendered":"https:\/\/stoic-curie.212-227-153-4.plesk.page\/producto\/liros-handy-elastic-16mm-x100mts-azul-marinho\/"},"modified":"2026-02-25T00:28:11","modified_gmt":"2026-02-25T00:28:11","slug":"liros-handy-elastic-16mm-x100mts-azul-marinho","status":"publish","type":"product","link":"https:\/\/stoic-curie.212-227-153-4.plesk.page\/pt\/product\/liros-handy-elastic-16mm-x100mts-azul-marinho\/","title":{"rendered":"Liros Handy Elastic 16mm x100mts Azul Marinho"},"content":{"rendered":"<p>Liros Handy Elastic 16mm x100mts Azul Marinho  &#8211; <\/p>\n<p style=\"color: rgb(34, 34, 34); font-family: Arial, Helvetica, sans-serif; font-size: small;\">O Liros Handy-Elastic \u00e9 uma escolha excepcional para linhas de atraca\u00e7\u00e3o e ancoragem, caracterizando-se pela sua textura suave, facilidade de manuseio e capacidade de emenda direta. Esta linha \u00e9 destacada por sua alta resist\u00eancia \u00e0 ruptura e uma elasticidade de trabalho de menos de 20%, garantindo durabilidade not\u00e1vel e resist\u00eancia ao desgaste. Foi projetada para uso sem a necessidade de amortecedores.<\/p>\n<p style=\"color: rgb(34, 34, 34); font-family: Arial, Helvetica, sans-serif; font-size: small;\"><strong>Principais Caracter\u00edsticas:<\/strong><\/p>\n<ul style=\"color: rgb(34, 34, 34); font-family: Arial, Helvetica, sans-serif; font-size: small;\">\n<li><strong>Material do N\u00facleo<\/strong>: Poliamida tran\u00e7ada, que oferece elasticidade superior<\/li>\n<li><strong>Material da Capa<\/strong>: Poliamida de alta tenacidade, resistente \u00e0 exposi\u00e7\u00e3o UV<\/li>\n<li><strong>N\u00e3o Flutuante<\/strong>: Esta linha foi projetada para permanecer submersa na \u00e1gua.<\/li>\n<li><strong>Tipo de Constru\u00e7\u00e3o<\/strong>: design tran\u00e7ado 1:1<\/li>\n<\/ul>\n<p style=\"color: rgb(34, 34, 34); font-family: Arial, Helvetica, sans-serif; font-size: small;\"><strong>Benef\u00edcios Adicionais:<\/strong><\/p>\n<ul style=\"color: rgb(34, 34, 34); font-family: Arial, Helvetica, sans-serif; font-size: small;\">\n<li>Emenda sem esfor\u00e7o<\/li>\n<li>Altamente el\u00e1stica e est\u00e1vel contra a degrada\u00e7\u00e3o UV<\/li>\n<li>Excepcional resist\u00eancia \u00e0 abras\u00e3o<\/li>\n<li>Facilmente manobr\u00e1vel<\/li>\n<\/ul>\n<p style=\"color: rgb(34, 34, 34); font-family: Arial, Helvetica, sans-serif; font-size: small;\">Esta linha de amarra\u00e7\u00e3o de alta elasticidade \u00e9 ideal para aplica\u00e7\u00f5es de reboque e ancoragem. Ela \u00e9 projetada com fibras el\u00e1sticas de alta qualidade para absorver efetivamente choques em condi\u00e7\u00f5es desafiadoras.<\/p>\n<p style=\"color: rgb(34, 34, 34); font-family: Arial, Helvetica, sans-serif; font-size: small;\">Escolha o Handy-Elastic para uma solu\u00e7\u00e3o confi\u00e1vel e eficiente para atender a todas as suas necessidades de navega\u00e7\u00e3o.<\/p>\n","protected":false},"excerpt":{"rendered":"<p>Liros Handy Elastic 16mm x100mts Azul Marinho &#8211; O Liros Handy-Elastic \u00e9 uma escolha excepcional para linhas de atraca\u00e7\u00e3o e<\/p>\n","protected":false},"featured_media":5945073,"comment_status":"open","ping_status":"closed","template":"","meta":[],"product_brand":[3067],"product_cat":[1909],"product_tag":[],"class_list":{"0":"post-750002","1":"product","2":"type-product","3":"status-publish","4":"has-post-thumbnail","6":"product_brand-liros-pt","7":"product_cat-cabos-de-amarracao","9":"first","10":"instock","11":"shipping-taxable","12":"purchasable","13":"product-type-simple"},"_links":{"self":[{"href":"https:\/\/stoic-curie.212-227-153-4.plesk.page\/pt\/wp-json\/wp\/v2\/product\/750002","targetHints":{"allow":["GET"]}}],"collection":[{"href":"https:\/\/stoic-curie.212-227-153-4.plesk.page\/pt\/wp-json\/wp\/v2\/product"}],"about":[{"href":"https:\/\/stoic-curie.212-227-153-4.plesk.page\/pt\/wp-json\/wp\/v2\/types\/product"}],"replies":[{"embeddable":true,"href":"https:\/\/stoic-curie.212-227-153-4.plesk.page\/pt\/wp-json\/wp\/v2\/comments?post=750002"}],"version-history":[{"count":0,"href":"https:\/\/stoic-curie.212-227-153-4.plesk.page\/pt\/wp-json\/wp\/v2\/product\/750002\/revisions"}],"wp:featuredmedia":[{"embeddable":true,"href":"https:\/\/stoic-curie.212-227-153-4.plesk.page\/pt\/wp-json\/wp\/v2\/media\/5945073"}],"wp:attachment":[{"href":"https:\/\/stoic-curie.212-227-153-4.plesk.page\/pt\/wp-json\/wp\/v2\/media?parent=750002"}],"wp:term":[{"taxonomy":"product_brand","embeddable":true,"href":"https:\/\/stoic-curie.212-227-153-4.plesk.page\/pt\/wp-json\/wp\/v2\/product_brand?post=750002"},{"taxonomy":"product_cat","embeddable":true,"href":"https:\/\/stoic-curie.212-227-153-4.plesk.page\/pt\/wp-json\/wp\/v2\/product_cat?post=750002"},{"taxonomy":"product_tag","embeddable":true,"href":"https:\/\/stoic-curie.212-227-153-4.plesk.page\/pt\/wp-json\/wp\/v2\/product_tag?post=750002"}],"curies":[{"name":"wp","href":"https:\/\/api.w.org\/{rel}","templated":true}]}}