{"id":750005,"date":"2025-03-03T22:33:47","date_gmt":"2025-03-03T21:33:47","guid":{"rendered":"https:\/\/stoic-curie.212-227-153-4.plesk.page\/producto\/corda-elastica-handy-liros-22mm-x-100m-azul-marinho\/"},"modified":"2026-02-25T00:28:11","modified_gmt":"2026-02-25T00:28:11","slug":"corda-elastica-handy-liros-22mm-x-100m-azul-marinho","status":"publish","type":"product","link":"https:\/\/stoic-curie.212-227-153-4.plesk.page\/pt\/product\/corda-elastica-handy-liros-22mm-x-100m-azul-marinho\/","title":{"rendered":"Corda El\u00e1stica Handy Liros 22mm x 100m Azul Marinho"},"content":{"rendered":"<p>Corda El\u00e1stica Handy Liros 22mm x 100m Azul Marinho &#8211; <\/p>\n<p style=\"color: rgb(34, 34, 34); font-family: Arial, Helvetica, sans-serif; font-size: small;\">Apresentamos o Handy-Elastic, 22mm \u2013 uma linha de amarra\u00e7\u00e3o e ancoragem de alta qualidade que \u00e9 macia, f\u00e1cil de manusear e simples de esb\u00f4tar. Esta linha possui alta resist\u00eancia \u00e0 ruptura e uma elasticidade de trabalho inferior a 20%, tornando-a extremamente dur\u00e1vel e resistente \u00e0 abras\u00e3o. Pode at\u00e9 ser utilizada sem absorvedores de choque.<\/p>\n<p style=\"color: rgb(34, 34, 34); font-family: Arial, Helvetica, sans-serif; font-size: small;\">Principais caracter\u00edsticas:<\/p>\n<ul style=\"color: rgb(34, 34, 34); font-family: Arial, Helvetica, sans-serif; font-size: small;\">\n<li><strong>N\u00facleo<\/strong>: Poliamida tran\u00e7ada de alta elasticidade<\/li>\n<li><strong>Cobertura<\/strong>: Poliamida de alta resist\u00eancia e resistente \u00e0 radia\u00e7\u00e3o UV<\/li>\n<li><strong>N\u00e3o flutuante<\/strong>: Esta linha n\u00e3o flutua na \u00e1gua.<\/li>\n<li><strong>Constru\u00e7\u00e3o<\/strong>: Tran\u00e7a 1:1<\/li>\n<\/ul>\n<p style=\"color: rgb(34, 34, 34); font-family: Arial, Helvetica, sans-serif; font-size: small;\"><strong>N\u00famero do item<\/strong>: 00136-2200<br \/><strong>Condi\u00e7\u00e3o padr\u00e3o<\/strong>: SP<br \/><strong>Resist\u00eancia \u00e0 ruptura<\/strong>: 10.600 daN<br \/><strong>Di\u00e2metro<\/strong>: 22.00 mm<\/p>\n<p style=\"color: rgb(34, 34, 34); font-family: Arial, Helvetica, sans-serif; font-size: small;\">Benef\u00edcios adicionais:<\/p>\n<ul style=\"color: rgb(34, 34, 34); font-family: Arial, Helvetica, sans-serif; font-size: small;\">\n<li>Muito f\u00e1cil de esb\u00f4tar<\/li>\n<li>Altamente el\u00e1stico e est\u00e1vel a UV<\/li>\n<li>Extremamente resistente \u00e0 abras\u00e3o<\/li>\n<li>F\u00e1cil de manusear<\/li>\n<li>Dispon\u00edvel em di\u00e2metros de at\u00e9 40 mm mediante solicita\u00e7\u00e3o<\/li>\n<\/ul>\n<p style=\"color: rgb(34, 34, 34); font-family: Arial, Helvetica, sans-serif; font-size: small;\">Esta linha de amarra\u00e7\u00e3o de alta elasticidade \u00e9 perfeita para rebocar ou ancorar. Foi especialmente projetada com fibras altamente el\u00e1sticas, permitindo absorver choques em condi\u00e7\u00f5es extremas.<\/p>\n<p style=\"color: rgb(34, 34, 34); font-family: Arial, Helvetica, sans-serif; font-size: small;\">Escolha o Handy-Elastic para uma solu\u00e7\u00e3o confi\u00e1vel e eficiente para as suas necessidades de navega\u00e7\u00e3o.<\/p>\n","protected":false},"excerpt":{"rendered":"<p>Corda El\u00e1stica Handy Liros 22mm x 100m Azul Marinho &#8211; Apresentamos o Handy-Elastic, 22mm \u2013 uma linha de amarra\u00e7\u00e3o e<\/p>\n","protected":false},"featured_media":5945073,"comment_status":"open","ping_status":"closed","template":"","meta":[],"product_brand":[3067],"product_cat":[1909],"product_tag":[],"class_list":{"0":"post-750005","1":"product","2":"type-product","3":"status-publish","4":"has-post-thumbnail","6":"product_brand-liros-pt","7":"product_cat-cabos-de-amarracao","9":"first","10":"instock","11":"shipping-taxable","12":"purchasable","13":"product-type-simple"},"_links":{"self":[{"href":"https:\/\/stoic-curie.212-227-153-4.plesk.page\/pt\/wp-json\/wp\/v2\/product\/750005","targetHints":{"allow":["GET"]}}],"collection":[{"href":"https:\/\/stoic-curie.212-227-153-4.plesk.page\/pt\/wp-json\/wp\/v2\/product"}],"about":[{"href":"https:\/\/stoic-curie.212-227-153-4.plesk.page\/pt\/wp-json\/wp\/v2\/types\/product"}],"replies":[{"embeddable":true,"href":"https:\/\/stoic-curie.212-227-153-4.plesk.page\/pt\/wp-json\/wp\/v2\/comments?post=750005"}],"version-history":[{"count":0,"href":"https:\/\/stoic-curie.212-227-153-4.plesk.page\/pt\/wp-json\/wp\/v2\/product\/750005\/revisions"}],"wp:featuredmedia":[{"embeddable":true,"href":"https:\/\/stoic-curie.212-227-153-4.plesk.page\/pt\/wp-json\/wp\/v2\/media\/5945073"}],"wp:attachment":[{"href":"https:\/\/stoic-curie.212-227-153-4.plesk.page\/pt\/wp-json\/wp\/v2\/media?parent=750005"}],"wp:term":[{"taxonomy":"product_brand","embeddable":true,"href":"https:\/\/stoic-curie.212-227-153-4.plesk.page\/pt\/wp-json\/wp\/v2\/product_brand?post=750005"},{"taxonomy":"product_cat","embeddable":true,"href":"https:\/\/stoic-curie.212-227-153-4.plesk.page\/pt\/wp-json\/wp\/v2\/product_cat?post=750005"},{"taxonomy":"product_tag","embeddable":true,"href":"https:\/\/stoic-curie.212-227-153-4.plesk.page\/pt\/wp-json\/wp\/v2\/product_tag?post=750005"}],"curies":[{"name":"wp","href":"https:\/\/api.w.org\/{rel}","templated":true}]}}