{"id":750013,"date":"2025-03-03T22:33:49","date_gmt":"2025-03-03T21:33:49","guid":{"rendered":"https:\/\/stoic-curie.212-227-153-4.plesk.page\/producto\/corda-elastica-handy-liros-20mm-x-100m-preto\/"},"modified":"2026-02-25T00:28:11","modified_gmt":"2026-02-25T00:28:11","slug":"corda-elastica-handy-liros-20mm-x-100m-preto","status":"publish","type":"product","link":"https:\/\/stoic-curie.212-227-153-4.plesk.page\/pt\/product\/corda-elastica-handy-liros-20mm-x-100m-preto\/","title":{"rendered":"Cabo Liros Handy El\u00e1stico 20mm x100mts Preto"},"content":{"rendered":"<p>Cabo Liros Handy El\u00e1stico 20mm x100mts Preto &#8211; <\/p>\n<p style=\"color: rgb(34, 34, 34); font-family: Arial, Helvetica, sans-serif; font-size: small;\">O Liros Handy-Elastic \u00e9 uma linha de amarra\u00e7\u00e3o e ancoragem de alta qualidade que \u00e9 suave ao toque, f\u00e1cil de manusear e simples de emendar. Esta linha possui uma alta resist\u00eancia \u00e0 ruptura e uma elasticidade operacional de menos de 20%, tornando-a extremamente dur\u00e1vel e resistente ao desgaste. Tamb\u00e9m pode ser utilizada sem a necessidade de amortecedores.<\/p>\n<p style=\"color: rgb(34, 34, 34); font-family: Arial, Helvetica, sans-serif; font-size: small;\"><strong>Caracter\u00edsticas Principais:<\/strong><\/p>\n<ul style=\"color: rgb(34, 34, 34); font-family: Arial, Helvetica, sans-serif; font-size: small;\">\n<li><strong>Material do N\u00facleo:<\/strong> Poliamida tran\u00e7ada com alta elasticidade<\/li>\n<li><strong>Material de Cobertura:<\/strong> Poliamida de alta tenacidade, resistente aos raios UV<\/li>\n<li><strong>N\u00e3o Flutuante:<\/strong> Esta linha n\u00e3o flutua na \u00e1gua.<\/li>\n<li><strong>Tipo de Constru\u00e7\u00e3o:<\/strong> Design tran\u00e7ado 1:1<\/li>\n<\/ul>\n<p style=\"color: rgb(34, 34, 34); font-family: Arial, Helvetica, sans-serif; font-size: small;\"><strong>Benef\u00edcios Adicionais:<\/strong><\/p>\n<ul style=\"color: rgb(34, 34, 34); font-family: Arial, Helvetica, sans-serif; font-size: small;\">\n<li>Muito f\u00e1cil de emendar<\/li>\n<li>Altamente el\u00e1stica e est\u00e1vel contra a exposi\u00e7\u00e3o UV<\/li>\n<li>Excepcionalmente resistente \u00e0 abras\u00e3o<\/li>\n<li>Simples de gerenciar<\/li>\n<\/ul>\n<p style=\"color: rgb(34, 34, 34); font-family: Arial, Helvetica, sans-serif; font-size: small;\">Esta linha de amarra\u00e7\u00e3o de alta elasticidade \u00e9 perfeita tanto para reboque quanto para ancoragem. \u00c9 projetada com fibras el\u00e1sticas para absorver choques em condi\u00e7\u00f5es dif\u00edceis.<\/p>\n<p style=\"color: rgb(34, 34, 34); font-family: Arial, Helvetica, sans-serif; font-size: small;\">Escolha o Handy-Elastic para uma solu\u00e7\u00e3o confi\u00e1vel e eficiente para suas necessidades n\u00e1uticas.<\/p>\n","protected":false},"excerpt":{"rendered":"<p>Cabo Liros Handy El\u00e1stico 20mm x100mts Preto &#8211; O Liros Handy-Elastic \u00e9 uma linha de amarra\u00e7\u00e3o e ancoragem de alta<\/p>\n","protected":false},"featured_media":5945076,"comment_status":"open","ping_status":"closed","template":"","meta":[],"product_brand":[3067],"product_cat":[1909],"product_tag":[],"class_list":{"0":"post-750013","1":"product","2":"type-product","3":"status-publish","4":"has-post-thumbnail","6":"product_brand-liros-pt","7":"product_cat-cabos-de-amarracao","9":"first","10":"instock","11":"shipping-taxable","12":"purchasable","13":"product-type-simple"},"_links":{"self":[{"href":"https:\/\/stoic-curie.212-227-153-4.plesk.page\/pt\/wp-json\/wp\/v2\/product\/750013","targetHints":{"allow":["GET"]}}],"collection":[{"href":"https:\/\/stoic-curie.212-227-153-4.plesk.page\/pt\/wp-json\/wp\/v2\/product"}],"about":[{"href":"https:\/\/stoic-curie.212-227-153-4.plesk.page\/pt\/wp-json\/wp\/v2\/types\/product"}],"replies":[{"embeddable":true,"href":"https:\/\/stoic-curie.212-227-153-4.plesk.page\/pt\/wp-json\/wp\/v2\/comments?post=750013"}],"version-history":[{"count":0,"href":"https:\/\/stoic-curie.212-227-153-4.plesk.page\/pt\/wp-json\/wp\/v2\/product\/750013\/revisions"}],"wp:featuredmedia":[{"embeddable":true,"href":"https:\/\/stoic-curie.212-227-153-4.plesk.page\/pt\/wp-json\/wp\/v2\/media\/5945076"}],"wp:attachment":[{"href":"https:\/\/stoic-curie.212-227-153-4.plesk.page\/pt\/wp-json\/wp\/v2\/media?parent=750013"}],"wp:term":[{"taxonomy":"product_brand","embeddable":true,"href":"https:\/\/stoic-curie.212-227-153-4.plesk.page\/pt\/wp-json\/wp\/v2\/product_brand?post=750013"},{"taxonomy":"product_cat","embeddable":true,"href":"https:\/\/stoic-curie.212-227-153-4.plesk.page\/pt\/wp-json\/wp\/v2\/product_cat?post=750013"},{"taxonomy":"product_tag","embeddable":true,"href":"https:\/\/stoic-curie.212-227-153-4.plesk.page\/pt\/wp-json\/wp\/v2\/product_tag?post=750013"}],"curies":[{"name":"wp","href":"https:\/\/api.w.org\/{rel}","templated":true}]}}