{"id":750014,"date":"2025-03-03T22:33:50","date_gmt":"2025-03-03T21:33:50","guid":{"rendered":"https:\/\/stoic-curie.212-227-153-4.plesk.page\/producto\/corda-elastica-handy-liros-22mm-x-100m-preto\/"},"modified":"2026-02-25T00:28:11","modified_gmt":"2026-02-25T00:28:11","slug":"corda-elastica-handy-liros-22mm-x-100m-preto","status":"publish","type":"product","link":"https:\/\/stoic-curie.212-227-153-4.plesk.page\/pt\/product\/corda-elastica-handy-liros-22mm-x-100m-preto\/","title":{"rendered":"Corda Liros Handy Elastic 22mm x 100m Preto"},"content":{"rendered":"<p>Corda Liros Handy Elastic 22mm x 100m Preto &#8211; <\/p>\n<p>Temos o prazer de apresentar o Handy-Elastic, 22mm \u2013 uma linha de ancoragem e amarra\u00e7\u00e3o excepcional que \u00e9 suave ao toque, f\u00e1cil de manusear e simples de emendar. Esta linha possui uma for\u00e7a de ruptura not\u00e1vel e uma elasticidade de trabalho abaixo de 20%, garantindo que seja altamente dur\u00e1vel e resistente ao desgaste. Pode at\u00e9 ser utilizada sem a necessidade de absorvedores de choque.<\/p>\n<p><strong>Caracter\u00edsticas Principais:<\/strong><\/p>\n<ul>\n<li><strong>Material do N\u00facleo<\/strong>: Poliamida tran\u00e7ada de alta elasticidade<\/li>\n<li><strong>Material da Capa<\/strong>: Poliamida de alta tenacidade e resistente aos raios UV<\/li>\n<li><strong>N\u00e3o Flutuante<\/strong>: Esta linha n\u00e3o flutua na \u00e1gua.<\/li>\n<li><strong>Tipo de Constru\u00e7\u00e3o<\/strong>: Tran\u00e7ada 1:1<\/li>\n<\/ul>\n<p><strong>N\u00famero do Item<\/strong>: 00136-2200<br \/><strong>Condi\u00e7\u00e3o Padr\u00e3o<\/strong>: SP<br \/><strong>For\u00e7a de Ruptura<\/strong>: 10.600 daN<br \/><strong>Di\u00e2metro<\/strong>: 22,00 mm<\/p>\n<p><strong>Benef\u00edcios Adicionais:<\/strong><\/p>\n<ul>\n<li>Muito f\u00e1cil de emendar<\/li>\n<li>Altamente el\u00e1stica e resistente a danos causados pelos raios UV<\/li>\n<li>Extremamente resistente \u00e0 abras\u00e3o<\/li>\n<li>Simples de manusear<\/li>\n<li>Dispon\u00edvel em di\u00e2metros de at\u00e9 40mm sob solicita\u00e7\u00e3o<\/li>\n<\/ul>\n<p>Esta linha de amarra\u00e7\u00e3o de alta elasticidade \u00e9 ideal para reboque ou ancoragem, projetada com fibras de alta elasticidade para absorver impactos em condi\u00e7\u00f5es desafiadoras.<\/p>\n<p>Escolha o Handy-Elastic para uma solu\u00e7\u00e3o confi\u00e1vel e eficaz para todas as suas necessidades n\u00e1uticas.<\/p>\n","protected":false},"excerpt":{"rendered":"<p>Corda Liros Handy Elastic 22mm x 100m Preto &#8211; Temos o prazer de apresentar o Handy-Elastic, 22mm \u2013 uma linha<\/p>\n","protected":false},"featured_media":5945076,"comment_status":"open","ping_status":"closed","template":"","meta":[],"product_brand":[3067],"product_cat":[1909],"product_tag":[],"class_list":{"0":"post-750014","1":"product","2":"type-product","3":"status-publish","4":"has-post-thumbnail","6":"product_brand-liros-pt","7":"product_cat-cabos-de-amarracao","9":"first","10":"instock","11":"shipping-taxable","12":"purchasable","13":"product-type-simple"},"_links":{"self":[{"href":"https:\/\/stoic-curie.212-227-153-4.plesk.page\/pt\/wp-json\/wp\/v2\/product\/750014","targetHints":{"allow":["GET"]}}],"collection":[{"href":"https:\/\/stoic-curie.212-227-153-4.plesk.page\/pt\/wp-json\/wp\/v2\/product"}],"about":[{"href":"https:\/\/stoic-curie.212-227-153-4.plesk.page\/pt\/wp-json\/wp\/v2\/types\/product"}],"replies":[{"embeddable":true,"href":"https:\/\/stoic-curie.212-227-153-4.plesk.page\/pt\/wp-json\/wp\/v2\/comments?post=750014"}],"version-history":[{"count":0,"href":"https:\/\/stoic-curie.212-227-153-4.plesk.page\/pt\/wp-json\/wp\/v2\/product\/750014\/revisions"}],"wp:featuredmedia":[{"embeddable":true,"href":"https:\/\/stoic-curie.212-227-153-4.plesk.page\/pt\/wp-json\/wp\/v2\/media\/5945076"}],"wp:attachment":[{"href":"https:\/\/stoic-curie.212-227-153-4.plesk.page\/pt\/wp-json\/wp\/v2\/media?parent=750014"}],"wp:term":[{"taxonomy":"product_brand","embeddable":true,"href":"https:\/\/stoic-curie.212-227-153-4.plesk.page\/pt\/wp-json\/wp\/v2\/product_brand?post=750014"},{"taxonomy":"product_cat","embeddable":true,"href":"https:\/\/stoic-curie.212-227-153-4.plesk.page\/pt\/wp-json\/wp\/v2\/product_cat?post=750014"},{"taxonomy":"product_tag","embeddable":true,"href":"https:\/\/stoic-curie.212-227-153-4.plesk.page\/pt\/wp-json\/wp\/v2\/product_tag?post=750014"}],"curies":[{"name":"wp","href":"https:\/\/api.w.org\/{rel}","templated":true}]}}