{"id":750016,"date":"2025-03-03T22:33:50","date_gmt":"2025-03-03T21:33:50","guid":{"rendered":"https:\/\/stoic-curie.212-227-153-4.plesk.page\/producto\/corda-de-amarracao-super-yacht-liros-24mm-x-100m-azul-marinho\/"},"modified":"2026-02-25T00:28:11","modified_gmt":"2026-02-25T00:28:11","slug":"corda-de-amarracao-super-yacht-liros-24mm-x-100m-azul-marinho","status":"publish","type":"product","link":"https:\/\/stoic-curie.212-227-153-4.plesk.page\/pt\/product\/corda-de-amarracao-super-yacht-liros-24mm-x-100m-azul-marinho\/","title":{"rendered":"Corda de Amarra\u00e7\u00e3o Super Yacht Liros 24mm x 100m Azul Marinho"},"content":{"rendered":"<p>Corda de Amarra\u00e7\u00e3o Super Yacht Liros 24mm x 100m Azul Marinho &#8211; <\/p>\n<p>A linha de amarra\u00e7\u00e3o LIROS Super Yacht \u00e9 projetada especificamente para superyates de at\u00e9 200 p\u00e9s (aproximadamente 90 metros). Esta linha de amarra\u00e7\u00e3o e atraca\u00e7\u00e3o combina um n\u00facleo de poli\u00e9ster tran\u00e7ado de alta tenacidade e flex\u00edvel com uma cobertura de poli\u00e9ster tran\u00e7ado de 24 tramas, garantindo seguran\u00e7a ideal e facilidade de manuseio. A constru\u00e7\u00e3o permite uma emenda simples, aumentando sua usabilidade.<\/p>\n<p>O n\u00facleo flex\u00edvel prioriza a seguran\u00e7a, enquanto a cobertura especializada da LIROS oferece conforto excepcional durante o uso.<\/p>\n<p>A nossa vers\u00e3o premium da LIROS, apresentando uma emenda em olho e um protetor de couro para desgaste, est\u00e1 dispon\u00edvel sob solicita\u00e7\u00e3o em comprimentos personalizados.<\/p>\n<p>Especifica\u00e7\u00f5es:<\/p>\n<ul>\n<li>Cobertura: Poli\u00e9ster de alta tor\u00e7\u00e3o<\/li>\n<li>Constru\u00e7\u00e3o: 24 tramas, revestido<\/li>\n<li>N\u00facleo: Poli\u00e9ster tran\u00e7ado de alta tenacidade<\/li>\n<li>Di\u00e2metro: 24 mm<\/li>\n<li>N\u00famero do item: 01300-2400<\/li>\n<li>Condi\u00e7\u00e3o padr\u00e3o: SP<\/li>\n<li>For\u00e7a de ruptura: 11.500 daN<\/li>\n<li>Alongamento de trabalho: Superior a 15%<\/li>\n<li>Caracter\u00edsticas: M\u00e1xima seguran\u00e7a, extremamente f\u00e1cil de manusear e altamente resistente \u00e0 abras\u00e3o com uma emenda de olho em couro LIROS dispon\u00edvel em marrom ou preto.<\/li>\n<\/ul>\n<p>Esta linha de amarra\u00e7\u00e3o \u00e9 uma excelente escolha para propriet\u00e1rios de barcos que buscam confiabilidade e qualidade em seu equipamento.<\/p>\n","protected":false},"excerpt":{"rendered":"<p>Corda de Amarra\u00e7\u00e3o Super Yacht Liros 24mm x 100m Azul Marinho &#8211; A linha de amarra\u00e7\u00e3o LIROS Super Yacht \u00e9<\/p>\n","protected":false},"featured_media":5945077,"comment_status":"open","ping_status":"closed","template":"","meta":[],"product_brand":[3067],"product_cat":[1909],"product_tag":[],"class_list":{"0":"post-750016","1":"product","2":"type-product","3":"status-publish","4":"has-post-thumbnail","6":"product_brand-liros-pt","7":"product_cat-cabos-de-amarracao","9":"first","10":"instock","11":"shipping-taxable","12":"purchasable","13":"product-type-simple"},"_links":{"self":[{"href":"https:\/\/stoic-curie.212-227-153-4.plesk.page\/pt\/wp-json\/wp\/v2\/product\/750016","targetHints":{"allow":["GET"]}}],"collection":[{"href":"https:\/\/stoic-curie.212-227-153-4.plesk.page\/pt\/wp-json\/wp\/v2\/product"}],"about":[{"href":"https:\/\/stoic-curie.212-227-153-4.plesk.page\/pt\/wp-json\/wp\/v2\/types\/product"}],"replies":[{"embeddable":true,"href":"https:\/\/stoic-curie.212-227-153-4.plesk.page\/pt\/wp-json\/wp\/v2\/comments?post=750016"}],"version-history":[{"count":0,"href":"https:\/\/stoic-curie.212-227-153-4.plesk.page\/pt\/wp-json\/wp\/v2\/product\/750016\/revisions"}],"wp:featuredmedia":[{"embeddable":true,"href":"https:\/\/stoic-curie.212-227-153-4.plesk.page\/pt\/wp-json\/wp\/v2\/media\/5945077"}],"wp:attachment":[{"href":"https:\/\/stoic-curie.212-227-153-4.plesk.page\/pt\/wp-json\/wp\/v2\/media?parent=750016"}],"wp:term":[{"taxonomy":"product_brand","embeddable":true,"href":"https:\/\/stoic-curie.212-227-153-4.plesk.page\/pt\/wp-json\/wp\/v2\/product_brand?post=750016"},{"taxonomy":"product_cat","embeddable":true,"href":"https:\/\/stoic-curie.212-227-153-4.plesk.page\/pt\/wp-json\/wp\/v2\/product_cat?post=750016"},{"taxonomy":"product_tag","embeddable":true,"href":"https:\/\/stoic-curie.212-227-153-4.plesk.page\/pt\/wp-json\/wp\/v2\/product_tag?post=750016"}],"curies":[{"name":"wp","href":"https:\/\/api.w.org\/{rel}","templated":true}]}}