{"id":750034,"date":"2025-03-03T22:33:57","date_gmt":"2025-03-03T21:33:57","guid":{"rendered":"https:\/\/stoic-curie.212-227-153-4.plesk.page\/producto\/cabo-de-amarracao-branco-16mm-x-12m-com-empate\/"},"modified":"2026-02-25T00:28:11","modified_gmt":"2026-02-25T00:28:11","slug":"cabo-de-amarracao-branco-16mm-x-12m-com-empate","status":"publish","type":"product","link":"https:\/\/stoic-curie.212-227-153-4.plesk.page\/pt\/product\/cabo-de-amarracao-branco-16mm-x-12m-com-empate\/","title":{"rendered":"Cabo de Amarra\u00e7\u00e3o Branco 16mm x 12m com Empate"},"content":{"rendered":"<p>Cabo de Amarra\u00e7\u00e3o Branco 16mm x 12m com Empate &#8211; <\/p>\n<p>Rela\u00e7\u00e3o de amarra\u00e7\u00e3o e ancoragem com olho em a\u00e7o inoxid\u00e1vel tran\u00e7ado. Fabricado em poli\u00e9ster de alta tenacidade com tran\u00e7ado duplo. N\u00e3o flutua.<\/p>\n","protected":false},"excerpt":{"rendered":"<p>Cabo de Amarra\u00e7\u00e3o Branco 16mm x 12m com Empate &#8211; Rela\u00e7\u00e3o de amarra\u00e7\u00e3o e ancoragem com olho em a\u00e7o inoxid\u00e1vel<\/p>\n","protected":false},"featured_media":5944283,"comment_status":"open","ping_status":"closed","template":"","meta":[],"product_brand":[3102,2172],"product_cat":[2149,1910],"product_tag":[],"class_list":{"0":"post-750034","1":"product","2":"type-product","3":"status-publish","4":"has-post-thumbnail","6":"product_brand-marco-benvenuti-pt","7":"product_brand-nova-argonautica","8":"product_cat-cabos-de-fundear","9":"product_cat-cabos-entrelacados","11":"first","12":"instock","13":"shipping-taxable","14":"purchasable","15":"product-type-simple"},"_links":{"self":[{"href":"https:\/\/stoic-curie.212-227-153-4.plesk.page\/pt\/wp-json\/wp\/v2\/product\/750034","targetHints":{"allow":["GET"]}}],"collection":[{"href":"https:\/\/stoic-curie.212-227-153-4.plesk.page\/pt\/wp-json\/wp\/v2\/product"}],"about":[{"href":"https:\/\/stoic-curie.212-227-153-4.plesk.page\/pt\/wp-json\/wp\/v2\/types\/product"}],"replies":[{"embeddable":true,"href":"https:\/\/stoic-curie.212-227-153-4.plesk.page\/pt\/wp-json\/wp\/v2\/comments?post=750034"}],"version-history":[{"count":0,"href":"https:\/\/stoic-curie.212-227-153-4.plesk.page\/pt\/wp-json\/wp\/v2\/product\/750034\/revisions"}],"wp:featuredmedia":[{"embeddable":true,"href":"https:\/\/stoic-curie.212-227-153-4.plesk.page\/pt\/wp-json\/wp\/v2\/media\/5944283"}],"wp:attachment":[{"href":"https:\/\/stoic-curie.212-227-153-4.plesk.page\/pt\/wp-json\/wp\/v2\/media?parent=750034"}],"wp:term":[{"taxonomy":"product_brand","embeddable":true,"href":"https:\/\/stoic-curie.212-227-153-4.plesk.page\/pt\/wp-json\/wp\/v2\/product_brand?post=750034"},{"taxonomy":"product_cat","embeddable":true,"href":"https:\/\/stoic-curie.212-227-153-4.plesk.page\/pt\/wp-json\/wp\/v2\/product_cat?post=750034"},{"taxonomy":"product_tag","embeddable":true,"href":"https:\/\/stoic-curie.212-227-153-4.plesk.page\/pt\/wp-json\/wp\/v2\/product_tag?post=750034"}],"curies":[{"name":"wp","href":"https:\/\/api.w.org\/{rel}","templated":true}]}}