{"id":750045,"date":"2025-03-03T22:34:01","date_gmt":"2025-03-03T21:34:01","guid":{"rendered":"https:\/\/stoic-curie.212-227-153-4.plesk.page\/producto\/conjunto-de-espigoes-de-aco-inoxidavel-com-4-agulhas\/"},"modified":"2026-02-25T00:28:11","modified_gmt":"2026-02-25T00:28:11","slug":"conjunto-de-espigoes-de-aco-inoxidavel-com-4-agulhas","status":"publish","type":"product","link":"https:\/\/stoic-curie.212-227-153-4.plesk.page\/pt\/product\/conjunto-de-espigoes-de-aco-inoxidavel-com-4-agulhas\/","title":{"rendered":"Conjunto de Espig\u00f5es de A\u00e7o Inoxid\u00e1vel com 4 Agulhas"},"content":{"rendered":"<p>Conjunto de Espig\u00f5es de A\u00e7o Inoxid\u00e1vel com 4 Agulhas &#8211; <\/p>\n<p>Conjunto de 4 agulhas de a\u00e7o inoxid\u00e1vel para emenda. Comprimentos das agulhas em mm: 120\/140\/180\/220. Di\u00e2metros respetivos em mm: 5\/7\/9\/12.<\/p>\n","protected":false},"excerpt":{"rendered":"<p>Conjunto de Espig\u00f5es de A\u00e7o Inoxid\u00e1vel com 4 Agulhas &#8211; Conjunto de 4 agulhas de a\u00e7o inoxid\u00e1vel para emenda. Comprimentos<\/p>\n","protected":false},"featured_media":5945082,"comment_status":"open","ping_status":"closed","template":"","meta":[],"product_brand":[3492],"product_cat":[2143,1900],"product_tag":[],"class_list":{"0":"post-750045","1":"product","2":"type-product","3":"status-publish","4":"has-post-thumbnail","6":"product_brand-trem-pt","7":"product_cat-facas-canivetes-e-ferramentas","8":"product_cat-ferramentas-para-remendos","10":"first","11":"instock","12":"shipping-taxable","13":"purchasable","14":"product-type-simple"},"_links":{"self":[{"href":"https:\/\/stoic-curie.212-227-153-4.plesk.page\/pt\/wp-json\/wp\/v2\/product\/750045","targetHints":{"allow":["GET"]}}],"collection":[{"href":"https:\/\/stoic-curie.212-227-153-4.plesk.page\/pt\/wp-json\/wp\/v2\/product"}],"about":[{"href":"https:\/\/stoic-curie.212-227-153-4.plesk.page\/pt\/wp-json\/wp\/v2\/types\/product"}],"replies":[{"embeddable":true,"href":"https:\/\/stoic-curie.212-227-153-4.plesk.page\/pt\/wp-json\/wp\/v2\/comments?post=750045"}],"version-history":[{"count":0,"href":"https:\/\/stoic-curie.212-227-153-4.plesk.page\/pt\/wp-json\/wp\/v2\/product\/750045\/revisions"}],"wp:featuredmedia":[{"embeddable":true,"href":"https:\/\/stoic-curie.212-227-153-4.plesk.page\/pt\/wp-json\/wp\/v2\/media\/5945082"}],"wp:attachment":[{"href":"https:\/\/stoic-curie.212-227-153-4.plesk.page\/pt\/wp-json\/wp\/v2\/media?parent=750045"}],"wp:term":[{"taxonomy":"product_brand","embeddable":true,"href":"https:\/\/stoic-curie.212-227-153-4.plesk.page\/pt\/wp-json\/wp\/v2\/product_brand?post=750045"},{"taxonomy":"product_cat","embeddable":true,"href":"https:\/\/stoic-curie.212-227-153-4.plesk.page\/pt\/wp-json\/wp\/v2\/product_cat?post=750045"},{"taxonomy":"product_tag","embeddable":true,"href":"https:\/\/stoic-curie.212-227-153-4.plesk.page\/pt\/wp-json\/wp\/v2\/product_tag?post=750045"}],"curies":[{"name":"wp","href":"https:\/\/api.w.org\/{rel}","templated":true}]}}