{"id":750050,"date":"2025-03-03T22:34:04","date_gmt":"2025-03-03T21:34:04","guid":{"rendered":"https:\/\/stoic-curie.212-227-153-4.plesk.page\/producto\/bomba-inflavel-eletrica-12v-800w-boias-de-sinalizacao\/"},"modified":"2026-02-25T00:28:11","modified_gmt":"2026-02-25T00:28:11","slug":"bomba-inflavel-eletrica-12v-800w-boias-de-sinalizacao","status":"publish","type":"product","link":"https:\/\/stoic-curie.212-227-153-4.plesk.page\/pt\/product\/bomba-inflavel-eletrica-12v-800w-boias-de-sinalizacao\/","title":{"rendered":"Bomba Infl\u00e1vel El\u00e9trica 12v 800w (B\u00f3ias de Sinaliza\u00e7\u00e3o)"},"content":{"rendered":"<p>Bomba Infl\u00e1vel El\u00e9trica 12v 800w (B\u00f3ias de Sinaliza\u00e7\u00e3o) &#8211; <\/p>\n<p>Inflador compacto alimentado por 220V com mangueira de 1 m. Pode inflar e desinflar. Consumo de 800W. Dimens\u00f5es: 20 x 13 x A15 cm. Completo com adaptador para itens infl\u00e1veis e b\u00f3ias de corrida.<\/p>\n","protected":false},"excerpt":{"rendered":"<p>Bomba Infl\u00e1vel El\u00e9trica 12v 800w (B\u00f3ias de Sinaliza\u00e7\u00e3o) &#8211; Inflador compacto alimentado por 220V com mangueira de 1 m. Pode<\/p>\n","protected":false},"featured_media":5945092,"comment_status":"open","ping_status":"closed","template":"","meta":[],"product_brand":[3492],"product_cat":[2137],"product_tag":[],"class_list":{"0":"post-750050","1":"product","2":"type-product","3":"status-publish","4":"has-post-thumbnail","6":"product_brand-trem-pt","7":"product_cat-boias-de-amarracao-e-sinalizacao","9":"first","10":"instock","11":"shipping-taxable","12":"purchasable","13":"product-type-simple"},"_links":{"self":[{"href":"https:\/\/stoic-curie.212-227-153-4.plesk.page\/pt\/wp-json\/wp\/v2\/product\/750050","targetHints":{"allow":["GET"]}}],"collection":[{"href":"https:\/\/stoic-curie.212-227-153-4.plesk.page\/pt\/wp-json\/wp\/v2\/product"}],"about":[{"href":"https:\/\/stoic-curie.212-227-153-4.plesk.page\/pt\/wp-json\/wp\/v2\/types\/product"}],"replies":[{"embeddable":true,"href":"https:\/\/stoic-curie.212-227-153-4.plesk.page\/pt\/wp-json\/wp\/v2\/comments?post=750050"}],"version-history":[{"count":0,"href":"https:\/\/stoic-curie.212-227-153-4.plesk.page\/pt\/wp-json\/wp\/v2\/product\/750050\/revisions"}],"wp:featuredmedia":[{"embeddable":true,"href":"https:\/\/stoic-curie.212-227-153-4.plesk.page\/pt\/wp-json\/wp\/v2\/media\/5945092"}],"wp:attachment":[{"href":"https:\/\/stoic-curie.212-227-153-4.plesk.page\/pt\/wp-json\/wp\/v2\/media?parent=750050"}],"wp:term":[{"taxonomy":"product_brand","embeddable":true,"href":"https:\/\/stoic-curie.212-227-153-4.plesk.page\/pt\/wp-json\/wp\/v2\/product_brand?post=750050"},{"taxonomy":"product_cat","embeddable":true,"href":"https:\/\/stoic-curie.212-227-153-4.plesk.page\/pt\/wp-json\/wp\/v2\/product_cat?post=750050"},{"taxonomy":"product_tag","embeddable":true,"href":"https:\/\/stoic-curie.212-227-153-4.plesk.page\/pt\/wp-json\/wp\/v2\/product_tag?post=750050"}],"curies":[{"name":"wp","href":"https:\/\/api.w.org\/{rel}","templated":true}]}}