{"id":750051,"date":"2025-03-03T22:34:04","date_gmt":"2025-03-03T21:34:04","guid":{"rendered":"https:\/\/stoic-curie.212-227-153-4.plesk.page\/producto\/boia-inflavel-de-sinalizacao-amarela-100-x-a150cm\/"},"modified":"2026-02-25T00:28:11","modified_gmt":"2026-02-25T00:28:11","slug":"boia-inflavel-de-sinalizacao-amarela-100-x-a150cm","status":"publish","type":"product","link":"https:\/\/stoic-curie.212-227-153-4.plesk.page\/pt\/product\/boia-inflavel-de-sinalizacao-amarela-100-x-a150cm\/","title":{"rendered":"B\u00f3ia Infl\u00e1vel de Sinaliza\u00e7\u00e3o Amarela 100 x A150cm"},"content":{"rendered":"<p>B\u00f3ia Infl\u00e1vel de Sinaliza\u00e7\u00e3o Amarela 100 x A150cm &#8211; <\/p>\n<p>Bouys infl\u00e1veis de corrida em poli\u00e9ster 1000D, cobertos com PVC, muito resistentes e dur\u00e1veis. Com v\u00e1lvula de infla\u00e7\u00e3o e desinfla\u00e7\u00e3o r\u00e1pida e 5 an\u00e9is de a\u00e7o inoxid\u00e1vel na base que garantem um fixamento seguro e resistente em qualquer condi\u00e7\u00e3o clim\u00e1tica. Gra\u00e7as \u00e0 resist\u00eancia do material, n\u00e3o \u00e9 necess\u00e1rio uma rede. Completo com al\u00e7as para f\u00e1cil transporte e posicionamento e 3 bolsos de PVC para exibir an\u00fancios. Bomba de infla\u00e7\u00e3o opcional compacta e r\u00e1pida, c\u00f3digo 2930080.<\/p>\n","protected":false},"excerpt":{"rendered":"<p>B\u00f3ia Infl\u00e1vel de Sinaliza\u00e7\u00e3o Amarela 100 x A150cm &#8211; Bouys infl\u00e1veis de corrida em poli\u00e9ster 1000D, cobertos com PVC, muito<\/p>\n","protected":false},"featured_media":5945099,"comment_status":"open","ping_status":"closed","template":"","meta":[],"product_brand":[3492],"product_cat":[2137],"product_tag":[],"class_list":{"0":"post-750051","1":"product","2":"type-product","3":"status-publish","4":"has-post-thumbnail","6":"product_brand-trem-pt","7":"product_cat-boias-de-amarracao-e-sinalizacao","9":"first","10":"instock","11":"shipping-taxable","12":"purchasable","13":"product-type-simple"},"_links":{"self":[{"href":"https:\/\/stoic-curie.212-227-153-4.plesk.page\/pt\/wp-json\/wp\/v2\/product\/750051","targetHints":{"allow":["GET"]}}],"collection":[{"href":"https:\/\/stoic-curie.212-227-153-4.plesk.page\/pt\/wp-json\/wp\/v2\/product"}],"about":[{"href":"https:\/\/stoic-curie.212-227-153-4.plesk.page\/pt\/wp-json\/wp\/v2\/types\/product"}],"replies":[{"embeddable":true,"href":"https:\/\/stoic-curie.212-227-153-4.plesk.page\/pt\/wp-json\/wp\/v2\/comments?post=750051"}],"version-history":[{"count":0,"href":"https:\/\/stoic-curie.212-227-153-4.plesk.page\/pt\/wp-json\/wp\/v2\/product\/750051\/revisions"}],"wp:featuredmedia":[{"embeddable":true,"href":"https:\/\/stoic-curie.212-227-153-4.plesk.page\/pt\/wp-json\/wp\/v2\/media\/5945099"}],"wp:attachment":[{"href":"https:\/\/stoic-curie.212-227-153-4.plesk.page\/pt\/wp-json\/wp\/v2\/media?parent=750051"}],"wp:term":[{"taxonomy":"product_brand","embeddable":true,"href":"https:\/\/stoic-curie.212-227-153-4.plesk.page\/pt\/wp-json\/wp\/v2\/product_brand?post=750051"},{"taxonomy":"product_cat","embeddable":true,"href":"https:\/\/stoic-curie.212-227-153-4.plesk.page\/pt\/wp-json\/wp\/v2\/product_cat?post=750051"},{"taxonomy":"product_tag","embeddable":true,"href":"https:\/\/stoic-curie.212-227-153-4.plesk.page\/pt\/wp-json\/wp\/v2\/product_tag?post=750051"}],"curies":[{"name":"wp","href":"https:\/\/api.w.org\/{rel}","templated":true}]}}