{"id":750054,"date":"2025-03-03T22:34:07","date_gmt":"2025-03-03T21:34:07","guid":{"rendered":"https:\/\/stoic-curie.212-227-153-4.plesk.page\/producto\/boia-inflavel-de-sinalizacao-laranja-150-x-a150cm\/"},"modified":"2026-02-25T00:28:11","modified_gmt":"2026-02-25T00:28:11","slug":"boia-inflavel-de-sinalizacao-laranja-150-x-a150cm","status":"publish","type":"product","link":"https:\/\/stoic-curie.212-227-153-4.plesk.page\/pt\/product\/boia-inflavel-de-sinalizacao-laranja-150-x-a150cm\/","title":{"rendered":"B\u00f3ia Infl\u00e1vel de Sinaliza\u00e7\u00e3o Laranja 150 x A150cm"},"content":{"rendered":"<p>B\u00f3ia Infl\u00e1vel de Sinaliza\u00e7\u00e3o Laranja 150 x A150cm &#8211; <\/p>\n<p>B\u00f3ia de corrida infl\u00e1vel de poli\u00e9ster 1000D revestida de PVC, muito resistente e dur\u00e1vel. Com v\u00e1lvula de inflagem e desinflagem r\u00e1pida e 5 an\u00e9is de a\u00e7o inoxid\u00e1vel na base que garantem uma fixa\u00e7\u00e3o segura e resistente em todas as condi\u00e7\u00f5es clim\u00e1ticas. Gra\u00e7as \u00e0 resist\u00eancia do material, n\u00e3o \u00e9 necess\u00e1rio rede. Completa com al\u00e7as para f\u00e1cil transporte e posicionamento e 3 bolsos de PVC para exibir qualquer publicidade. Bomba infladora compacta e r\u00e1pida, c\u00f3digo 2930080.<\/p>\n","protected":false},"excerpt":{"rendered":"<p>B\u00f3ia Infl\u00e1vel de Sinaliza\u00e7\u00e3o Laranja 150 x A150cm &#8211; B\u00f3ia de corrida infl\u00e1vel de poli\u00e9ster 1000D revestida de PVC, muito<\/p>\n","protected":false},"featured_media":5945099,"comment_status":"open","ping_status":"closed","template":"","meta":[],"product_brand":[3492],"product_cat":[2137],"product_tag":[],"class_list":{"0":"post-750054","1":"product","2":"type-product","3":"status-publish","4":"has-post-thumbnail","6":"product_brand-trem-pt","7":"product_cat-boias-de-amarracao-e-sinalizacao","9":"first","10":"instock","11":"shipping-taxable","12":"purchasable","13":"product-type-simple"},"_links":{"self":[{"href":"https:\/\/stoic-curie.212-227-153-4.plesk.page\/pt\/wp-json\/wp\/v2\/product\/750054","targetHints":{"allow":["GET"]}}],"collection":[{"href":"https:\/\/stoic-curie.212-227-153-4.plesk.page\/pt\/wp-json\/wp\/v2\/product"}],"about":[{"href":"https:\/\/stoic-curie.212-227-153-4.plesk.page\/pt\/wp-json\/wp\/v2\/types\/product"}],"replies":[{"embeddable":true,"href":"https:\/\/stoic-curie.212-227-153-4.plesk.page\/pt\/wp-json\/wp\/v2\/comments?post=750054"}],"version-history":[{"count":0,"href":"https:\/\/stoic-curie.212-227-153-4.plesk.page\/pt\/wp-json\/wp\/v2\/product\/750054\/revisions"}],"wp:featuredmedia":[{"embeddable":true,"href":"https:\/\/stoic-curie.212-227-153-4.plesk.page\/pt\/wp-json\/wp\/v2\/media\/5945099"}],"wp:attachment":[{"href":"https:\/\/stoic-curie.212-227-153-4.plesk.page\/pt\/wp-json\/wp\/v2\/media?parent=750054"}],"wp:term":[{"taxonomy":"product_brand","embeddable":true,"href":"https:\/\/stoic-curie.212-227-153-4.plesk.page\/pt\/wp-json\/wp\/v2\/product_brand?post=750054"},{"taxonomy":"product_cat","embeddable":true,"href":"https:\/\/stoic-curie.212-227-153-4.plesk.page\/pt\/wp-json\/wp\/v2\/product_cat?post=750054"},{"taxonomy":"product_tag","embeddable":true,"href":"https:\/\/stoic-curie.212-227-153-4.plesk.page\/pt\/wp-json\/wp\/v2\/product_tag?post=750054"}],"curies":[{"name":"wp","href":"https:\/\/api.w.org\/{rel}","templated":true}]}}