{"id":750058,"date":"2025-03-03T22:34:08","date_gmt":"2025-03-03T21:34:08","guid":{"rendered":"https:\/\/stoic-curie.212-227-153-4.plesk.page\/producto\/boia-de-amarracao-de-poliuretano-castro-com-espuma-460x900mm\/"},"modified":"2026-02-25T00:28:11","modified_gmt":"2026-02-25T00:28:11","slug":"boia-de-amarracao-de-poliuretano-castro-com-espuma-460x900mm","status":"publish","type":"product","link":"https:\/\/stoic-curie.212-227-153-4.plesk.page\/pt\/product\/boia-de-amarracao-de-poliuretano-castro-com-espuma-460x900mm\/","title":{"rendered":"B\u00f3ia de Amarra\u00e7\u00e3o de Poliuretano Castro com Espuma 460x900mm"},"content":{"rendered":"<p>B\u00f3ia de Amarra\u00e7\u00e3o de Poliuretano Castro com Espuma 460x900mm &#8211; <\/p>\n<p>B\u00f3ia de polietileno refor\u00e7ado preenchida com espuma de poliuretano de c\u00e9lula fechada. Barra de a\u00e7o de alta resist\u00eancia revestida com Rilsan. Excelente resist\u00eancia \u00e0 abras\u00e3o e aos raios UVA. Flutuabilidade excepcional.<\/p>\n","protected":false},"excerpt":{"rendered":"<p>B\u00f3ia de Amarra\u00e7\u00e3o de Poliuretano Castro com Espuma 460x900mm &#8211; B\u00f3ia de polietileno refor\u00e7ado preenchida com espuma de poliuretano de<\/p>\n","protected":false},"featured_media":5945104,"comment_status":"open","ping_status":"closed","template":"","meta":[],"product_brand":[3027],"product_cat":[2137],"product_tag":[],"class_list":{"0":"post-750058","1":"product","2":"type-product","3":"status-publish","4":"has-post-thumbnail","6":"product_brand-ip-castro-pt","7":"product_cat-boias-de-amarracao-e-sinalizacao","9":"first","10":"instock","11":"shipping-taxable","12":"purchasable","13":"product-type-simple"},"_links":{"self":[{"href":"https:\/\/stoic-curie.212-227-153-4.plesk.page\/pt\/wp-json\/wp\/v2\/product\/750058","targetHints":{"allow":["GET"]}}],"collection":[{"href":"https:\/\/stoic-curie.212-227-153-4.plesk.page\/pt\/wp-json\/wp\/v2\/product"}],"about":[{"href":"https:\/\/stoic-curie.212-227-153-4.plesk.page\/pt\/wp-json\/wp\/v2\/types\/product"}],"replies":[{"embeddable":true,"href":"https:\/\/stoic-curie.212-227-153-4.plesk.page\/pt\/wp-json\/wp\/v2\/comments?post=750058"}],"version-history":[{"count":0,"href":"https:\/\/stoic-curie.212-227-153-4.plesk.page\/pt\/wp-json\/wp\/v2\/product\/750058\/revisions"}],"wp:featuredmedia":[{"embeddable":true,"href":"https:\/\/stoic-curie.212-227-153-4.plesk.page\/pt\/wp-json\/wp\/v2\/media\/5945104"}],"wp:attachment":[{"href":"https:\/\/stoic-curie.212-227-153-4.plesk.page\/pt\/wp-json\/wp\/v2\/media?parent=750058"}],"wp:term":[{"taxonomy":"product_brand","embeddable":true,"href":"https:\/\/stoic-curie.212-227-153-4.plesk.page\/pt\/wp-json\/wp\/v2\/product_brand?post=750058"},{"taxonomy":"product_cat","embeddable":true,"href":"https:\/\/stoic-curie.212-227-153-4.plesk.page\/pt\/wp-json\/wp\/v2\/product_cat?post=750058"},{"taxonomy":"product_tag","embeddable":true,"href":"https:\/\/stoic-curie.212-227-153-4.plesk.page\/pt\/wp-json\/wp\/v2\/product_tag?post=750058"}],"curies":[{"name":"wp","href":"https:\/\/api.w.org\/{rel}","templated":true}]}}