{"id":750066,"date":"2025-03-03T22:34:11","date_gmt":"2025-03-03T21:34:11","guid":{"rendered":"https:\/\/stoic-curie.212-227-153-4.plesk.page\/producto\/boia-castro-a-5hd-vermelha-620mm\/"},"modified":"2026-02-25T00:28:11","modified_gmt":"2026-02-25T00:28:11","slug":"boia-castro-a-5hd-vermelha-620mm","status":"publish","type":"product","link":"https:\/\/stoic-curie.212-227-153-4.plesk.page\/pt\/product\/boia-castro-a-5hd-vermelha-620mm\/","title":{"rendered":"B\u00f3ia Castro A-5HD Vermelha 620mm"},"content":{"rendered":"<p>B\u00f3ia Castro A-5HD Vermelha 620mm &#8211; <\/p>\n<p>Pantufas extremamente robustas com um ilh\u00f3s refor\u00e7ado. Jun\u00e7\u00e3o de anel refor\u00e7ada entre o corpo e a cabe\u00e7a. V\u00e1lvula de alta qualidade para um selamento perfeito.<\/p>\n","protected":false},"excerpt":{"rendered":"<p>B\u00f3ia Castro A-5HD Vermelha 620mm &#8211; Pantufas extremamente robustas com um ilh\u00f3s refor\u00e7ado. Jun\u00e7\u00e3o de anel refor\u00e7ada entre o corpo<\/p>\n","protected":false},"featured_media":5945105,"comment_status":"open","ping_status":"closed","template":"","meta":[],"product_brand":[3027],"product_cat":[2137],"product_tag":[],"class_list":{"0":"post-750066","1":"product","2":"type-product","3":"status-publish","4":"has-post-thumbnail","6":"product_brand-ip-castro-pt","7":"product_cat-boias-de-amarracao-e-sinalizacao","9":"first","10":"instock","11":"shipping-taxable","12":"purchasable","13":"product-type-simple"},"_links":{"self":[{"href":"https:\/\/stoic-curie.212-227-153-4.plesk.page\/pt\/wp-json\/wp\/v2\/product\/750066","targetHints":{"allow":["GET"]}}],"collection":[{"href":"https:\/\/stoic-curie.212-227-153-4.plesk.page\/pt\/wp-json\/wp\/v2\/product"}],"about":[{"href":"https:\/\/stoic-curie.212-227-153-4.plesk.page\/pt\/wp-json\/wp\/v2\/types\/product"}],"replies":[{"embeddable":true,"href":"https:\/\/stoic-curie.212-227-153-4.plesk.page\/pt\/wp-json\/wp\/v2\/comments?post=750066"}],"version-history":[{"count":0,"href":"https:\/\/stoic-curie.212-227-153-4.plesk.page\/pt\/wp-json\/wp\/v2\/product\/750066\/revisions"}],"wp:featuredmedia":[{"embeddable":true,"href":"https:\/\/stoic-curie.212-227-153-4.plesk.page\/pt\/wp-json\/wp\/v2\/media\/5945105"}],"wp:attachment":[{"href":"https:\/\/stoic-curie.212-227-153-4.plesk.page\/pt\/wp-json\/wp\/v2\/media?parent=750066"}],"wp:term":[{"taxonomy":"product_brand","embeddable":true,"href":"https:\/\/stoic-curie.212-227-153-4.plesk.page\/pt\/wp-json\/wp\/v2\/product_brand?post=750066"},{"taxonomy":"product_cat","embeddable":true,"href":"https:\/\/stoic-curie.212-227-153-4.plesk.page\/pt\/wp-json\/wp\/v2\/product_cat?post=750066"},{"taxonomy":"product_tag","embeddable":true,"href":"https:\/\/stoic-curie.212-227-153-4.plesk.page\/pt\/wp-json\/wp\/v2\/product_tag?post=750066"}],"curies":[{"name":"wp","href":"https:\/\/api.w.org\/{rel}","templated":true}]}}