{"id":750068,"date":"2025-03-03T22:34:11","date_gmt":"2025-03-03T21:34:11","guid":{"rendered":"https:\/\/stoic-curie.212-227-153-4.plesk.page\/producto\/defensa-castro-f3-cabeca-azul-750x220mm\/"},"modified":"2026-02-25T00:28:11","modified_gmt":"2026-02-25T00:28:11","slug":"defensa-castro-f3-cabeca-azul-750x220mm","status":"publish","type":"product","link":"https:\/\/stoic-curie.212-227-153-4.plesk.page\/pt\/product\/defensa-castro-f3-cabeca-azul-750x220mm\/","title":{"rendered":"Defensa Castro F3 Cabe\u00e7a Azul 750x220mm"},"content":{"rendered":"<p>Defensa Castro F3 Cabe\u00e7a Azul 750x220mm &#8211; <\/p>\n<p>B\u00f3ias extremamente robustas com dois ilhoses refor\u00e7ados. Conex\u00e3o de anel refor\u00e7ada entre o corpo e a cabe\u00e7a. V\u00e1lvula de alta qualidade para um fechamento perfeito.<\/p>\n","protected":false},"excerpt":{"rendered":"<p>Defensa Castro F3 Cabe\u00e7a Azul 750x220mm &#8211; B\u00f3ias extremamente robustas com dois ilhoses refor\u00e7ados. Conex\u00e3o de anel refor\u00e7ada entre o<\/p>\n","protected":false},"featured_media":5945112,"comment_status":"open","ping_status":"closed","template":"","meta":[],"product_brand":[2304,3027],"product_cat":[2135],"product_tag":[],"class_list":{"0":"post-750068","1":"product","2":"type-product","3":"status-publish","4":"has-post-thumbnail","6":"product_brand-ip-castro","7":"product_brand-ip-castro-pt","8":"product_cat-defensas-boias-e-defensas","10":"first","11":"instock","12":"shipping-taxable","13":"purchasable","14":"product-type-simple"},"_links":{"self":[{"href":"https:\/\/stoic-curie.212-227-153-4.plesk.page\/pt\/wp-json\/wp\/v2\/product\/750068","targetHints":{"allow":["GET"]}}],"collection":[{"href":"https:\/\/stoic-curie.212-227-153-4.plesk.page\/pt\/wp-json\/wp\/v2\/product"}],"about":[{"href":"https:\/\/stoic-curie.212-227-153-4.plesk.page\/pt\/wp-json\/wp\/v2\/types\/product"}],"replies":[{"embeddable":true,"href":"https:\/\/stoic-curie.212-227-153-4.plesk.page\/pt\/wp-json\/wp\/v2\/comments?post=750068"}],"version-history":[{"count":0,"href":"https:\/\/stoic-curie.212-227-153-4.plesk.page\/pt\/wp-json\/wp\/v2\/product\/750068\/revisions"}],"wp:featuredmedia":[{"embeddable":true,"href":"https:\/\/stoic-curie.212-227-153-4.plesk.page\/pt\/wp-json\/wp\/v2\/media\/5945112"}],"wp:attachment":[{"href":"https:\/\/stoic-curie.212-227-153-4.plesk.page\/pt\/wp-json\/wp\/v2\/media?parent=750068"}],"wp:term":[{"taxonomy":"product_brand","embeddable":true,"href":"https:\/\/stoic-curie.212-227-153-4.plesk.page\/pt\/wp-json\/wp\/v2\/product_brand?post=750068"},{"taxonomy":"product_cat","embeddable":true,"href":"https:\/\/stoic-curie.212-227-153-4.plesk.page\/pt\/wp-json\/wp\/v2\/product_cat?post=750068"},{"taxonomy":"product_tag","embeddable":true,"href":"https:\/\/stoic-curie.212-227-153-4.plesk.page\/pt\/wp-json\/wp\/v2\/product_tag?post=750068"}],"curies":[{"name":"wp","href":"https:\/\/api.w.org\/{rel}","templated":true}]}}