{"id":750071,"date":"2025-03-03T22:34:12","date_gmt":"2025-03-03T21:34:12","guid":{"rendered":"https:\/\/stoic-curie.212-227-153-4.plesk.page\/producto\/defensa-castro-f6-cabeca-azul-1000x270mm\/"},"modified":"2026-02-25T00:28:11","modified_gmt":"2026-02-25T00:28:11","slug":"defensa-castro-f6-cabeca-azul-1000x270mm","status":"publish","type":"product","link":"https:\/\/stoic-curie.212-227-153-4.plesk.page\/pt\/product\/defensa-castro-f6-cabeca-azul-1000x270mm\/","title":{"rendered":"Defensa Castro F6 Cabe\u00e7a Azul 1000x270mm"},"content":{"rendered":"<p>Defensa Castro F6 Cabe\u00e7a Azul 1000x270mm &#8211; <\/p>\n<p>Fenders extremamente robustos com dois ilh\u00f3s refor\u00e7ados. Junta de anel refor\u00e7ado entre o corpo e a cabe\u00e7a. V\u00e1lvula de alta qualidade para um vedante perfeito.<\/p>\n","protected":false},"excerpt":{"rendered":"<p>Defensa Castro F6 Cabe\u00e7a Azul 1000x270mm &#8211; Fenders extremamente robustos com dois ilh\u00f3s refor\u00e7ados. Junta de anel refor\u00e7ado entre o<\/p>\n","protected":false},"featured_media":5945112,"comment_status":"open","ping_status":"closed","template":"","meta":[],"product_brand":[3027],"product_cat":[2135],"product_tag":[],"class_list":{"0":"post-750071","1":"product","2":"type-product","3":"status-publish","4":"has-post-thumbnail","6":"product_brand-ip-castro-pt","7":"product_cat-defensas-boias-e-defensas","9":"first","10":"instock","11":"shipping-taxable","12":"purchasable","13":"product-type-simple"},"_links":{"self":[{"href":"https:\/\/stoic-curie.212-227-153-4.plesk.page\/pt\/wp-json\/wp\/v2\/product\/750071","targetHints":{"allow":["GET"]}}],"collection":[{"href":"https:\/\/stoic-curie.212-227-153-4.plesk.page\/pt\/wp-json\/wp\/v2\/product"}],"about":[{"href":"https:\/\/stoic-curie.212-227-153-4.plesk.page\/pt\/wp-json\/wp\/v2\/types\/product"}],"replies":[{"embeddable":true,"href":"https:\/\/stoic-curie.212-227-153-4.plesk.page\/pt\/wp-json\/wp\/v2\/comments?post=750071"}],"version-history":[{"count":0,"href":"https:\/\/stoic-curie.212-227-153-4.plesk.page\/pt\/wp-json\/wp\/v2\/product\/750071\/revisions"}],"wp:featuredmedia":[{"embeddable":true,"href":"https:\/\/stoic-curie.212-227-153-4.plesk.page\/pt\/wp-json\/wp\/v2\/media\/5945112"}],"wp:attachment":[{"href":"https:\/\/stoic-curie.212-227-153-4.plesk.page\/pt\/wp-json\/wp\/v2\/media?parent=750071"}],"wp:term":[{"taxonomy":"product_brand","embeddable":true,"href":"https:\/\/stoic-curie.212-227-153-4.plesk.page\/pt\/wp-json\/wp\/v2\/product_brand?post=750071"},{"taxonomy":"product_cat","embeddable":true,"href":"https:\/\/stoic-curie.212-227-153-4.plesk.page\/pt\/wp-json\/wp\/v2\/product_cat?post=750071"},{"taxonomy":"product_tag","embeddable":true,"href":"https:\/\/stoic-curie.212-227-153-4.plesk.page\/pt\/wp-json\/wp\/v2\/product_tag?post=750071"}],"curies":[{"name":"wp","href":"https:\/\/api.w.org\/{rel}","templated":true}]}}