{"id":750075,"date":"2025-03-03T22:34:14","date_gmt":"2025-03-03T21:34:14","guid":{"rendered":"https:\/\/stoic-curie.212-227-153-4.plesk.page\/producto\/defensa-castro-nfd3-branca-710x260mm\/"},"modified":"2026-02-25T00:28:11","modified_gmt":"2026-02-25T00:28:11","slug":"defensa-castro-nfd3-branca-710x260mm","status":"publish","type":"product","link":"https:\/\/stoic-curie.212-227-153-4.plesk.page\/pt\/product\/defensa-castro-nfd3-branca-710x260mm\/","title":{"rendered":"Defensa Castro NFD3 Branca 710x260mm"},"content":{"rendered":"<p>Defensa Castro NFD3 Branca 710x260mm &#8211; <\/p>\n<p>Fenders muito robustos com um design moderno e elegante. Grande capacidade de fender gra\u00e7as \u00e0 sua superf\u00edcie mais ampla. Olhal refor\u00e7ado embutido e v\u00e1lvula de alta qualidade para um selamento perfeito.<\/p>\n","protected":false},"excerpt":{"rendered":"<p>Defensa Castro NFD3 Branca 710x260mm &#8211; Fenders muito robustos com um design moderno e elegante. Grande capacidade de fender gra\u00e7as<\/p>\n","protected":false},"featured_media":5945126,"comment_status":"open","ping_status":"closed","template":"","meta":[],"product_brand":[3027],"product_cat":[2135],"product_tag":[],"class_list":{"0":"post-750075","1":"product","2":"type-product","3":"status-publish","4":"has-post-thumbnail","6":"product_brand-ip-castro-pt","7":"product_cat-defensas-boias-e-defensas","9":"first","10":"instock","11":"shipping-taxable","12":"purchasable","13":"product-type-simple"},"_links":{"self":[{"href":"https:\/\/stoic-curie.212-227-153-4.plesk.page\/pt\/wp-json\/wp\/v2\/product\/750075","targetHints":{"allow":["GET"]}}],"collection":[{"href":"https:\/\/stoic-curie.212-227-153-4.plesk.page\/pt\/wp-json\/wp\/v2\/product"}],"about":[{"href":"https:\/\/stoic-curie.212-227-153-4.plesk.page\/pt\/wp-json\/wp\/v2\/types\/product"}],"replies":[{"embeddable":true,"href":"https:\/\/stoic-curie.212-227-153-4.plesk.page\/pt\/wp-json\/wp\/v2\/comments?post=750075"}],"version-history":[{"count":0,"href":"https:\/\/stoic-curie.212-227-153-4.plesk.page\/pt\/wp-json\/wp\/v2\/product\/750075\/revisions"}],"wp:featuredmedia":[{"embeddable":true,"href":"https:\/\/stoic-curie.212-227-153-4.plesk.page\/pt\/wp-json\/wp\/v2\/media\/5945126"}],"wp:attachment":[{"href":"https:\/\/stoic-curie.212-227-153-4.plesk.page\/pt\/wp-json\/wp\/v2\/media?parent=750075"}],"wp:term":[{"taxonomy":"product_brand","embeddable":true,"href":"https:\/\/stoic-curie.212-227-153-4.plesk.page\/pt\/wp-json\/wp\/v2\/product_brand?post=750075"},{"taxonomy":"product_cat","embeddable":true,"href":"https:\/\/stoic-curie.212-227-153-4.plesk.page\/pt\/wp-json\/wp\/v2\/product_cat?post=750075"},{"taxonomy":"product_tag","embeddable":true,"href":"https:\/\/stoic-curie.212-227-153-4.plesk.page\/pt\/wp-json\/wp\/v2\/product_tag?post=750075"}],"curies":[{"name":"wp","href":"https:\/\/api.w.org\/{rel}","templated":true}]}}