{"id":750106,"date":"2025-03-03T22:38:14","date_gmt":"2025-03-03T21:38:14","guid":{"rendered":"https:\/\/stoic-curie.212-227-153-4.plesk.page\/producto\/capa-para-defensa-mega-910x360mm-cinza\/"},"modified":"2026-02-25T00:28:11","modified_gmt":"2026-02-25T00:28:11","slug":"capa-para-defensa-mega-910x360mm-cinza","status":"publish","type":"product","link":"https:\/\/stoic-curie.212-227-153-4.plesk.page\/pt\/product\/capa-para-defensa-mega-910x360mm-cinza\/","title":{"rendered":"Capa para Defensa Mega 910x360mm Cinza"},"content":{"rendered":"<p>Capa para Defensa Mega 910x360mm Cinza &#8211; <\/p>\n<p>Tecido de fleece de dupla camada dur\u00e1vel Fendress para capas de fenders Mega Fender. Protege os Mega Fender eliminando o desgaste, marcas de arranh\u00f5es e rangidos. Macias e resistentes, n\u00e3o mancham as laterais e duram mais.<\/p>\n","protected":false},"excerpt":{"rendered":"<p>Capa para Defensa Mega 910x360mm Cinza &#8211; Tecido de fleece de dupla camada dur\u00e1vel Fendress para capas de fenders Mega<\/p>\n","protected":false},"featured_media":5945138,"comment_status":"open","ping_status":"closed","template":"","meta":[],"product_brand":[2937],"product_cat":[2138],"product_tag":[],"class_list":{"0":"post-750106","1":"product","2":"type-product","3":"status-publish","4":"has-post-thumbnail","6":"product_brand-fendress-pt","7":"product_cat-capas-para-defensas","9":"first","10":"instock","11":"shipping-taxable","12":"purchasable","13":"product-type-simple"},"_links":{"self":[{"href":"https:\/\/stoic-curie.212-227-153-4.plesk.page\/pt\/wp-json\/wp\/v2\/product\/750106","targetHints":{"allow":["GET"]}}],"collection":[{"href":"https:\/\/stoic-curie.212-227-153-4.plesk.page\/pt\/wp-json\/wp\/v2\/product"}],"about":[{"href":"https:\/\/stoic-curie.212-227-153-4.plesk.page\/pt\/wp-json\/wp\/v2\/types\/product"}],"replies":[{"embeddable":true,"href":"https:\/\/stoic-curie.212-227-153-4.plesk.page\/pt\/wp-json\/wp\/v2\/comments?post=750106"}],"version-history":[{"count":0,"href":"https:\/\/stoic-curie.212-227-153-4.plesk.page\/pt\/wp-json\/wp\/v2\/product\/750106\/revisions"}],"wp:featuredmedia":[{"embeddable":true,"href":"https:\/\/stoic-curie.212-227-153-4.plesk.page\/pt\/wp-json\/wp\/v2\/media\/5945138"}],"wp:attachment":[{"href":"https:\/\/stoic-curie.212-227-153-4.plesk.page\/pt\/wp-json\/wp\/v2\/media?parent=750106"}],"wp:term":[{"taxonomy":"product_brand","embeddable":true,"href":"https:\/\/stoic-curie.212-227-153-4.plesk.page\/pt\/wp-json\/wp\/v2\/product_brand?post=750106"},{"taxonomy":"product_cat","embeddable":true,"href":"https:\/\/stoic-curie.212-227-153-4.plesk.page\/pt\/wp-json\/wp\/v2\/product_cat?post=750106"},{"taxonomy":"product_tag","embeddable":true,"href":"https:\/\/stoic-curie.212-227-153-4.plesk.page\/pt\/wp-json\/wp\/v2\/product_tag?post=750106"}],"curies":[{"name":"wp","href":"https:\/\/api.w.org\/{rel}","templated":true}]}}