{"id":750129,"date":"2025-03-03T22:38:21","date_gmt":"2025-03-03T21:38:21","guid":{"rendered":"https:\/\/stoic-curie.212-227-153-4.plesk.page\/producto\/capa-para-defensa-fendress-f10-dark-grey\/"},"modified":"2026-02-25T00:28:11","modified_gmt":"2026-02-25T00:28:11","slug":"capa-para-defensa-fendress-f10-dark-grey","status":"publish","type":"product","link":"https:\/\/stoic-curie.212-227-153-4.plesk.page\/pt\/product\/capa-para-defensa-fendress-f10-dark-grey\/","title":{"rendered":"Capa para Defensa Fendress F10 Dark Grey"},"content":{"rendered":"<p>Capa para Defensa Fendress F10 Dark Grey &#8211; <\/p>\n<p>Capas de fender Fendress feitas \u00e0 m\u00e3o em fleece macio. Prote\u00e7\u00e3o premium para os seus fenders, eliminando rangidos e marcas de fric\u00e7\u00e3o. Macias e resistentes, estas capas de fender protegem eficazmente a sua pintura de gel-coat e prolongam a dura\u00e7\u00e3o dos seus fenders.<\/p>\n<p>\u2022 As \u201cFendress Covers\u201d s\u00e3o 100% acr\u00edlicas, feitas \u00e0 m\u00e3o e de alta qualidade, resistentes e n\u00e3o abrasivas. Capas de fleece macias e peludas oferecem a prote\u00e7\u00e3o definitiva para os seus lados.<br \/>\u2022 As \u201cFendress Covers\u201d s\u00e3o resistentes aos raios UV e \u00e0 \u00e1gua do mar, protegendo eficazmente a sua pintura de gel-coat de marcas de fric\u00e7\u00e3o e abras\u00f5es. O tecido de fleece resistente e robusto cont\u00e9m todas as melhores caracter\u00edsticas, incluindo resist\u00eancia a rasgos e abras\u00f5es, capacidade de secagem r\u00e1pida e f\u00e1cil remo\u00e7\u00e3o para limpeza.<br \/>\u2022 As \u201cFendress Covers\u201d fazem com que os seus fenders durem mais e eliminam o irritante rangido. As cores resistentes aos raios UV n\u00e3o marcam os seus lados. Lav\u00e1veis na m\u00e1quina.<br \/>\u2022 As \u201cFendress Covers\u201d t\u00eam um topo de alta resist\u00eancia e uma bainha inferior el\u00e1stica que permite um ajuste personalizado para todos os tipos de fenders. As capas est\u00e3o dispon\u00edveis em 9 cores.<\/p>\n","protected":false},"excerpt":{"rendered":"<p>Capa para Defensa Fendress F10 Dark Grey &#8211; Capas de fender Fendress feitas \u00e0 m\u00e3o em fleece macio. Prote\u00e7\u00e3o premium<\/p>\n","protected":false},"featured_media":5945142,"comment_status":"open","ping_status":"closed","template":"","meta":[],"product_brand":[2937],"product_cat":[2138],"product_tag":[],"class_list":{"0":"post-750129","1":"product","2":"type-product","3":"status-publish","4":"has-post-thumbnail","6":"product_brand-fendress-pt","7":"product_cat-capas-para-defensas","9":"first","10":"instock","11":"shipping-taxable","12":"purchasable","13":"product-type-simple"},"_links":{"self":[{"href":"https:\/\/stoic-curie.212-227-153-4.plesk.page\/pt\/wp-json\/wp\/v2\/product\/750129","targetHints":{"allow":["GET"]}}],"collection":[{"href":"https:\/\/stoic-curie.212-227-153-4.plesk.page\/pt\/wp-json\/wp\/v2\/product"}],"about":[{"href":"https:\/\/stoic-curie.212-227-153-4.plesk.page\/pt\/wp-json\/wp\/v2\/types\/product"}],"replies":[{"embeddable":true,"href":"https:\/\/stoic-curie.212-227-153-4.plesk.page\/pt\/wp-json\/wp\/v2\/comments?post=750129"}],"version-history":[{"count":0,"href":"https:\/\/stoic-curie.212-227-153-4.plesk.page\/pt\/wp-json\/wp\/v2\/product\/750129\/revisions"}],"wp:featuredmedia":[{"embeddable":true,"href":"https:\/\/stoic-curie.212-227-153-4.plesk.page\/pt\/wp-json\/wp\/v2\/media\/5945142"}],"wp:attachment":[{"href":"https:\/\/stoic-curie.212-227-153-4.plesk.page\/pt\/wp-json\/wp\/v2\/media?parent=750129"}],"wp:term":[{"taxonomy":"product_brand","embeddable":true,"href":"https:\/\/stoic-curie.212-227-153-4.plesk.page\/pt\/wp-json\/wp\/v2\/product_brand?post=750129"},{"taxonomy":"product_cat","embeddable":true,"href":"https:\/\/stoic-curie.212-227-153-4.plesk.page\/pt\/wp-json\/wp\/v2\/product_cat?post=750129"},{"taxonomy":"product_tag","embeddable":true,"href":"https:\/\/stoic-curie.212-227-153-4.plesk.page\/pt\/wp-json\/wp\/v2\/product_tag?post=750129"}],"curies":[{"name":"wp","href":"https:\/\/api.w.org\/{rel}","templated":true}]}}