{"id":750131,"date":"2025-03-03T22:38:22","date_gmt":"2025-03-03T21:38:22","guid":{"rendered":"https:\/\/stoic-curie.212-227-153-4.plesk.page\/producto\/capa-para-defensa-fendress-f10-preto\/"},"modified":"2026-02-25T00:28:11","modified_gmt":"2026-02-25T00:28:11","slug":"capa-para-defensa-fendress-f10-preto","status":"publish","type":"product","link":"https:\/\/stoic-curie.212-227-153-4.plesk.page\/pt\/product\/capa-para-defensa-fendress-f10-preto\/","title":{"rendered":"Capa para Defensa Fendress F10 Preto"},"content":{"rendered":"<p>Capa para Defensa Fendress F10 Preto &#8211; <\/p>\n<p>Capas de fender em fleece macio Fendress, feitas \u00e0 m\u00e3o. Prote\u00e7\u00e3o premium para os seus fenders, ao mesmo tempo que eliminam o rangido e as marcas de abras\u00e3o. Macias e dur\u00e1veis, estas capas de fender protegem eficazmente a pintura de gel-coat e fazem com que os seus fenders durem mais tempo. <\/p>\n<p>\u2022 As &#8220;Fendress Covers&#8221; s\u00e3o 100% acr\u00edlicas, feitas \u00e0 m\u00e3o, de qualidade premium, resistentes e n\u00e3o abrasivas. Capas de fender em fleece macio e felpudo oferecem a melhor prote\u00e7\u00e3o para os lados do seu barco. <br \/>\u2022 As &#8220;Fendress Covers&#8221; s\u00e3o resistentes a UV e \u00e0 \u00e1gua do mar, protegendo eficazmente a sua pintura de gel-coat de marcas de abras\u00e3o e arranh\u00f5es. O tecido de fleece resistente e robusto possui todas as melhores caracter\u00edsticas, incluindo resist\u00eancia a rasgos e abras\u00e3o, secagem r\u00e1pida e f\u00e1cil remo\u00e7\u00e3o para limpeza. <br \/>\u2022 As &#8220;Fendress Covers&#8221; fazem com que os seus fenders durem mais e eliminam o irritante rangido. As cores resistentes a UV n\u00e3o deixam marcas nos lados do seu barco. Lav\u00e1vel \u00e0 m\u00e1quina. <br \/>\u2022 As &#8220;Fendress Covers&#8221; t\u00eam uma parte superior de alta resist\u00eancia e um bainha el\u00e1stica que permite um ajuste personalizado para todo o tipo de fenders. As capas est\u00e3o dispon\u00edveis em 9 cores.<\/p>\n","protected":false},"excerpt":{"rendered":"<p>Capa para Defensa Fendress F10 Preto &#8211; Capas de fender em fleece macio Fendress, feitas \u00e0 m\u00e3o. Prote\u00e7\u00e3o premium para<\/p>\n","protected":false},"featured_media":5944361,"comment_status":"open","ping_status":"closed","template":"","meta":[],"product_brand":[2937],"product_cat":[2138],"product_tag":[],"class_list":{"0":"post-750131","1":"product","2":"type-product","3":"status-publish","4":"has-post-thumbnail","6":"product_brand-fendress-pt","7":"product_cat-capas-para-defensas","9":"first","10":"instock","11":"shipping-taxable","12":"purchasable","13":"product-type-simple"},"_links":{"self":[{"href":"https:\/\/stoic-curie.212-227-153-4.plesk.page\/pt\/wp-json\/wp\/v2\/product\/750131","targetHints":{"allow":["GET"]}}],"collection":[{"href":"https:\/\/stoic-curie.212-227-153-4.plesk.page\/pt\/wp-json\/wp\/v2\/product"}],"about":[{"href":"https:\/\/stoic-curie.212-227-153-4.plesk.page\/pt\/wp-json\/wp\/v2\/types\/product"}],"replies":[{"embeddable":true,"href":"https:\/\/stoic-curie.212-227-153-4.plesk.page\/pt\/wp-json\/wp\/v2\/comments?post=750131"}],"version-history":[{"count":0,"href":"https:\/\/stoic-curie.212-227-153-4.plesk.page\/pt\/wp-json\/wp\/v2\/product\/750131\/revisions"}],"wp:featuredmedia":[{"embeddable":true,"href":"https:\/\/stoic-curie.212-227-153-4.plesk.page\/pt\/wp-json\/wp\/v2\/media\/5944361"}],"wp:attachment":[{"href":"https:\/\/stoic-curie.212-227-153-4.plesk.page\/pt\/wp-json\/wp\/v2\/media?parent=750131"}],"wp:term":[{"taxonomy":"product_brand","embeddable":true,"href":"https:\/\/stoic-curie.212-227-153-4.plesk.page\/pt\/wp-json\/wp\/v2\/product_brand?post=750131"},{"taxonomy":"product_cat","embeddable":true,"href":"https:\/\/stoic-curie.212-227-153-4.plesk.page\/pt\/wp-json\/wp\/v2\/product_cat?post=750131"},{"taxonomy":"product_tag","embeddable":true,"href":"https:\/\/stoic-curie.212-227-153-4.plesk.page\/pt\/wp-json\/wp\/v2\/product_tag?post=750131"}],"curies":[{"name":"wp","href":"https:\/\/api.w.org\/{rel}","templated":true}]}}