{"id":750142,"date":"2025-03-03T22:38:25","date_gmt":"2025-03-03T21:38:25","guid":{"rendered":"https:\/\/stoic-curie.212-227-153-4.plesk.page\/producto\/barra-tessilmare-bino-de-2-metros-em-aco-inoxidavel\/"},"modified":"2026-02-25T00:28:11","modified_gmt":"2026-02-25T00:28:11","slug":"barra-tessilmare-bino-de-2-metros-em-aco-inoxidavel","status":"publish","type":"product","link":"https:\/\/stoic-curie.212-227-153-4.plesk.page\/pt\/product\/barra-tessilmare-bino-de-2-metros-em-aco-inoxidavel\/","title":{"rendered":"Barra Tessilmare Bino de 2 Metros em A\u00e7o Inoxid\u00e1vel"},"content":{"rendered":"<p>Barra Tessilmare Bino de 2 Metros em A\u00e7o Inoxid\u00e1vel &#8211; <\/p>\n<p>Perfil de fender de design contempor\u00e2neo, ideal para uso intenso em qualquer barco de trabalho ou profissional. Projetado para absorver grandes impactos, mantendo uma estrutura leve, com instala\u00e7\u00e3o f\u00e1cil usando uma base fixa, barra de a\u00e7o inoxid\u00e1vel pr\u00e9-perfurada e perfil de crista de press\u00e3o. \u00c9 adequado para qualquer casco com acoplamento liso, em caixa ou plano.<\/p>\n","protected":false},"excerpt":{"rendered":"<p>Barra Tessilmare Bino de 2 Metros em A\u00e7o Inoxid\u00e1vel &#8211; Perfil de fender de design contempor\u00e2neo, ideal para uso intenso<\/p>\n","protected":false},"featured_media":5945151,"comment_status":"open","ping_status":"closed","template":"","meta":[],"product_brand":[3482],"product_cat":[2139],"product_tag":[],"class_list":{"0":"post-750142","1":"product","2":"type-product","3":"status-publish","4":"has-post-thumbnail","6":"product_brand-tessilmare-pt","7":"product_cat-batentes-de-defensas","9":"first","10":"instock","11":"shipping-taxable","12":"purchasable","13":"product-type-simple"},"_links":{"self":[{"href":"https:\/\/stoic-curie.212-227-153-4.plesk.page\/pt\/wp-json\/wp\/v2\/product\/750142","targetHints":{"allow":["GET"]}}],"collection":[{"href":"https:\/\/stoic-curie.212-227-153-4.plesk.page\/pt\/wp-json\/wp\/v2\/product"}],"about":[{"href":"https:\/\/stoic-curie.212-227-153-4.plesk.page\/pt\/wp-json\/wp\/v2\/types\/product"}],"replies":[{"embeddable":true,"href":"https:\/\/stoic-curie.212-227-153-4.plesk.page\/pt\/wp-json\/wp\/v2\/comments?post=750142"}],"version-history":[{"count":0,"href":"https:\/\/stoic-curie.212-227-153-4.plesk.page\/pt\/wp-json\/wp\/v2\/product\/750142\/revisions"}],"wp:featuredmedia":[{"embeddable":true,"href":"https:\/\/stoic-curie.212-227-153-4.plesk.page\/pt\/wp-json\/wp\/v2\/media\/5945151"}],"wp:attachment":[{"href":"https:\/\/stoic-curie.212-227-153-4.plesk.page\/pt\/wp-json\/wp\/v2\/media?parent=750142"}],"wp:term":[{"taxonomy":"product_brand","embeddable":true,"href":"https:\/\/stoic-curie.212-227-153-4.plesk.page\/pt\/wp-json\/wp\/v2\/product_brand?post=750142"},{"taxonomy":"product_cat","embeddable":true,"href":"https:\/\/stoic-curie.212-227-153-4.plesk.page\/pt\/wp-json\/wp\/v2\/product_cat?post=750142"},{"taxonomy":"product_tag","embeddable":true,"href":"https:\/\/stoic-curie.212-227-153-4.plesk.page\/pt\/wp-json\/wp\/v2\/product_tag?post=750142"}],"curies":[{"name":"wp","href":"https:\/\/api.w.org\/{rel}","templated":true}]}}