{"id":750143,"date":"2025-03-03T22:38:26","date_gmt":"2025-03-03T21:38:26","guid":{"rendered":"https:\/\/stoic-curie.212-227-153-4.plesk.page\/producto\/borracha-de-protecao-t1-h36-branca-16-metros\/"},"modified":"2026-02-25T00:28:11","modified_gmt":"2026-02-25T00:28:11","slug":"borracha-de-protecao-t1-h36-branca-16-metros","status":"publish","type":"product","link":"https:\/\/stoic-curie.212-227-153-4.plesk.page\/pt\/product\/borracha-de-protecao-t1-h36-branca-16-metros\/","title":{"rendered":"Borracha de Prote\u00e7\u00e3o T1 H36 Branca 16 metros"},"content":{"rendered":"<p>Borracha de Prote\u00e7\u00e3o T1 H36 Branca 16 metros &#8211; <\/p>\n<p>Perfil de fender de PVC em forma de T. Um suporte de tira T1 ou T2 \u00e9 necess\u00e1rio para a instala\u00e7\u00e3o. O perfil \u00e9 vendido em pacotes de 12, 16 e 24 metros. A tampa final, a junta de acabamento e o suporte da tira est\u00e3o dispon\u00edveis de acordo com a altura do perfil e a cor.<\/p>\n","protected":false},"excerpt":{"rendered":"<p>Borracha de Prote\u00e7\u00e3o T1 H36 Branca 16 metros &#8211; Perfil de fender de PVC em forma de T. Um suporte<\/p>\n","protected":false},"featured_media":5944393,"comment_status":"open","ping_status":"closed","template":"","meta":[],"product_brand":[3482],"product_cat":[2139],"product_tag":[],"class_list":{"0":"post-750143","1":"product","2":"type-product","3":"status-publish","4":"has-post-thumbnail","6":"product_brand-tessilmare-pt","7":"product_cat-batentes-de-defensas","9":"first","10":"instock","11":"shipping-taxable","12":"purchasable","13":"product-type-simple"},"_links":{"self":[{"href":"https:\/\/stoic-curie.212-227-153-4.plesk.page\/pt\/wp-json\/wp\/v2\/product\/750143","targetHints":{"allow":["GET"]}}],"collection":[{"href":"https:\/\/stoic-curie.212-227-153-4.plesk.page\/pt\/wp-json\/wp\/v2\/product"}],"about":[{"href":"https:\/\/stoic-curie.212-227-153-4.plesk.page\/pt\/wp-json\/wp\/v2\/types\/product"}],"replies":[{"embeddable":true,"href":"https:\/\/stoic-curie.212-227-153-4.plesk.page\/pt\/wp-json\/wp\/v2\/comments?post=750143"}],"version-history":[{"count":0,"href":"https:\/\/stoic-curie.212-227-153-4.plesk.page\/pt\/wp-json\/wp\/v2\/product\/750143\/revisions"}],"wp:featuredmedia":[{"embeddable":true,"href":"https:\/\/stoic-curie.212-227-153-4.plesk.page\/pt\/wp-json\/wp\/v2\/media\/5944393"}],"wp:attachment":[{"href":"https:\/\/stoic-curie.212-227-153-4.plesk.page\/pt\/wp-json\/wp\/v2\/media?parent=750143"}],"wp:term":[{"taxonomy":"product_brand","embeddable":true,"href":"https:\/\/stoic-curie.212-227-153-4.plesk.page\/pt\/wp-json\/wp\/v2\/product_brand?post=750143"},{"taxonomy":"product_cat","embeddable":true,"href":"https:\/\/stoic-curie.212-227-153-4.plesk.page\/pt\/wp-json\/wp\/v2\/product_cat?post=750143"},{"taxonomy":"product_tag","embeddable":true,"href":"https:\/\/stoic-curie.212-227-153-4.plesk.page\/pt\/wp-json\/wp\/v2\/product_tag?post=750143"}],"curies":[{"name":"wp","href":"https:\/\/api.w.org\/{rel}","templated":true}]}}