{"id":750147,"date":"2025-03-03T22:38:27","date_gmt":"2025-03-03T21:38:27","guid":{"rendered":"https:\/\/stoic-curie.212-227-153-4.plesk.page\/producto\/tessilmare-radial-30-preta-12-metros\/"},"modified":"2026-02-25T00:28:12","modified_gmt":"2026-02-25T00:28:12","slug":"tessilmare-radial-30-preta-12-metros","status":"publish","type":"product","link":"https:\/\/stoic-curie.212-227-153-4.plesk.page\/pt\/product\/tessilmare-radial-30-preta-12-metros\/","title":{"rendered":"Tessilmare Radial 30 Preta 12 metros"},"content":{"rendered":"<p>Tessilmare Radial 30 Preta 12 metros &#8211; <\/p>\n<p style=\"color: rgb(34, 34, 34); font-family: Arial, Helvetica, sans-serif; font-size: small;\">Este sistema patenteado de prote\u00e7\u00e3o consiste em dois componentes principais:<\/p>\n<ol style=\"color: rgb(34, 34, 34); font-family: Arial, Helvetica, sans-serif; font-size: small;\">\n<li>Uma barra dur\u00e1vel que pode ser fixada com seguran\u00e7a ao barco usando parafusos ou rebites, eliminando a necessidade de ferramentas especializadas.<\/li>\n<li>Um perfil de borracha flex\u00edvel que se conecta \u00e0 base. Este inserto sem emendas est\u00e1 dispon\u00edvel em bobinas cortadas sob medida para reduzir o desperd\u00edcio. As bordas de PVC Radial podem ser dobradas em qualquer dire\u00e7\u00e3o, sem necessidade de calor, resultando em uma redu\u00e7\u00e3o de 70% no tempo de montagem, economia de custos, facilidade de reparo e r\u00e1pida reinstala\u00e7\u00e3o.<\/li>\n<\/ol>\n<p style=\"color: rgb(34, 34, 34); font-family: Arial, Helvetica, sans-serif; font-size: small;\">O Perfil de Prote\u00e7\u00e3o Radial para Barcos \u00e9 conhecido por seu processo de instala\u00e7\u00e3o simples, que n\u00e3o requer ferramentas especializadas. Sua cobertura de PVC adapt\u00e1vel permite um ajuste f\u00e1cil, mesmo em temperaturas mais frias, o que elimina a necessidade de aquecimento. Uma vez instalado, os segmentos da trilha ficam discretamente ocultos sob a cobertura, proporcionando uma apar\u00eancia polida e refinada.<\/p>\n<p style=\"color: rgb(34, 34, 34); font-family: Arial, Helvetica, sans-serif; font-size: small;\">O kit inclui todos os componentes necess\u00e1rios: um rolo cont\u00ednuo de cobertura de borda macia, o n\u00famero necess\u00e1rio de se\u00e7\u00f5es de trilha de montagem de vinil semirr\u00edgido, duas tampas de extremidade de vinil e uma tampa de junta de vinil. A instala\u00e7\u00e3o deste perfil de prote\u00e7\u00e3o \u00e9 simples. Basta fixar a barra de duraleno com parafusos ou adesivo Sika e, em seguida, deslizar o perfil de prote\u00e7\u00e3o sobre a barra.<\/p>\n<p style=\"color: rgb(34, 34, 34); font-family: Arial, Helvetica, sans-serif; font-size: small;\">Este perfil de prote\u00e7\u00e3o n\u00e3o s\u00f3 melhora a apar\u00eancia visual do seu barco, mas tamb\u00e9m aumenta sua funcionalidade. Os designs patenteados da Tessilmare combinam efetivamente durabilidade de alto impacto com estilo e acessibilidade, modernizando a apar\u00eancia tradicional das bordas. Os perfis de prote\u00e7\u00e3o Radial oferecem uma solu\u00e7\u00e3o coesa e esteticamente agrad\u00e1vel, livres de juntas vis\u00edveis ou bordas afiadas, resultando em um acabamento mais limpo e atraente em compara\u00e7\u00e3o com as bordas de v\u00e1rias pe\u00e7as padr\u00e3o.<\/p>\n<p style=\"color: rgb(34, 34, 34); font-family: Arial, Helvetica, sans-serif; font-size: small;\">Especificamente projetado para o setor n\u00e1utico, o Tessilmare Radial pode ser montado em apenas alguns minutos. O processo de instala\u00e7\u00e3o \u00e9 simples: anexe os segmentos da trilha ao casco do barco e fixe a cobertura externa sobre a trilha. A cobertura se desenrola convenientemente de uma bobina a granel, e as tampas de extremidade inclu\u00eddas completam a instala\u00e7\u00e3o.<\/p>\n","protected":false},"excerpt":{"rendered":"<p>Tessilmare Radial 30 Preta 12 metros &#8211; Este sistema patenteado de prote\u00e7\u00e3o consiste em dois componentes principais: Uma barra dur\u00e1vel<\/p>\n","protected":false},"featured_media":5945154,"comment_status":"open","ping_status":"closed","template":"","meta":[],"product_brand":[3482],"product_cat":[2139],"product_tag":[],"class_list":{"0":"post-750147","1":"product","2":"type-product","3":"status-publish","4":"has-post-thumbnail","6":"product_brand-tessilmare-pt","7":"product_cat-batentes-de-defensas","9":"first","10":"instock","11":"shipping-taxable","12":"purchasable","13":"product-type-simple"},"_links":{"self":[{"href":"https:\/\/stoic-curie.212-227-153-4.plesk.page\/pt\/wp-json\/wp\/v2\/product\/750147","targetHints":{"allow":["GET"]}}],"collection":[{"href":"https:\/\/stoic-curie.212-227-153-4.plesk.page\/pt\/wp-json\/wp\/v2\/product"}],"about":[{"href":"https:\/\/stoic-curie.212-227-153-4.plesk.page\/pt\/wp-json\/wp\/v2\/types\/product"}],"replies":[{"embeddable":true,"href":"https:\/\/stoic-curie.212-227-153-4.plesk.page\/pt\/wp-json\/wp\/v2\/comments?post=750147"}],"version-history":[{"count":0,"href":"https:\/\/stoic-curie.212-227-153-4.plesk.page\/pt\/wp-json\/wp\/v2\/product\/750147\/revisions"}],"wp:featuredmedia":[{"embeddable":true,"href":"https:\/\/stoic-curie.212-227-153-4.plesk.page\/pt\/wp-json\/wp\/v2\/media\/5945154"}],"wp:attachment":[{"href":"https:\/\/stoic-curie.212-227-153-4.plesk.page\/pt\/wp-json\/wp\/v2\/media?parent=750147"}],"wp:term":[{"taxonomy":"product_brand","embeddable":true,"href":"https:\/\/stoic-curie.212-227-153-4.plesk.page\/pt\/wp-json\/wp\/v2\/product_brand?post=750147"},{"taxonomy":"product_cat","embeddable":true,"href":"https:\/\/stoic-curie.212-227-153-4.plesk.page\/pt\/wp-json\/wp\/v2\/product_cat?post=750147"},{"taxonomy":"product_tag","embeddable":true,"href":"https:\/\/stoic-curie.212-227-153-4.plesk.page\/pt\/wp-json\/wp\/v2\/product_tag?post=750147"}],"curies":[{"name":"wp","href":"https:\/\/api.w.org\/{rel}","templated":true}]}}