{"id":750148,"date":"2025-03-03T22:38:27","date_gmt":"2025-03-03T21:38:27","guid":{"rendered":"https:\/\/stoic-curie.212-227-153-4.plesk.page\/producto\/tessilmare-radial-30-preta-24-metros\/"},"modified":"2026-02-25T00:28:12","modified_gmt":"2026-02-25T00:28:12","slug":"tessilmare-radial-30-preta-24-metros","status":"publish","type":"product","link":"https:\/\/stoic-curie.212-227-153-4.plesk.page\/pt\/product\/tessilmare-radial-30-preta-24-metros\/","title":{"rendered":"Tessilmare Radial 30 Preta 24 metros"},"content":{"rendered":"<p>Tessilmare Radial 30 Preta 24 metros &#8211; <\/p>\n<p style=\"color: rgb(34, 34, 34); font-family: Arial, Helvetica, sans-serif; font-size: small;\">O Radial Rub Rail oferece uma vantagem not\u00e1vel atrav\u00e9s do seu processo de instala\u00e7\u00e3o simples, que n\u00e3o requer ferramentas especializadas. Sua capa de PVC adapt\u00e1vel facilita o ajuste sem esfor\u00e7o, mesmo em temperaturas mais frias, eliminando a necessidade de aquecimento. Ap\u00f3s a conclus\u00e3o da instala\u00e7\u00e3o, os segmentos da pista ficam discretamente ocultos sob a capa, resultando em uma apar\u00eancia polida e sofisticada.<\/p>\n<p style=\"color: rgb(34, 34, 34); font-family: Arial, Helvetica, sans-serif; font-size: small;\">O kit est\u00e1 totalmente fornecido com todos os componentes necess\u00e1rios: um rolo cont\u00ednuo de capa de rub rail macia, a quantidade apropriada de se\u00e7\u00f5es de trilho de montagem de vinil semi-r\u00edgido, duas tampas de extremidade de vinil e uma tampa de junta de vinil. A instala\u00e7\u00e3o deste perfil de amparo \u00e9 descomplicada. Basta fixar a barra de duralene usando parafusos ou adesivo Sika e, em seguida, deslizar o perfil de amparo sobre a barra.<\/p>\n<p style=\"color: rgb(34, 34, 34); font-family: Arial, Helvetica, sans-serif; font-size: small;\">Este perfil de amparo n\u00e3o apenas melhora a atra\u00e7\u00e3o visual, mas tamb\u00e9m aprimora a funcionalidade da sua embarca\u00e7\u00e3o. Os designs patenteados da Tessilmare unem resist\u00eancia a impactos com eleg\u00e2ncia e acessibilidade, transformando assim a est\u00e9tica tradicional dos rub rails. Os perfis de amparo Radial oferecem uma solu\u00e7\u00e3o cont\u00ednua e visualmente atrativa, isenta de juntas vis\u00edveis ou bordas afiadas, resultando em um acabamento mais limpo e atraente em compara\u00e7\u00e3o com os rub rails convencionais de v\u00e1rias pe\u00e7as.<\/p>\n<p style=\"color: rgb(34, 34, 34); font-family: Arial, Helvetica, sans-serif; font-size: small;\">Projetado especificamente para a ind\u00fastria mar\u00edtima, o Tessilmare Radial pode ser montado em quest\u00e3o de minutos. O processo de instala\u00e7\u00e3o \u00e9 simples: prenda os segmentos da pista ao casco do barco e fixe a capa externa sobre a pista. A capa \u00e9 convenientemente desenrolada a partir de um carretel de bulk, e as tampas de extremidade inclu\u00eddas completam a instala\u00e7\u00e3o.<\/p>\n<p style=\"color: rgb(34, 34, 34); font-family: Arial, Helvetica, sans-serif; font-size: small;\">Este sistema de amparo patenteado compreende dois componentes essenciais:<\/p>\n<ol style=\"color: rgb(34, 34, 34); font-family: Arial, Helvetica, sans-serif; font-size: small;\">\n<li>Uma barra robusta que pode ser fixada com seguran\u00e7a ao barco usando parafusos ou rebites, sem a necessidade de ferramentas especializadas.<\/li>\n<li>Um perfil de borracha flex\u00edvel que se conecta \u00e0 base. Este inserto cont\u00ednuo est\u00e1 dispon\u00edvel em rolos cortados sob medida para minimizar o desperd\u00edcio. Os rub rails de PVC Radial podem ser curvados em qualquer dire\u00e7\u00e3o sem a aplica\u00e7\u00e3o de calor, resultando em uma redu\u00e7\u00e3o de 70% no tempo de montagem, economicidade, facilidade de reparo e r\u00e1pida reincorpora\u00e7\u00e3o.<\/li>\n<\/ol>\n","protected":false},"excerpt":{"rendered":"<p>Tessilmare Radial 30 Preta 24 metros &#8211; O Radial Rub Rail oferece uma vantagem not\u00e1vel atrav\u00e9s do seu processo de<\/p>\n","protected":false},"featured_media":5945154,"comment_status":"open","ping_status":"closed","template":"","meta":[],"product_brand":[3482],"product_cat":[2139],"product_tag":[],"class_list":{"0":"post-750148","1":"product","2":"type-product","3":"status-publish","4":"has-post-thumbnail","6":"product_brand-tessilmare-pt","7":"product_cat-batentes-de-defensas","9":"first","10":"instock","11":"shipping-taxable","12":"purchasable","13":"product-type-simple"},"_links":{"self":[{"href":"https:\/\/stoic-curie.212-227-153-4.plesk.page\/pt\/wp-json\/wp\/v2\/product\/750148","targetHints":{"allow":["GET"]}}],"collection":[{"href":"https:\/\/stoic-curie.212-227-153-4.plesk.page\/pt\/wp-json\/wp\/v2\/product"}],"about":[{"href":"https:\/\/stoic-curie.212-227-153-4.plesk.page\/pt\/wp-json\/wp\/v2\/types\/product"}],"replies":[{"embeddable":true,"href":"https:\/\/stoic-curie.212-227-153-4.plesk.page\/pt\/wp-json\/wp\/v2\/comments?post=750148"}],"version-history":[{"count":0,"href":"https:\/\/stoic-curie.212-227-153-4.plesk.page\/pt\/wp-json\/wp\/v2\/product\/750148\/revisions"}],"wp:featuredmedia":[{"embeddable":true,"href":"https:\/\/stoic-curie.212-227-153-4.plesk.page\/pt\/wp-json\/wp\/v2\/media\/5945154"}],"wp:attachment":[{"href":"https:\/\/stoic-curie.212-227-153-4.plesk.page\/pt\/wp-json\/wp\/v2\/media?parent=750148"}],"wp:term":[{"taxonomy":"product_brand","embeddable":true,"href":"https:\/\/stoic-curie.212-227-153-4.plesk.page\/pt\/wp-json\/wp\/v2\/product_brand?post=750148"},{"taxonomy":"product_cat","embeddable":true,"href":"https:\/\/stoic-curie.212-227-153-4.plesk.page\/pt\/wp-json\/wp\/v2\/product_cat?post=750148"},{"taxonomy":"product_tag","embeddable":true,"href":"https:\/\/stoic-curie.212-227-153-4.plesk.page\/pt\/wp-json\/wp\/v2\/product_tag?post=750148"}],"curies":[{"name":"wp","href":"https:\/\/api.w.org\/{rel}","templated":true}]}}