{"id":750149,"date":"2025-03-03T22:38:27","date_gmt":"2025-03-03T21:38:27","guid":{"rendered":"https:\/\/stoic-curie.212-227-153-4.plesk.page\/producto\/tessilmare-radial-30-branca-12-metros\/"},"modified":"2026-02-25T00:28:12","modified_gmt":"2026-02-25T00:28:12","slug":"tessilmare-radial-30-branca-12-metros","status":"publish","type":"product","link":"https:\/\/stoic-curie.212-227-153-4.plesk.page\/pt\/product\/tessilmare-radial-30-branca-12-metros\/","title":{"rendered":"Tessilmare Radial 30 Branca 12 metros"},"content":{"rendered":"<p>Tessilmare Radial 30 Branca 12 metros &#8211; <\/p>\n<p style=\"color: rgb(34, 34, 34); font-family: Arial, Helvetica, sans-serif; font-size: small;\">Este sistema de defesa patenteado \u00e9 composto por dois elementos principais:<\/p>\n<ol style=\"color: rgb(34, 34, 34); font-family: Arial, Helvetica, sans-serif; font-size: small;\">\n<li>Uma barra robusta que pode ser firmemente fixada ao barco utilizando parafusos ou rebites, eliminando a necessidade de ferramentas especializadas.<\/li>\n<li>Um perfil de borracha flex\u00edvel que se conecta \u00e0 base. Este inserto sem emenda \u00e9 oferecido em rolos cortados sob medida para minimizar o desperd\u00edcio. As faixas de PVC Radial podem ser dobradas em qualquer dire\u00e7\u00e3o sem necessidade de aquecimento, resultando em uma redu\u00e7\u00e3o de 70% no tempo de montagem, economia de custos, facilidade de reparo e uma reforma mais r\u00e1pida.<\/li>\n<\/ol>\n<p style=\"color: rgb(34, 34, 34); font-family: Arial, Helvetica, sans-serif; font-size: small;\">O Perfil de Defesa Radial para Barcos \u00e9 reconhecido pelo seu processo de instala\u00e7\u00e3o simples, que n\u00e3o demanda ferramentas especializadas. Sua capa de PVC vers\u00e1til permite uma instala\u00e7\u00e3o f\u00e1cil, mesmo em temperaturas mais baixas, dispensando o uso de aquecedores. Ap\u00f3s a instala\u00e7\u00e3o, os segmentos da trilha ficam discretamente ocultos sob a capa, proporcionando uma apar\u00eancia polida e sofisticada.<\/p>\n<p style=\"color: rgb(34, 34, 34); font-family: Arial, Helvetica, sans-serif; font-size: small;\">O kit vem com todos os componentes essenciais: um rolo cont\u00ednuo de capa de borracha macia, a quantidade necess\u00e1ria de se\u00e7\u00f5es de trilha de montagem de vinil semi-r\u00edgido, duas tampas de extremidade de vinil e uma tampa de junta de vinil. A instala\u00e7\u00e3o deste perfil de defesa \u00e9 simples. Basta fixar a barra de duralene com parafusos ou adesivo Sika e, em seguida, deslizar o perfil de defesa sobre a barra.<\/p>\n<p style=\"color: rgb(34, 34, 34); font-family: Arial, Helvetica, sans-serif; font-size: small;\">Este perfil de defesa n\u00e3o apenas melhora a apelo est\u00e9tico do seu barco, mas tamb\u00e9m aumenta sua funcionalidade. Os designs patentados da Tessilmare efetivamente unem durabilidade de alto impacto com estilo e acessibilidade, modernizando a apar\u00eancia convencional das faixas de prote\u00e7\u00e3o. Os perfis de defesa Radial oferecem uma solu\u00e7\u00e3o coesa e visualmente agrad\u00e1vel, sem emendas vis\u00edveis ou bordas afiadas, resultando em um acabamento mais limpo e atraente em compara\u00e7\u00e3o com as faixas de prote\u00e7\u00e3o padr\u00e3o de m\u00faltiplas pe\u00e7as.<\/p>\n<p style=\"color: rgb(34, 34, 34); font-family: Arial, Helvetica, sans-serif; font-size: small;\">Desenvolvido especificamente para a ind\u00fastria naval, o Radial da Tessilmare pode ser montado em apenas alguns minutos. O processo de instala\u00e7\u00e3o \u00e9 descomplicado: basta fixar os segmentos da trilha ao casco do barco e colocar a capa externa sobre a trilha. A capa se desenrola convenientemente a partir de um rolo em perda, e as tampas de extremidade inclu\u00eddas finalizam a instala\u00e7\u00e3o.<\/p>\n","protected":false},"excerpt":{"rendered":"<p>Tessilmare Radial 30 Branca 12 metros &#8211; Este sistema de defesa patenteado \u00e9 composto por dois elementos principais: Uma barra<\/p>\n","protected":false},"featured_media":5945169,"comment_status":"open","ping_status":"closed","template":"","meta":[],"product_brand":[3482],"product_cat":[2139],"product_tag":[],"class_list":{"0":"post-750149","1":"product","2":"type-product","3":"status-publish","4":"has-post-thumbnail","6":"product_brand-tessilmare-pt","7":"product_cat-batentes-de-defensas","9":"first","10":"instock","11":"shipping-taxable","12":"purchasable","13":"product-type-simple"},"_links":{"self":[{"href":"https:\/\/stoic-curie.212-227-153-4.plesk.page\/pt\/wp-json\/wp\/v2\/product\/750149","targetHints":{"allow":["GET"]}}],"collection":[{"href":"https:\/\/stoic-curie.212-227-153-4.plesk.page\/pt\/wp-json\/wp\/v2\/product"}],"about":[{"href":"https:\/\/stoic-curie.212-227-153-4.plesk.page\/pt\/wp-json\/wp\/v2\/types\/product"}],"replies":[{"embeddable":true,"href":"https:\/\/stoic-curie.212-227-153-4.plesk.page\/pt\/wp-json\/wp\/v2\/comments?post=750149"}],"version-history":[{"count":0,"href":"https:\/\/stoic-curie.212-227-153-4.plesk.page\/pt\/wp-json\/wp\/v2\/product\/750149\/revisions"}],"wp:featuredmedia":[{"embeddable":true,"href":"https:\/\/stoic-curie.212-227-153-4.plesk.page\/pt\/wp-json\/wp\/v2\/media\/5945169"}],"wp:attachment":[{"href":"https:\/\/stoic-curie.212-227-153-4.plesk.page\/pt\/wp-json\/wp\/v2\/media?parent=750149"}],"wp:term":[{"taxonomy":"product_brand","embeddable":true,"href":"https:\/\/stoic-curie.212-227-153-4.plesk.page\/pt\/wp-json\/wp\/v2\/product_brand?post=750149"},{"taxonomy":"product_cat","embeddable":true,"href":"https:\/\/stoic-curie.212-227-153-4.plesk.page\/pt\/wp-json\/wp\/v2\/product_cat?post=750149"},{"taxonomy":"product_tag","embeddable":true,"href":"https:\/\/stoic-curie.212-227-153-4.plesk.page\/pt\/wp-json\/wp\/v2\/product_tag?post=750149"}],"curies":[{"name":"wp","href":"https:\/\/api.w.org\/{rel}","templated":true}]}}