{"id":750150,"date":"2025-03-03T22:38:28","date_gmt":"2025-03-03T21:38:28","guid":{"rendered":"https:\/\/stoic-curie.212-227-153-4.plesk.page\/producto\/tessilmare-radial-30-branca-24-metros\/"},"modified":"2026-02-25T00:28:12","modified_gmt":"2026-02-25T00:28:12","slug":"tessilmare-radial-30-branca-24-metros","status":"publish","type":"product","link":"https:\/\/stoic-curie.212-227-153-4.plesk.page\/pt\/product\/tessilmare-radial-30-branca-24-metros\/","title":{"rendered":"Tessilmare Radial 30 Branca 24 metros"},"content":{"rendered":"<p>Tessilmare Radial 30 Branca 24 metros &#8211; <\/p>\n<p style=\"color: rgb(34, 34, 34); font-family: Arial, Helvetica, sans-serif; font-size: small;\">O Radial Rub Rail oferece um benef\u00edcio significativo devido ao seu processo de instala\u00e7\u00e3o f\u00e1cil, que n\u00e3o requer ferramentas especializadas. Sua capa de PVC vers\u00e1til permite uma instala\u00e7\u00e3o simples, mesmo em temperaturas mais baixas, eliminando a necessidade de aquecimento. Uma vez finalizada a instala\u00e7\u00e3o, os segmentos da trilha ficam discretamente escondidos sob a capa, proporcionando uma apar\u00eancia refinada e elegante.<\/p>\n<p style=\"color: rgb(34, 34, 34); font-family: Arial, Helvetica, sans-serif; font-size: small;\">O kit vem totalmente equipado com todos os componentes essenciais: um rolo cont\u00ednuo de capa de rub rail macio, a quantidade correta de se\u00e7\u00f5es de trilha de vinil semi-r\u00edgido, dois tamp\u00f5es de extremidade de vinil e uma tampa de jun\u00e7\u00e3o de vinil. Instalar este perfil de fendering \u00e9 muito f\u00e1cil. Voc\u00ea s\u00f3 precisa fixar a barra de duralene usando parafusos ou adesivo Sika e, em seguida, deslizar o perfil de fendering sobre a barra.<\/p>\n<p style=\"color: rgb(34, 34, 34); font-family: Arial, Helvetica, sans-serif; font-size: small;\">Este perfil de fendering n\u00e3o apenas aumenta o apelo est\u00e9tico, mas tamb\u00e9m melhora a funcionalidade da sua embarca\u00e7\u00e3o. Os designs patenteados da Tessilmare combinam durabilidade de alto impacto com estilo e acessibilidade, modernizando efetivamente a apar\u00eancia tradicional dos rub rails. Os perfis de fendering Radial fornecem uma solu\u00e7\u00e3o cont\u00ednua e visualmente agrad\u00e1vel, livre de juntas vis\u00edveis ou bordas cortantes, resultando em um acabamento mais limpo e atraente em compara\u00e7\u00e3o com os rub rails tradicionais de m\u00faltiplas pe\u00e7as.<\/p>\n<p style=\"color: rgb(34, 34, 34); font-family: Arial, Helvetica, sans-serif; font-size: small;\">Projetado especificamente para o setor mar\u00edtimo, o Tessilmare Radial pode ser montado em apenas alguns minutos. A instala\u00e7\u00e3o \u00e9 simples: prenda os segmentos da trilha ao casco do barco e fixe a capa externa sobre a trilha. A capa desenrola convenientemente a partir de um rolo bulk, e os tamp\u00f5es de extremidade inclu\u00eddos finalizam a instala\u00e7\u00e3o.<\/p>\n<p style=\"color: rgb(34, 34, 34); font-family: Arial, Helvetica, sans-serif; font-size: small;\">Este sistema de fendering patenteado consiste em dois componentes principais:<\/p>\n<ol style=\"color: rgb(34, 34, 34); font-family: Arial, Helvetica, sans-serif; font-size: small;\">\n<li>Uma barra resistente que pode ser fixada de forma segura ao barco usando parafusos ou rebites, sem a necessidade de ferramentas especializadas.<\/li>\n<li>Um perfil de borracha flex\u00edvel que se conecta \u00e0 base. Este inserto cont\u00ednuo est\u00e1 dispon\u00edvel em rolos cortados sob medida para reduzir o desperd\u00edcio. Os rub rails de PVC Radial podem ser dobrados em qualquer dire\u00e7\u00e3o sem aplica\u00e7\u00e3o de calor, resultando em uma redu\u00e7\u00e3o de 70% no tempo de montagem, economia de custos, facilidade de reparo e r\u00e1pida reutiliza\u00e7\u00e3o.<\/li>\n<\/ol>\n","protected":false},"excerpt":{"rendered":"<p>Tessilmare Radial 30 Branca 24 metros &#8211; O Radial Rub Rail oferece um benef\u00edcio significativo devido ao seu processo de<\/p>\n","protected":false},"featured_media":5945169,"comment_status":"open","ping_status":"closed","template":"","meta":[],"product_brand":[3482],"product_cat":[2139],"product_tag":[],"class_list":{"0":"post-750150","1":"product","2":"type-product","3":"status-publish","4":"has-post-thumbnail","6":"product_brand-tessilmare-pt","7":"product_cat-batentes-de-defensas","9":"first","10":"instock","11":"shipping-taxable","12":"purchasable","13":"product-type-simple"},"_links":{"self":[{"href":"https:\/\/stoic-curie.212-227-153-4.plesk.page\/pt\/wp-json\/wp\/v2\/product\/750150","targetHints":{"allow":["GET"]}}],"collection":[{"href":"https:\/\/stoic-curie.212-227-153-4.plesk.page\/pt\/wp-json\/wp\/v2\/product"}],"about":[{"href":"https:\/\/stoic-curie.212-227-153-4.plesk.page\/pt\/wp-json\/wp\/v2\/types\/product"}],"replies":[{"embeddable":true,"href":"https:\/\/stoic-curie.212-227-153-4.plesk.page\/pt\/wp-json\/wp\/v2\/comments?post=750150"}],"version-history":[{"count":0,"href":"https:\/\/stoic-curie.212-227-153-4.plesk.page\/pt\/wp-json\/wp\/v2\/product\/750150\/revisions"}],"wp:featuredmedia":[{"embeddable":true,"href":"https:\/\/stoic-curie.212-227-153-4.plesk.page\/pt\/wp-json\/wp\/v2\/media\/5945169"}],"wp:attachment":[{"href":"https:\/\/stoic-curie.212-227-153-4.plesk.page\/pt\/wp-json\/wp\/v2\/media?parent=750150"}],"wp:term":[{"taxonomy":"product_brand","embeddable":true,"href":"https:\/\/stoic-curie.212-227-153-4.plesk.page\/pt\/wp-json\/wp\/v2\/product_brand?post=750150"},{"taxonomy":"product_cat","embeddable":true,"href":"https:\/\/stoic-curie.212-227-153-4.plesk.page\/pt\/wp-json\/wp\/v2\/product_cat?post=750150"},{"taxonomy":"product_tag","embeddable":true,"href":"https:\/\/stoic-curie.212-227-153-4.plesk.page\/pt\/wp-json\/wp\/v2\/product_tag?post=750150"}],"curies":[{"name":"wp","href":"https:\/\/api.w.org\/{rel}","templated":true}]}}