{"id":750151,"date":"2025-03-03T22:38:28","date_gmt":"2025-03-03T21:38:28","guid":{"rendered":"https:\/\/stoic-curie.212-227-153-4.plesk.page\/producto\/tessilmare-radial-30-cinza-12-metros\/"},"modified":"2026-02-25T00:28:12","modified_gmt":"2026-02-25T00:28:12","slug":"tessilmare-radial-30-cinza-12-metros","status":"publish","type":"product","link":"https:\/\/stoic-curie.212-227-153-4.plesk.page\/pt\/product\/tessilmare-radial-30-cinza-12-metros\/","title":{"rendered":"Tessilmare Radial 30 Cinza 12 metros"},"content":{"rendered":"<p>Tessilmare Radial 30 Cinza 12 metros &#8211; <\/p>\n<p style=\"color: rgb(34, 34, 34); font-family: Arial, Helvetica, sans-serif; font-size: small;\">Este sistema de prote\u00e7\u00e3o patenteado consiste em dois componentes principais:<\/p>\n<ol style=\"color: rgb(34, 34, 34); font-family: Arial, Helvetica, sans-serif; font-size: small;\">\n<li>Uma barra robusta que pode ser fixada com seguran\u00e7a \u00e0 embarca\u00e7\u00e3o usando parafusos ou rebites, eliminando a necessidade de ferramentas especializadas.<\/li>\n<li>Um perfil de borracha flex\u00edvel que se fixa \u00e0 base. Este insert sem costura est\u00e1 dispon\u00edvel em bobinas cortadas sob medida para reduzir o desperd\u00edcio. As prote\u00e7\u00f5es de PVC Radial podem ser dobradas em qualquer dire\u00e7\u00e3o sem a necessidade de aquecimento, resultando em uma redu\u00e7\u00e3o de 70% no tempo de montagem, economias de custo, facilidade de reparo e um recondicionamento mais r\u00e1pido.<\/li>\n<\/ol>\n<p style=\"color: rgb(34, 34, 34); font-family: Arial, Helvetica, sans-serif; font-size: small;\">O Perfil de Prote\u00e7\u00e3o Radial para Barcos \u00e9 bem conhecido por seu processo de instala\u00e7\u00e3o f\u00e1cil, que n\u00e3o requer ferramentas especializadas. Sua capa de PVC adapt\u00e1vel permite uma instala\u00e7\u00e3o simples, mesmo em temperaturas mais frias, eliminando a necessidade de aquecimento. Uma vez instalado, os segmentos da trilha ficam discretamente ocultos sob a capa, proporcionando um visual refinado e elegante.<\/p>\n<p style=\"color: rgb(34, 34, 34); font-family: Arial, Helvetica, sans-serif; font-size: small;\">O kit inclui todos os componentes necess\u00e1rios: uma bobina cont\u00ednua de capa de prote\u00e7\u00e3o em borracha macia, o n\u00famero necess\u00e1rio de se\u00e7\u00f5es de trilha de montagem em vinil semi-r\u00edgido, dois caps de vinil para as extremidades e um cap de cobertura para juntas. A instala\u00e7\u00e3o deste perfil de prote\u00e7\u00e3o \u00e9 muito f\u00e1cil. Basta fixar a barra de duralene com parafusos ou adesivo Sika e, em seguida, deslizar o perfil de prote\u00e7\u00e3o sobre a barra.<\/p>\n<p style=\"color: rgb(34, 34, 34); font-family: Arial, Helvetica, sans-serif; font-size: small;\">Este perfil de prote\u00e7\u00e3o n\u00e3o apenas melhora a est\u00e9tica da sua embarca\u00e7\u00e3o, mas tamb\u00e9m aprimora sua funcionalidade. Os designs patenteados da Tessilmare combinam durabilidade contra impactos com estilo e acessibilidade, modernizando a apar\u00eancia tradicional das prote\u00e7\u00f5es em borracha. Os perfis de fendering Radial oferecem uma solu\u00e7\u00e3o coesa e esteticamente agrad\u00e1vel, livre de juntas vis\u00edveis ou bordas afiadas, resultando em um acabamento mais limpo e atraente em compara\u00e7\u00e3o com prote\u00e7\u00f5es em m\u00faltiplas pe\u00e7as padr\u00e3o.<\/p>\n<p style=\"color: rgb(34, 34, 34); font-family: Arial, Helvetica, sans-serif; font-size: small;\">Especificamente projetado para a ind\u00fastria n\u00e1utica, o Radial da Tessilmare pode ser montado em apenas alguns minutos. O processo de instala\u00e7\u00e3o \u00e9 simples: anexe os segmentos da trilha ao casco do barco e fixe a capa externa sobre a trilha. A capa se desenrola convenientemente de uma bobina de grande capacidade, e as capas de extremidade inclu\u00eddas completam a instala\u00e7\u00e3o.<\/p>\n","protected":false},"excerpt":{"rendered":"<p>Tessilmare Radial 30 Cinza 12 metros &#8211; Este sistema de prote\u00e7\u00e3o patenteado consiste em dois componentes principais: Uma barra robusta<\/p>\n","protected":false},"featured_media":5945170,"comment_status":"open","ping_status":"closed","template":"","meta":[],"product_brand":[3482],"product_cat":[2139],"product_tag":[],"class_list":{"0":"post-750151","1":"product","2":"type-product","3":"status-publish","4":"has-post-thumbnail","6":"product_brand-tessilmare-pt","7":"product_cat-batentes-de-defensas","9":"first","10":"instock","11":"shipping-taxable","12":"purchasable","13":"product-type-simple"},"_links":{"self":[{"href":"https:\/\/stoic-curie.212-227-153-4.plesk.page\/pt\/wp-json\/wp\/v2\/product\/750151","targetHints":{"allow":["GET"]}}],"collection":[{"href":"https:\/\/stoic-curie.212-227-153-4.plesk.page\/pt\/wp-json\/wp\/v2\/product"}],"about":[{"href":"https:\/\/stoic-curie.212-227-153-4.plesk.page\/pt\/wp-json\/wp\/v2\/types\/product"}],"replies":[{"embeddable":true,"href":"https:\/\/stoic-curie.212-227-153-4.plesk.page\/pt\/wp-json\/wp\/v2\/comments?post=750151"}],"version-history":[{"count":0,"href":"https:\/\/stoic-curie.212-227-153-4.plesk.page\/pt\/wp-json\/wp\/v2\/product\/750151\/revisions"}],"wp:featuredmedia":[{"embeddable":true,"href":"https:\/\/stoic-curie.212-227-153-4.plesk.page\/pt\/wp-json\/wp\/v2\/media\/5945170"}],"wp:attachment":[{"href":"https:\/\/stoic-curie.212-227-153-4.plesk.page\/pt\/wp-json\/wp\/v2\/media?parent=750151"}],"wp:term":[{"taxonomy":"product_brand","embeddable":true,"href":"https:\/\/stoic-curie.212-227-153-4.plesk.page\/pt\/wp-json\/wp\/v2\/product_brand?post=750151"},{"taxonomy":"product_cat","embeddable":true,"href":"https:\/\/stoic-curie.212-227-153-4.plesk.page\/pt\/wp-json\/wp\/v2\/product_cat?post=750151"},{"taxonomy":"product_tag","embeddable":true,"href":"https:\/\/stoic-curie.212-227-153-4.plesk.page\/pt\/wp-json\/wp\/v2\/product_tag?post=750151"}],"curies":[{"name":"wp","href":"https:\/\/api.w.org\/{rel}","templated":true}]}}