{"id":750152,"date":"2025-03-03T22:38:28","date_gmt":"2025-03-03T21:38:28","guid":{"rendered":"https:\/\/stoic-curie.212-227-153-4.plesk.page\/producto\/tessilmare-radial-30-cinza-24-metros\/"},"modified":"2026-02-25T00:28:12","modified_gmt":"2026-02-25T00:28:12","slug":"tessilmare-radial-30-cinza-24-metros","status":"publish","type":"product","link":"https:\/\/stoic-curie.212-227-153-4.plesk.page\/pt\/product\/tessilmare-radial-30-cinza-24-metros\/","title":{"rendered":"Tessilmare Radial 30 Cinza 24 metros"},"content":{"rendered":"<p>Tessilmare Radial 30 Cinza 24 metros &#8211; <\/p>\n<p style=\"color: rgb(34, 34, 34); font-family: Arial, Helvetica, sans-serif; font-size: small;\">O Radial Rub Rail oferece uma vantagem not\u00e1vel devido ao seu f\u00e1cil processo de instala\u00e7\u00e3o, que n\u00e3o requer ferramentas especializadas. Sua capa de PVC adapt\u00e1vel permite um ajuste f\u00e1cil, mesmo em temperaturas mais frias, eliminando a necessidade de aquecimento. Ap\u00f3s a instala\u00e7\u00e3o, os segmentos da trilha ficam discretamente ocultos sob a capa, proporcionando uma apar\u00eancia polida e sofisticada.<\/p>\n<p style=\"color: rgb(34, 34, 34); font-family: Arial, Helvetica, sans-serif; font-size: small;\">O kit inclui todos os componentes necess\u00e1rios: uma fita cont\u00ednua de capa de rub rail macia, a quantidade apropriada de se\u00e7\u00f5es semi-r\u00edgidas de trilha de montagem em vinil, dois caps de extremidade de vinil e uma capa de jun\u00e7\u00e3o de vinil. A instala\u00e7\u00e3o deste perfil de fendering \u00e9 simples. Basta fixar a barra de duralene usando parafusos ou cola Sika e, em seguida, deslizar o perfil de fendering sobre a barra.<\/p>\n<p style=\"color: rgb(34, 34, 34); font-family: Arial, Helvetica, sans-serif; font-size: small;\">Este perfil de fendering n\u00e3o apenas melhora a atratividade visual, mas tamb\u00e9m aprimora a funcionalidade da sua embarca\u00e7\u00e3o. Os designs patenteados da Tessilmare combinam durabilidade de alto impacto com estilo e acessibilidade, atualizando efetivamente a apar\u00eancia tradicional dos rub rails. Os perfis de fendering Radial oferecem uma solu\u00e7\u00e3o fluida e esteticamente agrad\u00e1vel, livre de emendas vis\u00edveis ou bordas afiadas, resultando em um acabamento mais limpo e atraente em compara\u00e7\u00e3o aos rub rails padr\u00e3o de v\u00e1rias pe\u00e7as.<\/p>\n<p style=\"color: rgb(34, 34, 34); font-family: Arial, Helvetica, sans-serif; font-size: small;\">Especificamente projetado para a ind\u00fastria naval, o Tessilmare Radial pode ser montado em apenas alguns minutos. O processo de instala\u00e7\u00e3o \u00e9 direto: anexe os segmentos da trilha ao casco do barco e fixe a capa externa sobre a trilha. A capa desenrola convenientemente de um rolo grande, e os caps de extremidade inclu\u00eddos completam a instala\u00e7\u00e3o.<\/p>\n<p style=\"color: rgb(34, 34, 34); font-family: Arial, Helvetica, sans-serif; font-size: small;\">Este sistema de fendering patenteado consiste em dois componentes principais:<\/p>\n<ol style=\"color: rgb(34, 34, 34); font-family: Arial, Helvetica, sans-serif; font-size: small;\">\n<li>Uma barra robusta que pode ser fixada com seguran\u00e7a ao barco usando parafusos ou rebites, sem a necessidade de ferramentas especializadas.<\/li>\n<li>Um perfil de borracha flex\u00edvel que se conecta \u00e0 base. Este inserto cont\u00ednuo est\u00e1 dispon\u00edvel em bobinas cortadas sob medida para minimizar desperd\u00edcios. Os rub rails em PVC Radial podem ser dobrados em qualquer dire\u00e7\u00e3o sem a aplica\u00e7\u00e3o de calor, resultando em uma redu\u00e7\u00e3o de 70% no tempo de montagem, economias de custo, facilidade de reparo e r\u00e1pida reconfigura\u00e7\u00e3o.<\/li>\n<\/ol>\n","protected":false},"excerpt":{"rendered":"<p>Tessilmare Radial 30 Cinza 24 metros &#8211; O Radial Rub Rail oferece uma vantagem not\u00e1vel devido ao seu f\u00e1cil processo<\/p>\n","protected":false},"featured_media":5945170,"comment_status":"open","ping_status":"closed","template":"","meta":[],"product_brand":[3482],"product_cat":[2139],"product_tag":[],"class_list":{"0":"post-750152","1":"product","2":"type-product","3":"status-publish","4":"has-post-thumbnail","6":"product_brand-tessilmare-pt","7":"product_cat-batentes-de-defensas","9":"first","10":"instock","11":"shipping-taxable","12":"purchasable","13":"product-type-simple"},"_links":{"self":[{"href":"https:\/\/stoic-curie.212-227-153-4.plesk.page\/pt\/wp-json\/wp\/v2\/product\/750152","targetHints":{"allow":["GET"]}}],"collection":[{"href":"https:\/\/stoic-curie.212-227-153-4.plesk.page\/pt\/wp-json\/wp\/v2\/product"}],"about":[{"href":"https:\/\/stoic-curie.212-227-153-4.plesk.page\/pt\/wp-json\/wp\/v2\/types\/product"}],"replies":[{"embeddable":true,"href":"https:\/\/stoic-curie.212-227-153-4.plesk.page\/pt\/wp-json\/wp\/v2\/comments?post=750152"}],"version-history":[{"count":0,"href":"https:\/\/stoic-curie.212-227-153-4.plesk.page\/pt\/wp-json\/wp\/v2\/product\/750152\/revisions"}],"wp:featuredmedia":[{"embeddable":true,"href":"https:\/\/stoic-curie.212-227-153-4.plesk.page\/pt\/wp-json\/wp\/v2\/media\/5945170"}],"wp:attachment":[{"href":"https:\/\/stoic-curie.212-227-153-4.plesk.page\/pt\/wp-json\/wp\/v2\/media?parent=750152"}],"wp:term":[{"taxonomy":"product_brand","embeddable":true,"href":"https:\/\/stoic-curie.212-227-153-4.plesk.page\/pt\/wp-json\/wp\/v2\/product_brand?post=750152"},{"taxonomy":"product_cat","embeddable":true,"href":"https:\/\/stoic-curie.212-227-153-4.plesk.page\/pt\/wp-json\/wp\/v2\/product_cat?post=750152"},{"taxonomy":"product_tag","embeddable":true,"href":"https:\/\/stoic-curie.212-227-153-4.plesk.page\/pt\/wp-json\/wp\/v2\/product_tag?post=750152"}],"curies":[{"name":"wp","href":"https:\/\/api.w.org\/{rel}","templated":true}]}}