{"id":750153,"date":"2025-03-03T22:38:29","date_gmt":"2025-03-03T21:38:29","guid":{"rendered":"https:\/\/stoic-curie.212-227-153-4.plesk.page\/producto\/tessilmare-radial-40-preta-12-metros\/"},"modified":"2026-02-25T00:28:12","modified_gmt":"2026-02-25T00:28:12","slug":"tessilmare-radial-40-preta-12-metros","status":"publish","type":"product","link":"https:\/\/stoic-curie.212-227-153-4.plesk.page\/pt\/product\/tessilmare-radial-40-preta-12-metros\/","title":{"rendered":"Tessilmare Radial 40 Preta 12 metros"},"content":{"rendered":"<p>Tessilmare Radial 40 Preta 12 metros &#8211; <\/p>\n<p style=\"color: rgb(34, 34, 34); font-family: Arial, Helvetica, sans-serif; font-size: small;\">Este sistema de prote\u00e7\u00e3o de borda patenteado \u00e9 composto por dois elementos principais:<\/p>\n<ol style=\"color: rgb(34, 34, 34); font-family: Arial, Helvetica, sans-serif; font-size: small;\">\n<li>Uma barra robusta que pode ser fixada firmemente ao barco usando parafusos ou rebites, eliminando a necessidade de ferramentas especializadas.<\/li>\n<li>Um perfil de borracha flex\u00edvel que se conecta \u00e0 base. Este inserto cont\u00ednuo \u00e9 oferecido em rolos cortados sob medida para reduzir o desperd\u00edcio. As faixas de PVC Radial podem ser curvadas em qualquer dire\u00e7\u00e3o sem a necessidade de calor, resultando em uma diminui\u00e7\u00e3o de 70% no tempo de montagem, economia de custos, facilidade de reparo e r\u00e1pida re-instala\u00e7\u00e3o.<\/li>\n<\/ol>\n<p style=\"color: rgb(34, 34, 34); font-family: Arial, Helvetica, sans-serif; font-size: small;\">A Faixa de Borracha Radial se destaca pelo seu processo de instala\u00e7\u00e3o f\u00e1cil, que n\u00e3o requer ferramentas especializadas. Sua capa de PVC vers\u00e1til permite um ajuste simples, mesmo em climas mais frios, eliminando a necessidade de aquecimento. Uma vez instalada, os segmentos de trilho ficam discretamente ocultos sob a capa, proporcionando uma apar\u00eancia sofisticada e elegante.<\/p>\n<p style=\"color: rgb(34, 34, 34); font-family: Arial, Helvetica, sans-serif; font-size: small;\">O kit vem com todos os componentes essenciais: um rolo cont\u00ednuo de capa de borracha macia, a quantidade necess\u00e1ria de se\u00e7\u00f5es de trilho de montagem em vinil semi-r\u00edgido, dois tamp\u00f5es de extremidade em vinil e uma tampa de junta em vinil. A instala\u00e7\u00e3o deste perfil de prote\u00e7\u00e3o \u00e9 direta. Basta fixar a barra de duralene usando parafusos ou adesivo Sika, e depois deslizar o perfil de prote\u00e7\u00e3o sobre a barra.<\/p>\n<p style=\"color: rgb(34, 34, 34); font-family: Arial, Helvetica, sans-serif; font-size: small;\">Este perfil de prote\u00e7\u00e3o n\u00e3o s\u00f3 melhora a est\u00e9tica, mas tamb\u00e9m aumenta a funcionalidade da sua embarca\u00e7\u00e3o. Os designs patenteados da Tessilmare combinam durabilidade de alto impacto com estilo e acessibilidade, modernizando eficazmente a apar\u00eancia tradicional das faixas de prote\u00e7\u00e3o. Os perfis de prote\u00e7\u00e3o Radial oferecem uma solu\u00e7\u00e3o cont\u00ednua e visualmente agrad\u00e1vel, sem juntas vis\u00edveis ou bordas afiadas, resultando em um acabamento mais limpo e atraente em compara\u00e7\u00e3o com as faixas de prote\u00e7\u00e3o convencionais de v\u00e1rias pe\u00e7as.<\/p>\n<p style=\"color: rgb(34, 34, 34); font-family: Arial, Helvetica, sans-serif; font-size: small;\">Projetado especificamente para o setor mar\u00edtimo, o Radial da Tessilmare pode ser montado em apenas alguns minutos. O processo de instala\u00e7\u00e3o \u00e9 simples: prenda os segmentos de trilho ao casco do barco e fixe a capa externa sobre o trilho. A capa se desenrola convenientemente de uma bobina, e os tamp\u00f5es de extremidade inclu\u00eddos finalizam a instala\u00e7\u00e3o.<\/p>\n","protected":false},"excerpt":{"rendered":"<p>Tessilmare Radial 40 Preta 12 metros &#8211; Este sistema de prote\u00e7\u00e3o de borda patenteado \u00e9 composto por dois elementos principais:<\/p>\n","protected":false},"featured_media":5945154,"comment_status":"open","ping_status":"closed","template":"","meta":[],"product_brand":[3482],"product_cat":[2139],"product_tag":[],"class_list":{"0":"post-750153","1":"product","2":"type-product","3":"status-publish","4":"has-post-thumbnail","6":"product_brand-tessilmare-pt","7":"product_cat-batentes-de-defensas","9":"first","10":"instock","11":"shipping-taxable","12":"purchasable","13":"product-type-simple"},"_links":{"self":[{"href":"https:\/\/stoic-curie.212-227-153-4.plesk.page\/pt\/wp-json\/wp\/v2\/product\/750153","targetHints":{"allow":["GET"]}}],"collection":[{"href":"https:\/\/stoic-curie.212-227-153-4.plesk.page\/pt\/wp-json\/wp\/v2\/product"}],"about":[{"href":"https:\/\/stoic-curie.212-227-153-4.plesk.page\/pt\/wp-json\/wp\/v2\/types\/product"}],"replies":[{"embeddable":true,"href":"https:\/\/stoic-curie.212-227-153-4.plesk.page\/pt\/wp-json\/wp\/v2\/comments?post=750153"}],"version-history":[{"count":0,"href":"https:\/\/stoic-curie.212-227-153-4.plesk.page\/pt\/wp-json\/wp\/v2\/product\/750153\/revisions"}],"wp:featuredmedia":[{"embeddable":true,"href":"https:\/\/stoic-curie.212-227-153-4.plesk.page\/pt\/wp-json\/wp\/v2\/media\/5945154"}],"wp:attachment":[{"href":"https:\/\/stoic-curie.212-227-153-4.plesk.page\/pt\/wp-json\/wp\/v2\/media?parent=750153"}],"wp:term":[{"taxonomy":"product_brand","embeddable":true,"href":"https:\/\/stoic-curie.212-227-153-4.plesk.page\/pt\/wp-json\/wp\/v2\/product_brand?post=750153"},{"taxonomy":"product_cat","embeddable":true,"href":"https:\/\/stoic-curie.212-227-153-4.plesk.page\/pt\/wp-json\/wp\/v2\/product_cat?post=750153"},{"taxonomy":"product_tag","embeddable":true,"href":"https:\/\/stoic-curie.212-227-153-4.plesk.page\/pt\/wp-json\/wp\/v2\/product_tag?post=750153"}],"curies":[{"name":"wp","href":"https:\/\/api.w.org\/{rel}","templated":true}]}}