{"id":750154,"date":"2025-03-03T22:38:29","date_gmt":"2025-03-03T21:38:29","guid":{"rendered":"https:\/\/stoic-curie.212-227-153-4.plesk.page\/producto\/tessilmare-radial-40-preta-24-metros\/"},"modified":"2026-02-25T00:28:12","modified_gmt":"2026-02-25T00:28:12","slug":"tessilmare-radial-40-preta-24-metros","status":"publish","type":"product","link":"https:\/\/stoic-curie.212-227-153-4.plesk.page\/pt\/product\/tessilmare-radial-40-preta-24-metros\/","title":{"rendered":"Tessilmare Radial 40 Preta 24 metros"},"content":{"rendered":"<p>Tessilmare Radial 40 Preta 24 metros &#8211; <\/p>\n<p style=\"color: rgb(34, 34, 34); font-family: Arial, Helvetica, sans-serif; font-size: small;\">Para a instala\u00e7\u00e3o, este perfil de fender requer simplesmente a fixa\u00e7\u00e3o da barra de duralene com parafusos ou adesivo Sika, seguida da inser\u00e7\u00e3o do perfil de fender na barra. O perfil de fender de um barco pode efetivamente combinar estilo e praticidade. Os perfis de fender patenteados da Tessilmare combinam alta durabilidade com sofistica\u00e7\u00e3o e economia. Seus designs inovadores revolucionaram a apar\u00eancia dos rub rails convencionais. Os perfis de fender Radial oferecem uma solu\u00e7\u00e3o esteticamente agrad\u00e1vel e sem emendas vis\u00edveis ou bordas afiadas, resultando em um acabamento mais limpo e visualmente atraente em compara\u00e7\u00e3o com os rub rails multi-partes tradicionais. O Tessilmare Radial foi projetado meticulosamente para o setor marinho, permitindo uma montagem em apenas alguns minutos. O processo de instala\u00e7\u00e3o \u00e9 bastante simples; envolve a fixa\u00e7\u00e3o dos segmentos de trilho no casco do barco e a prote\u00e7\u00e3o da cobertura externa sobre o trilho. A cobertura pode ser facilmente desenrolada de um rolo, e as capas de extremidade inclu\u00eddas completam a instala\u00e7\u00e3o.<\/p>\n<p style=\"color: rgb(34, 34, 34); font-family: Arial, Helvetica, sans-serif; font-size: small;\">Uma das principais vantagens do Radial Rub Rail \u00e9 sua f\u00e1cil instala\u00e7\u00e3o, que n\u00e3o requer ferramentas especializadas. Sua cobertura de PVC flex\u00edvel permite uma adapta\u00e7\u00e3o simples, mesmo em clima mais frio, eliminando a necessidade de aquecimento. Uma vez terminada a instala\u00e7\u00e3o, os segmentos de trilho ficam totalmente ocultos sob a cobertura, resultando em um visual elegante e refinado. O kit vem com todos os componentes essenciais: um rolo cont\u00ednuo de cobertura de rub rail macio, o n\u00famero necess\u00e1rio de se\u00e7\u00f5es de trilho de montagem de vinil semi-r\u00edgido, duas capas de extremidade de vinil, e uma tampa de junta de vinil.<\/p>\n<p style=\"color: rgb(34, 34, 34); font-family: Arial, Helvetica, sans-serif; font-size: small;\">Este sistema de fender patenteado compreende dois elementos principais:<\/p>\n<ol style=\"color: rgb(34, 34, 34); font-family: Arial, Helvetica, sans-serif; font-size: small;\">\n<li>Uma barra robusta que pode ser fixada com seguran\u00e7a ao barco usando parafusos ou rebites, sem a necessidade de ferramentas especializadas.<\/li>\n<li>Um perfil de borracha flex\u00edvel que se conecta \u00e0 base. Este inserto sem emendas est\u00e1 dispon\u00edvel em rolos cortados sob medida para minimizar o desperd\u00edcio. Os rub rails de PVC Radial podem ser dobrados manualmente em qualquer dire\u00e7\u00e3o sem exigir aquecimento. Eles s\u00e3o 70% mais r\u00e1pidos de montar, econ\u00f4micos, f\u00e1ceis de reparar e r\u00e1pidos para readequar.<\/li>\n<\/ol>\n","protected":false},"excerpt":{"rendered":"<p>Tessilmare Radial 40 Preta 24 metros &#8211; Para a instala\u00e7\u00e3o, este perfil de fender requer simplesmente a fixa\u00e7\u00e3o da barra<\/p>\n","protected":false},"featured_media":5945154,"comment_status":"open","ping_status":"closed","template":"","meta":[],"product_brand":[3482],"product_cat":[2139],"product_tag":[],"class_list":{"0":"post-750154","1":"product","2":"type-product","3":"status-publish","4":"has-post-thumbnail","6":"product_brand-tessilmare-pt","7":"product_cat-batentes-de-defensas","9":"first","10":"instock","11":"shipping-taxable","12":"purchasable","13":"product-type-simple"},"_links":{"self":[{"href":"https:\/\/stoic-curie.212-227-153-4.plesk.page\/pt\/wp-json\/wp\/v2\/product\/750154","targetHints":{"allow":["GET"]}}],"collection":[{"href":"https:\/\/stoic-curie.212-227-153-4.plesk.page\/pt\/wp-json\/wp\/v2\/product"}],"about":[{"href":"https:\/\/stoic-curie.212-227-153-4.plesk.page\/pt\/wp-json\/wp\/v2\/types\/product"}],"replies":[{"embeddable":true,"href":"https:\/\/stoic-curie.212-227-153-4.plesk.page\/pt\/wp-json\/wp\/v2\/comments?post=750154"}],"version-history":[{"count":0,"href":"https:\/\/stoic-curie.212-227-153-4.plesk.page\/pt\/wp-json\/wp\/v2\/product\/750154\/revisions"}],"wp:featuredmedia":[{"embeddable":true,"href":"https:\/\/stoic-curie.212-227-153-4.plesk.page\/pt\/wp-json\/wp\/v2\/media\/5945154"}],"wp:attachment":[{"href":"https:\/\/stoic-curie.212-227-153-4.plesk.page\/pt\/wp-json\/wp\/v2\/media?parent=750154"}],"wp:term":[{"taxonomy":"product_brand","embeddable":true,"href":"https:\/\/stoic-curie.212-227-153-4.plesk.page\/pt\/wp-json\/wp\/v2\/product_brand?post=750154"},{"taxonomy":"product_cat","embeddable":true,"href":"https:\/\/stoic-curie.212-227-153-4.plesk.page\/pt\/wp-json\/wp\/v2\/product_cat?post=750154"},{"taxonomy":"product_tag","embeddable":true,"href":"https:\/\/stoic-curie.212-227-153-4.plesk.page\/pt\/wp-json\/wp\/v2\/product_tag?post=750154"}],"curies":[{"name":"wp","href":"https:\/\/api.w.org\/{rel}","templated":true}]}}