{"id":750155,"date":"2025-03-03T22:38:29","date_gmt":"2025-03-03T21:38:29","guid":{"rendered":"https:\/\/stoic-curie.212-227-153-4.plesk.page\/producto\/tessilmare-radial-40-branca-12-metros\/"},"modified":"2026-02-25T00:28:12","modified_gmt":"2026-02-25T00:28:12","slug":"tessilmare-radial-40-branca-12-metros","status":"publish","type":"product","link":"https:\/\/stoic-curie.212-227-153-4.plesk.page\/pt\/product\/tessilmare-radial-40-branca-12-metros\/","title":{"rendered":"Tessilmare Radial 40 Branca 12 metros"},"content":{"rendered":"<p>Tessilmare Radial 40 Branca 12 metros &#8211; <\/p>\n<p style=\"color: rgb(34, 34, 34); font-family: Arial, Helvetica, sans-serif; font-size: small;\">Este sistema de prote\u00e7\u00e3o patenteado \u00e9 composto por dois componentes principais:<\/p>\n<ol style=\"color: rgb(34, 34, 34); font-family: Arial, Helvetica, sans-serif; font-size: small;\">\n<li>Uma barra robusta que pode ser fixada de forma segura ao navio usando parafusos ou rebites, eliminando assim a necessidade de ferramentas especializadas.<\/li>\n<li>Um perfil de borracha flex\u00edvel que se conecta \u00e0 base. Este inserto sem costura est\u00e1 dispon\u00edvel em rolos cortados sob medida para minimizar o desperd\u00edcio. As faixas de borracha Radial PVC podem ser curvadas em qualquer dire\u00e7\u00e3o sem a aplica\u00e7\u00e3o de calor, resultando em uma redu\u00e7\u00e3o de 70% no tempo de montagem, redu\u00e7\u00e3o de custos, facilidade de reparo e recondicionamento acelerado.<\/li>\n<\/ol>\n<p style=\"color: rgb(34, 34, 34); font-family: Arial, Helvetica, sans-serif; font-size: small;\">A faixa de prote\u00e7\u00e3o Radial se destaca devido ao seu processo de instala\u00e7\u00e3o simples, que n\u00e3o requer ferramentas especializadas. Sua capa vers\u00e1til de PVC permite um ajuste f\u00e1cil, mesmo em temperaturas mais frias, eliminando a necessidade de aquecimento. Uma vez instalada, os segmentos de trilho s\u00e3o discretamente ocultos sob a capa, conferindo uma apar\u00eancia refinada e elegante.<\/p>\n<p style=\"color: rgb(34, 34, 34); font-family: Arial, Helvetica, sans-serif; font-size: small;\">O kit inclui todos os componentes essenciais: um rolo cont\u00ednuo de capa de faixa de prote\u00e7\u00e3o macia, a quantidade necess\u00e1ria de se\u00e7\u00f5es de trilho de montagem de vinil semi-r\u00edgido, dois tamp\u00f5es de vinil e uma tampa de junta de vinil. A instala\u00e7\u00e3o deste perfil de fendering \u00e9 descomplicada. Basta fixar a barra de duralene usando parafusos ou adesivo Sika e, em seguida, deslizar o perfil de fendering sobre a barra.<\/p>\n<p style=\"color: rgb(34, 34, 34); font-family: Arial, Helvetica, sans-serif; font-size: small;\">Este perfil de fendering n\u00e3o apenas melhora a est\u00e9tica do seu navio, mas tamb\u00e9m aumenta sua funcionalidade. Os designs patenteados da Tessilmare integram durabilidade de alto impacto com estilo e acessibilidade, modernizando efetivamente a apar\u00eancia tradicional das faixas de prote\u00e7\u00e3o. Os perfis de fendering Radial oferecem uma solu\u00e7\u00e3o coesa e visualmente agrad\u00e1vel, livre de juntas vis\u00edveis ou bordas afiadas, resultando em um acabamento mais limpo e atrativo em compara\u00e7\u00e3o com faixas de prote\u00e7\u00e3o convencionais de m\u00faltiplas pe\u00e7as.<\/p>\n<p style=\"color: rgb(34, 34, 34); font-family: Arial, Helvetica, sans-serif; font-size: small;\">Especificamente desenvolvido para o setor marinho, o Radial da Tessilmare pode ser montado em quest\u00e3o de minutos. O processo de instala\u00e7\u00e3o \u00e9 direto: conecte os segmentos de trilho ao casco do barco e fixe a capa externa sobre o trilho. A capa desenrola-se convenientemente de um rolo de bobina, e os tamp\u00f5es inclu\u00eddos completam a instala\u00e7\u00e3o.<\/p>\n","protected":false},"excerpt":{"rendered":"<p>Tessilmare Radial 40 Branca 12 metros &#8211; Este sistema de prote\u00e7\u00e3o patenteado \u00e9 composto por dois componentes principais: Uma barra<\/p>\n","protected":false},"featured_media":5945169,"comment_status":"open","ping_status":"closed","template":"","meta":[],"product_brand":[3482],"product_cat":[2139],"product_tag":[],"class_list":{"0":"post-750155","1":"product","2":"type-product","3":"status-publish","4":"has-post-thumbnail","6":"product_brand-tessilmare-pt","7":"product_cat-batentes-de-defensas","9":"first","10":"instock","11":"shipping-taxable","12":"purchasable","13":"product-type-simple"},"_links":{"self":[{"href":"https:\/\/stoic-curie.212-227-153-4.plesk.page\/pt\/wp-json\/wp\/v2\/product\/750155","targetHints":{"allow":["GET"]}}],"collection":[{"href":"https:\/\/stoic-curie.212-227-153-4.plesk.page\/pt\/wp-json\/wp\/v2\/product"}],"about":[{"href":"https:\/\/stoic-curie.212-227-153-4.plesk.page\/pt\/wp-json\/wp\/v2\/types\/product"}],"replies":[{"embeddable":true,"href":"https:\/\/stoic-curie.212-227-153-4.plesk.page\/pt\/wp-json\/wp\/v2\/comments?post=750155"}],"version-history":[{"count":0,"href":"https:\/\/stoic-curie.212-227-153-4.plesk.page\/pt\/wp-json\/wp\/v2\/product\/750155\/revisions"}],"wp:featuredmedia":[{"embeddable":true,"href":"https:\/\/stoic-curie.212-227-153-4.plesk.page\/pt\/wp-json\/wp\/v2\/media\/5945169"}],"wp:attachment":[{"href":"https:\/\/stoic-curie.212-227-153-4.plesk.page\/pt\/wp-json\/wp\/v2\/media?parent=750155"}],"wp:term":[{"taxonomy":"product_brand","embeddable":true,"href":"https:\/\/stoic-curie.212-227-153-4.plesk.page\/pt\/wp-json\/wp\/v2\/product_brand?post=750155"},{"taxonomy":"product_cat","embeddable":true,"href":"https:\/\/stoic-curie.212-227-153-4.plesk.page\/pt\/wp-json\/wp\/v2\/product_cat?post=750155"},{"taxonomy":"product_tag","embeddable":true,"href":"https:\/\/stoic-curie.212-227-153-4.plesk.page\/pt\/wp-json\/wp\/v2\/product_tag?post=750155"}],"curies":[{"name":"wp","href":"https:\/\/api.w.org\/{rel}","templated":true}]}}