{"id":750157,"date":"2025-03-03T22:38:30","date_gmt":"2025-03-03T21:38:30","guid":{"rendered":"https:\/\/stoic-curie.212-227-153-4.plesk.page\/producto\/tessilmare-radial-40-cinza-12-metros\/"},"modified":"2026-02-25T00:28:12","modified_gmt":"2026-02-25T00:28:12","slug":"tessilmare-radial-40-cinza-12-metros","status":"publish","type":"product","link":"https:\/\/stoic-curie.212-227-153-4.plesk.page\/pt\/product\/tessilmare-radial-40-cinza-12-metros\/","title":{"rendered":"Tessilmare Radial 40 Cinza 12 metros"},"content":{"rendered":"<p>Tessilmare Radial 40 Cinza 12 metros &#8211; <\/p>\n<p style=\"color: rgb(34, 34, 34); font-family: Arial, Helvetica, sans-serif; font-size: small;\">Este sistema de prote\u00e7\u00e3o patenteado consiste em dois elementos principais:<\/p>\n<ol style=\"color: rgb(34, 34, 34); font-family: Arial, Helvetica, sans-serif; font-size: small;\">\n<li>Uma barra robusta que pode ser firmemente fixada ao barco usando parafusos ou rebites, eliminando a necessidade de ferramentas especializadas.<\/li>\n<li>Um perfil de borracha flex\u00edvel que se conecta \u00e0 base. Este inserto sem costura \u00e9 oferecido em rolos cortados sob medida para reduzir o desperd\u00edcio. As barras de prote\u00e7\u00e3o Radial em PVC podem ser dobradas em qualquer dire\u00e7\u00e3o sem a necessidade de aquecimento, resultando em uma redu\u00e7\u00e3o de 70% no tempo de montagem, economia de custos, facilidade de reparo e um processo de recupera\u00e7\u00e3o mais r\u00e1pido.<\/li>\n<\/ol>\n<p style=\"color: rgb(34, 34, 34); font-family: Arial, Helvetica, sans-serif; font-size: small;\">A Barra de Prote\u00e7\u00e3o Radial se destaca por seu simples processo de instala\u00e7\u00e3o, que n\u00e3o requer ferramentas especializadas. Sua capa de PVC adapt\u00e1vel permite uma instala\u00e7\u00e3o f\u00e1cil, mesmo em climas mais frios, eliminando a necessidade de aquecimento. Uma vez instalada, os segmentos da trilha ficam discretamente escondidos sob a capa, proporcionando um visual polido e sofisticado.<\/p>\n<p style=\"color: rgb(34, 34, 34); font-family: Arial, Helvetica, sans-serif; font-size: small;\">O kit vem com todos os componentes necess\u00e1rios: um rolo cont\u00ednuo de capa de borracha macia, o n\u00famero apropriado de se\u00e7\u00f5es de trilha de montagem de vinil semi-r\u00edgido, duas tampas de extremidade de vinil e uma tampa de junta de vinil. A instala\u00e7\u00e3o deste perfil de prote\u00e7\u00e3o \u00e9 simples. Basta prender a barra de duralene usando parafusos ou adesivo Sika, e depois deslizar o perfil de prote\u00e7\u00e3o na barra.<\/p>\n<p style=\"color: rgb(34, 34, 34); font-family: Arial, Helvetica, sans-serif; font-size: small;\">Este perfil de prote\u00e7\u00e3o n\u00e3o apenas melhora a est\u00e9tica do seu barco, mas tamb\u00e9m aprimora sua funcionalidade. Os designs patenteados da Tessilmare unem durabilidade de alto impacto com estilo e acessibilidade, atualizando efetivamente o visual tradicional das barras de prote\u00e7\u00e3o. Os perfis de prote\u00e7\u00e3o Radial oferecem uma solu\u00e7\u00e3o coesa e esteticamente agrad\u00e1vel, livre de juntas vis\u00edveis ou bordas afiadas, resultando em um acabamento mais limpo e atraente em compara\u00e7\u00e3o com barras de prote\u00e7\u00e3o padr\u00e3o de m\u00faltiplas pe\u00e7as.<\/p>\n<p style=\"color: rgb(34, 34, 34); font-family: Arial, Helvetica, sans-serif; font-size: small;\">Especificamente projetado para a ind\u00fastria mar\u00edtima, o Tessilmare Radial pode ser montado em apenas minutos. O processo de instala\u00e7\u00e3o \u00e9 simples: anexe os segmentos da trilha ao casco do barco e fixe a capa externa sobre a trilha. A capa desenrola facilmente de um rolo grande, e as tampas de extremidade inclu\u00eddas finalizam a instala\u00e7\u00e3o.<\/p>\n","protected":false},"excerpt":{"rendered":"<p>Tessilmare Radial 40 Cinza 12 metros &#8211; Este sistema de prote\u00e7\u00e3o patenteado consiste em dois elementos principais: Uma barra robusta<\/p>\n","protected":false},"featured_media":5945170,"comment_status":"open","ping_status":"closed","template":"","meta":[],"product_brand":[3482],"product_cat":[2139],"product_tag":[],"class_list":{"0":"post-750157","1":"product","2":"type-product","3":"status-publish","4":"has-post-thumbnail","6":"product_brand-tessilmare-pt","7":"product_cat-batentes-de-defensas","9":"first","10":"instock","11":"shipping-taxable","12":"purchasable","13":"product-type-simple"},"_links":{"self":[{"href":"https:\/\/stoic-curie.212-227-153-4.plesk.page\/pt\/wp-json\/wp\/v2\/product\/750157","targetHints":{"allow":["GET"]}}],"collection":[{"href":"https:\/\/stoic-curie.212-227-153-4.plesk.page\/pt\/wp-json\/wp\/v2\/product"}],"about":[{"href":"https:\/\/stoic-curie.212-227-153-4.plesk.page\/pt\/wp-json\/wp\/v2\/types\/product"}],"replies":[{"embeddable":true,"href":"https:\/\/stoic-curie.212-227-153-4.plesk.page\/pt\/wp-json\/wp\/v2\/comments?post=750157"}],"version-history":[{"count":0,"href":"https:\/\/stoic-curie.212-227-153-4.plesk.page\/pt\/wp-json\/wp\/v2\/product\/750157\/revisions"}],"wp:featuredmedia":[{"embeddable":true,"href":"https:\/\/stoic-curie.212-227-153-4.plesk.page\/pt\/wp-json\/wp\/v2\/media\/5945170"}],"wp:attachment":[{"href":"https:\/\/stoic-curie.212-227-153-4.plesk.page\/pt\/wp-json\/wp\/v2\/media?parent=750157"}],"wp:term":[{"taxonomy":"product_brand","embeddable":true,"href":"https:\/\/stoic-curie.212-227-153-4.plesk.page\/pt\/wp-json\/wp\/v2\/product_brand?post=750157"},{"taxonomy":"product_cat","embeddable":true,"href":"https:\/\/stoic-curie.212-227-153-4.plesk.page\/pt\/wp-json\/wp\/v2\/product_cat?post=750157"},{"taxonomy":"product_tag","embeddable":true,"href":"https:\/\/stoic-curie.212-227-153-4.plesk.page\/pt\/wp-json\/wp\/v2\/product_tag?post=750157"}],"curies":[{"name":"wp","href":"https:\/\/api.w.org\/{rel}","templated":true}]}}