{"id":750158,"date":"2025-03-03T22:38:30","date_gmt":"2025-03-03T21:38:30","guid":{"rendered":"https:\/\/stoic-curie.212-227-153-4.plesk.page\/producto\/tessilmare-radial-40-cinza-24-metros\/"},"modified":"2026-02-25T00:28:12","modified_gmt":"2026-02-25T00:28:12","slug":"tessilmare-radial-40-cinza-24-metros","status":"publish","type":"product","link":"https:\/\/stoic-curie.212-227-153-4.plesk.page\/pt\/product\/tessilmare-radial-40-cinza-24-metros\/","title":{"rendered":"Tessilmare Radial 40 Cinza 24 metros"},"content":{"rendered":"<p>Tessilmare Radial 40 Cinza 24 metros &#8211; <\/p>\n<p style=\"color: rgb(34, 34, 34); font-family: Arial, Helvetica, sans-serif; font-size: small;\">Para a instala\u00e7\u00e3o, este perfil de protec\u00e7\u00e3o requer uma abordagem simples, envolvendo a fixa\u00e7\u00e3o segura da barra de duralene com parafusos ou adesivo Sika, seguida do deslizamento cuidadoso do perfil de protec\u00e7\u00e3o sobre a barra. O perfil de protec\u00e7\u00e3o de um barco combina eficazmente apelo est\u00e9tico com funcionalidade. Os perfis de protec\u00e7\u00e3o patenteados da Tessilmare integram durabilidade de alto impacto com eleg\u00e2ncia e efici\u00eancia de custo. Os seus designs inovadores redefiniram a apar\u00eancia das tradicionais faixas de borracha. Os perfis de protec\u00e7\u00e3o Radial oferecem uma solu\u00e7\u00e3o cont\u00ednua e visualmente atraente, isenta de juntas vis\u00edveis ou bordas cortantes, resultando em um acabamento mais limpo e atraente em compara\u00e7\u00e3o com as faixas de v\u00e1rias pe\u00e7as convencionais. O Radial da Tessilmare foi meticulosamente projetado para a ind\u00fastria marinha, permitindo a montagem em apenas alguns minutos. O processo de instala\u00e7\u00e3o \u00e9 notavelmente simples; envolve a fixa\u00e7\u00e3o dos segmentos de trilho ao casco do barco e a coloca\u00e7\u00e3o da capa externa sobre o trilho. A capa pode ser facilmente desenrolada de um rolo em massa, e as tampas de extremidade inclu\u00eddas completam a instala\u00e7\u00e3o.<\/p>\n<p style=\"color: rgb(34, 34, 34); font-family: Arial, Helvetica, sans-serif; font-size: small;\">Uma das principais vantagens da Faixa de Borracha Radial \u00e9 a sua facilidade de instala\u00e7\u00e3o, que n\u00e3o requer ferramentas especializadas. A sua capa de PVC flex\u00edvel permite uma montagem direta, mesmo em climas mais frios, eliminando assim a necessidade de aquecimento. Ap\u00f3s a conclus\u00e3o da instala\u00e7\u00e3o, os segmentos do trilho ficam completamente ocultos sob a capa, resultando em uma apar\u00eancia elegante e refinada. O kit inclui todos os componentes essenciais: um rolo cont\u00ednuo de capa de faixa de borracha macia, o n\u00famero necess\u00e1rio de se\u00e7\u00f5es de trilho de montagem de vinil semi-r\u00edgido, duas tampas de extremidade de vinil e uma tampa de cobertura de junta de vinil.<\/p>\n<p style=\"color: rgb(34, 34, 34); font-family: Arial, Helvetica, sans-serif; font-size: small;\">Este sistema de protec\u00e7\u00e3o patenteado consiste em dois elementos fundamentais:<\/p>\n<ol style=\"color: rgb(34, 34, 34); font-family: Arial, Helvetica, sans-serif; font-size: small;\">\n<li>Uma barra robusta que pode ser fixada com seguran\u00e7a ao barco usando parafusos ou rebites, sem necessidade de ferramentas especializadas.<\/li>\n<li>Um perfil de borracha flex\u00edvel que se conecta \u00e0 base. Este inserto sem emendas est\u00e1 dispon\u00edvel em rolos cortados sob medida para minimizar o desperd\u00edcio. As faixas de borracha Radial de PVC podem ser curvadas manualmente em qualquer dire\u00e7\u00e3o sem a necessidade de calor. Elas s\u00e3o 70% mais r\u00e1pidas de montar, econ\u00f4micas, f\u00e1ceis de reparar e r\u00e1pidas de reinstalar.<\/li>\n<\/ol>\n","protected":false},"excerpt":{"rendered":"<p>Tessilmare Radial 40 Cinza 24 metros &#8211; Para a instala\u00e7\u00e3o, este perfil de protec\u00e7\u00e3o requer uma abordagem simples, envolvendo a<\/p>\n","protected":false},"featured_media":5945170,"comment_status":"open","ping_status":"closed","template":"","meta":[],"product_brand":[3482],"product_cat":[2139],"product_tag":[],"class_list":{"0":"post-750158","1":"product","2":"type-product","3":"status-publish","4":"has-post-thumbnail","6":"product_brand-tessilmare-pt","7":"product_cat-batentes-de-defensas","9":"first","10":"instock","11":"shipping-taxable","12":"purchasable","13":"product-type-simple"},"_links":{"self":[{"href":"https:\/\/stoic-curie.212-227-153-4.plesk.page\/pt\/wp-json\/wp\/v2\/product\/750158","targetHints":{"allow":["GET"]}}],"collection":[{"href":"https:\/\/stoic-curie.212-227-153-4.plesk.page\/pt\/wp-json\/wp\/v2\/product"}],"about":[{"href":"https:\/\/stoic-curie.212-227-153-4.plesk.page\/pt\/wp-json\/wp\/v2\/types\/product"}],"replies":[{"embeddable":true,"href":"https:\/\/stoic-curie.212-227-153-4.plesk.page\/pt\/wp-json\/wp\/v2\/comments?post=750158"}],"version-history":[{"count":0,"href":"https:\/\/stoic-curie.212-227-153-4.plesk.page\/pt\/wp-json\/wp\/v2\/product\/750158\/revisions"}],"wp:featuredmedia":[{"embeddable":true,"href":"https:\/\/stoic-curie.212-227-153-4.plesk.page\/pt\/wp-json\/wp\/v2\/media\/5945170"}],"wp:attachment":[{"href":"https:\/\/stoic-curie.212-227-153-4.plesk.page\/pt\/wp-json\/wp\/v2\/media?parent=750158"}],"wp:term":[{"taxonomy":"product_brand","embeddable":true,"href":"https:\/\/stoic-curie.212-227-153-4.plesk.page\/pt\/wp-json\/wp\/v2\/product_brand?post=750158"},{"taxonomy":"product_cat","embeddable":true,"href":"https:\/\/stoic-curie.212-227-153-4.plesk.page\/pt\/wp-json\/wp\/v2\/product_cat?post=750158"},{"taxonomy":"product_tag","embeddable":true,"href":"https:\/\/stoic-curie.212-227-153-4.plesk.page\/pt\/wp-json\/wp\/v2\/product_tag?post=750158"}],"curies":[{"name":"wp","href":"https:\/\/api.w.org\/{rel}","templated":true}]}}