{"id":750160,"date":"2025-03-03T22:38:31","date_gmt":"2025-03-03T21:38:31","guid":{"rendered":"https:\/\/stoic-curie.212-227-153-4.plesk.page\/producto\/tessilmare-radial-52-branca-12-metros\/"},"modified":"2026-02-25T00:28:12","modified_gmt":"2026-02-25T00:28:12","slug":"tessilmare-radial-52-branca-12-metros","status":"publish","type":"product","link":"https:\/\/stoic-curie.212-227-153-4.plesk.page\/pt\/product\/tessilmare-radial-52-branca-12-metros\/","title":{"rendered":"Tessilmare Radial 52 Branca 12 metros"},"content":{"rendered":"<p>Tessilmare Radial 52 Branca 12 metros &#8211; <\/p>\n<p style=\"color: rgb(34, 34, 34); font-family: Arial, Helvetica, sans-serif; font-size: small;\">O Rail de Borracha Radial apresenta um benef\u00edcio not\u00e1vel com seu processo de instala\u00e7\u00e3o simples, que n\u00e3o requer ferramentas especializadas. Sua capa de PVC adapt\u00e1vel facilita o ajuste, mesmo em temperaturas mais baixas, eliminando assim a necessidade de aquecimento. Ap\u00f3s a instala\u00e7\u00e3o, os segmentos do trilho ficam ocultos sob a capa, resultando em uma apar\u00eancia elegante e refinada.<\/p>\n<p style=\"color: rgb(34, 34, 34); font-family: Arial, Helvetica, sans-serif; font-size: small;\">O kit est\u00e1 totalmente equipado com todos os componentes necess\u00e1rios: um rolo cont\u00ednuo de capa de borracha macia, a quantidade correta de se\u00e7\u00f5es de trilho de montagem de vinil semi-r\u00edgido, duas tampas de extremidade de vinil e uma capa de jun\u00e7\u00e3o de vinil. A instala\u00e7\u00e3o deste perfil de prote\u00e7\u00e3o \u00e9 descomplicada. Basta fixar a barra de duraleno usando parafusos ou adesivo Sika e deslizar o perfil de fendering sobre a barra.<\/p>\n<p style=\"color: rgb(34, 34, 34); font-family: Arial, Helvetica, sans-serif; font-size: small;\">Este perfil de fendering n\u00e3o apenas melhora a est\u00e9tica, mas tamb\u00e9m aprimora a funcionalidade do seu barco. Os designs patenteados da Tessilmare combinam resist\u00eancia a impactos com sofistica\u00e7\u00e3o e acessibilidade, revolucionando a apar\u00eancia convencional dos rails de borracha. Os perfis de fendering Radial oferecem uma solu\u00e7\u00e3o cont\u00ednua e visualmente agrad\u00e1vel, sem juntas vis\u00edveis ou bordas cortantes, resultando em um acabamento mais limpo e atraente em compara\u00e7\u00e3o aos rails de borracha tradicionais de m\u00faltiplas pe\u00e7as.<\/p>\n<p style=\"color: rgb(34, 34, 34); font-family: Arial, Helvetica, sans-serif; font-size: small;\">Projetado especificamente para o setor mar\u00edtimo, o Tessilmare Radial pode ser montado em quest\u00e3o de minutos. O procedimento de instala\u00e7\u00e3o \u00e9 simples: anexe os segmentos do trilho ao casco do barco e fixe a capa externa sobre o trilho. A capa desenrola convenientemente de um rolo grande, e as tampas de extremidade fornecidas completam a instala\u00e7\u00e3o.<\/p>\n<p style=\"color: rgb(34, 34, 34); font-family: Arial, Helvetica, sans-serif; font-size: small;\">Este sistema de fendering patenteado \u00e9 composto por dois componentes essenciais:<\/p>\n<ol style=\"color: rgb(34, 34, 34); font-family: Arial, Helvetica, sans-serif; font-size: small;\">\n<li>Uma barra robusta que pode ser firmemente fixada ao barco usando parafusos ou rebites, sem necessidade de ferramentas especializadas.<\/li>\n<li>Um perfil de borracha flex\u00edvel que se conecta \u00e0 base. Este inserto sem emenda est\u00e1 dispon\u00edvel em rolos cortados sob medida para minimizar o desperd\u00edcio. As rails de PVC Radial podem ser curvadas em qualquer dire\u00e7\u00e3o sem a necessidade de aquecimento, tornando-as 70% mais r\u00e1pidas de montar, econ\u00f4micas, f\u00e1ceis de reparar e r\u00e1pidas de adaptar.<\/li>\n<\/ol>\n","protected":false},"excerpt":{"rendered":"<p>Tessilmare Radial 52 Branca 12 metros &#8211; O Rail de Borracha Radial apresenta um benef\u00edcio not\u00e1vel com seu processo de<\/p>\n","protected":false},"featured_media":5945169,"comment_status":"open","ping_status":"closed","template":"","meta":[],"product_brand":[3482],"product_cat":[2139],"product_tag":[],"class_list":{"0":"post-750160","1":"product","2":"type-product","3":"status-publish","4":"has-post-thumbnail","6":"product_brand-tessilmare-pt","7":"product_cat-batentes-de-defensas","9":"first","10":"instock","11":"shipping-taxable","12":"purchasable","13":"product-type-simple"},"_links":{"self":[{"href":"https:\/\/stoic-curie.212-227-153-4.plesk.page\/pt\/wp-json\/wp\/v2\/product\/750160","targetHints":{"allow":["GET"]}}],"collection":[{"href":"https:\/\/stoic-curie.212-227-153-4.plesk.page\/pt\/wp-json\/wp\/v2\/product"}],"about":[{"href":"https:\/\/stoic-curie.212-227-153-4.plesk.page\/pt\/wp-json\/wp\/v2\/types\/product"}],"replies":[{"embeddable":true,"href":"https:\/\/stoic-curie.212-227-153-4.plesk.page\/pt\/wp-json\/wp\/v2\/comments?post=750160"}],"version-history":[{"count":0,"href":"https:\/\/stoic-curie.212-227-153-4.plesk.page\/pt\/wp-json\/wp\/v2\/product\/750160\/revisions"}],"wp:featuredmedia":[{"embeddable":true,"href":"https:\/\/stoic-curie.212-227-153-4.plesk.page\/pt\/wp-json\/wp\/v2\/media\/5945169"}],"wp:attachment":[{"href":"https:\/\/stoic-curie.212-227-153-4.plesk.page\/pt\/wp-json\/wp\/v2\/media?parent=750160"}],"wp:term":[{"taxonomy":"product_brand","embeddable":true,"href":"https:\/\/stoic-curie.212-227-153-4.plesk.page\/pt\/wp-json\/wp\/v2\/product_brand?post=750160"},{"taxonomy":"product_cat","embeddable":true,"href":"https:\/\/stoic-curie.212-227-153-4.plesk.page\/pt\/wp-json\/wp\/v2\/product_cat?post=750160"},{"taxonomy":"product_tag","embeddable":true,"href":"https:\/\/stoic-curie.212-227-153-4.plesk.page\/pt\/wp-json\/wp\/v2\/product_tag?post=750160"}],"curies":[{"name":"wp","href":"https:\/\/api.w.org\/{rel}","templated":true}]}}