{"id":750161,"date":"2025-03-03T22:38:31","date_gmt":"2025-03-03T21:38:31","guid":{"rendered":"https:\/\/stoic-curie.212-227-153-4.plesk.page\/producto\/tessilmare-radial-52-cinza-12-metros\/"},"modified":"2026-02-25T00:28:12","modified_gmt":"2026-02-25T00:28:12","slug":"tessilmare-radial-52-cinza-12-metros","status":"publish","type":"product","link":"https:\/\/stoic-curie.212-227-153-4.plesk.page\/pt\/product\/tessilmare-radial-52-cinza-12-metros\/","title":{"rendered":"Tessilmare Radial 52 Cinza 12 metros"},"content":{"rendered":"<p>Tessilmare Radial 52 Cinza 12 metros &#8211; <\/p>\n<p style=\"color: rgb(34, 34, 34); font-family: Arial, Helvetica, sans-serif; font-size: small;\">O Radial Rub Rail oferece uma vantagem significativa por meio de seu processo de instala\u00e7\u00e3o simples, que n\u00e3o exige o uso de ferramentas especializadas. Seu vers\u00e1til revestimento de PVC permite um ajuste sem esfor\u00e7o, mesmo em temperaturas mais baixas, eliminando a necessidade de aquecimento. Ap\u00f3s a conclus\u00e3o da instala\u00e7\u00e3o, os segmentos da trilha ficam discretamente ocultos sob a capa, resultando em uma apar\u00eancia polida e sofisticada.<\/p>\n<p style=\"color: rgb(34, 34, 34); font-family: Arial, Helvetica, sans-serif; font-size: small;\">O kit \u00e9 fornecido com todos os componentes necess\u00e1rios: um rolo cont\u00ednuo de cobertura de rub rail macio, a quantidade apropriada de se\u00e7\u00f5es de trilha de montagem de vinil semi-r\u00edgido, dois capas de extremidade de vinil e uma capa de jun\u00e7\u00e3o de vinil. A instala\u00e7\u00e3o deste perfil de fendering \u00e9 direta. Basta prender a barra de duralene usando parafusos ou adesivo Sika e, em seguida, desliz\u00e1-la sobre a barra.<\/p>\n<p style=\"color: rgb(34, 34, 34); font-family: Arial, Helvetica, sans-serif; font-size: small;\">Este perfil de fendering n\u00e3o apenas melhora a atra\u00e7\u00e3o visual, mas tamb\u00e9m aumenta a funcionalidade da sua embarca\u00e7\u00e3o. Os designs patenteados da Tessilmare combinam resist\u00eancia a impactos com eleg\u00e2ncia e acessibilidade, transformando a est\u00e9tica tradicional dos rub rails. Os perfis de fendering Radial oferecem uma solu\u00e7\u00e3o cont\u00ednua e visualmente atraente, sem juntas vis\u00edveis ou bordas afiadas, resultando em um acabamento mais limpo e atraente em compara\u00e7\u00e3o com os rub rails convencionais de v\u00e1rias pe\u00e7as.<\/p>\n<p style=\"color: rgb(34, 34, 34); font-family: Arial, Helvetica, sans-serif; font-size: small;\">Especificamente projetado para a ind\u00fastria marinha, o Tessilmare Radial pode ser montado em quest\u00e3o de minutos. O processo de instala\u00e7\u00e3o \u00e9 simples: conecte os segmentos da trilha ao casco do barco e fixe a capa externa sobre a trilha. A capa se desenrola convenientemente de uma bobina, e as tampas de extremidade inclu\u00eddas finalizam a instala\u00e7\u00e3o.<\/p>\n<p style=\"color: rgb(34, 34, 34); font-family: Arial, Helvetica, sans-serif; font-size: small;\">Este sistema de fendering patenteado consiste em dois componentes essenciais:<\/p>\n<ol style=\"color: rgb(34, 34, 34); font-family: Arial, Helvetica, sans-serif; font-size: small;\">\n<li>Uma barra robusta que pode ser fixada com seguran\u00e7a ao barco usando parafusos ou rebites, sem a necessidade de ferramentas especializadas.<\/li>\n<li>Um perfil de borracha flex\u00edvel que se conecta \u00e0 base. Este inserto cont\u00ednuo est\u00e1 dispon\u00edvel em rolos cortados sob medida para minimizar desperd\u00edcios. Os rub rails de PVC Radial podem ser dobrados em qualquer dire\u00e7\u00e3o sem a aplica\u00e7\u00e3o de calor, resultando em uma redu\u00e7\u00e3o de 70% no tempo de montagem, custo-benef\u00edcio, facilidade de reparo e r\u00e1pida substitui\u00e7\u00e3o.<\/li>\n<\/ol>\n","protected":false},"excerpt":{"rendered":"<p>Tessilmare Radial 52 Cinza 12 metros &#8211; O Radial Rub Rail oferece uma vantagem significativa por meio de seu processo<\/p>\n","protected":false},"featured_media":5945170,"comment_status":"open","ping_status":"closed","template":"","meta":[],"product_brand":[3482],"product_cat":[2139],"product_tag":[],"class_list":{"0":"post-750161","1":"product","2":"type-product","3":"status-publish","4":"has-post-thumbnail","6":"product_brand-tessilmare-pt","7":"product_cat-batentes-de-defensas","9":"first","10":"instock","11":"shipping-taxable","12":"purchasable","13":"product-type-simple"},"_links":{"self":[{"href":"https:\/\/stoic-curie.212-227-153-4.plesk.page\/pt\/wp-json\/wp\/v2\/product\/750161","targetHints":{"allow":["GET"]}}],"collection":[{"href":"https:\/\/stoic-curie.212-227-153-4.plesk.page\/pt\/wp-json\/wp\/v2\/product"}],"about":[{"href":"https:\/\/stoic-curie.212-227-153-4.plesk.page\/pt\/wp-json\/wp\/v2\/types\/product"}],"replies":[{"embeddable":true,"href":"https:\/\/stoic-curie.212-227-153-4.plesk.page\/pt\/wp-json\/wp\/v2\/comments?post=750161"}],"version-history":[{"count":0,"href":"https:\/\/stoic-curie.212-227-153-4.plesk.page\/pt\/wp-json\/wp\/v2\/product\/750161\/revisions"}],"wp:featuredmedia":[{"embeddable":true,"href":"https:\/\/stoic-curie.212-227-153-4.plesk.page\/pt\/wp-json\/wp\/v2\/media\/5945170"}],"wp:attachment":[{"href":"https:\/\/stoic-curie.212-227-153-4.plesk.page\/pt\/wp-json\/wp\/v2\/media?parent=750161"}],"wp:term":[{"taxonomy":"product_brand","embeddable":true,"href":"https:\/\/stoic-curie.212-227-153-4.plesk.page\/pt\/wp-json\/wp\/v2\/product_brand?post=750161"},{"taxonomy":"product_cat","embeddable":true,"href":"https:\/\/stoic-curie.212-227-153-4.plesk.page\/pt\/wp-json\/wp\/v2\/product_cat?post=750161"},{"taxonomy":"product_tag","embeddable":true,"href":"https:\/\/stoic-curie.212-227-153-4.plesk.page\/pt\/wp-json\/wp\/v2\/product_tag?post=750161"}],"curies":[{"name":"wp","href":"https:\/\/api.w.org\/{rel}","templated":true}]}}