{"id":750170,"date":"2025-03-03T22:38:34","date_gmt":"2025-03-03T21:38:34","guid":{"rendered":"https:\/\/stoic-curie.212-227-153-4.plesk.page\/producto\/escadas-telescopicas-com-corrimao-dobravel-de-4-degraus\/"},"modified":"2026-02-25T00:28:13","modified_gmt":"2026-02-25T00:28:13","slug":"escadas-telescopicas-com-corrimao-dobravel-de-4-degraus","status":"publish","type":"product","link":"https:\/\/stoic-curie.212-227-153-4.plesk.page\/pt\/product\/escadas-telescopicas-com-corrimao-dobravel-de-4-degraus\/","title":{"rendered":"Escadas Telesc\u00f3picas com Corrim\u00e3o Dobr\u00e1vel de 4 degraus"},"content":{"rendered":"<p>Escadas Telesc\u00f3picas com Corrim\u00e3o Dobr\u00e1vel de 4 degraus &#8211; <\/p>\n<p>Ladders de embarque telesc\u00f3picas em a\u00e7o inoxid\u00e1vel com corrim\u00e3o dobr\u00e1vel. Degraus em poli\u00e9ster planos para maior conforto. Para montagem em plataforma. Dimens\u00f5es do corrim\u00e3o 30 cm.<\/p>\n","protected":false},"excerpt":{"rendered":"<p>Escadas Telesc\u00f3picas com Corrim\u00e3o Dobr\u00e1vel de 4 degraus &#8211; Ladders de embarque telesc\u00f3picas em a\u00e7o inoxid\u00e1vel com corrim\u00e3o dobr\u00e1vel. Degraus<\/p>\n","protected":false},"featured_media":5945231,"comment_status":"open","ping_status":"closed","template":"","meta":[],"product_brand":[3492],"product_cat":[1905],"product_tag":[],"class_list":{"0":"post-750170","1":"product","2":"type-product","3":"status-publish","4":"has-post-thumbnail","6":"product_brand-trem-pt","7":"product_cat-escadas","9":"first","10":"instock","11":"shipping-taxable","12":"purchasable","13":"product-type-simple"},"_links":{"self":[{"href":"https:\/\/stoic-curie.212-227-153-4.plesk.page\/pt\/wp-json\/wp\/v2\/product\/750170","targetHints":{"allow":["GET"]}}],"collection":[{"href":"https:\/\/stoic-curie.212-227-153-4.plesk.page\/pt\/wp-json\/wp\/v2\/product"}],"about":[{"href":"https:\/\/stoic-curie.212-227-153-4.plesk.page\/pt\/wp-json\/wp\/v2\/types\/product"}],"replies":[{"embeddable":true,"href":"https:\/\/stoic-curie.212-227-153-4.plesk.page\/pt\/wp-json\/wp\/v2\/comments?post=750170"}],"version-history":[{"count":0,"href":"https:\/\/stoic-curie.212-227-153-4.plesk.page\/pt\/wp-json\/wp\/v2\/product\/750170\/revisions"}],"wp:featuredmedia":[{"embeddable":true,"href":"https:\/\/stoic-curie.212-227-153-4.plesk.page\/pt\/wp-json\/wp\/v2\/media\/5945231"}],"wp:attachment":[{"href":"https:\/\/stoic-curie.212-227-153-4.plesk.page\/pt\/wp-json\/wp\/v2\/media?parent=750170"}],"wp:term":[{"taxonomy":"product_brand","embeddable":true,"href":"https:\/\/stoic-curie.212-227-153-4.plesk.page\/pt\/wp-json\/wp\/v2\/product_brand?post=750170"},{"taxonomy":"product_cat","embeddable":true,"href":"https:\/\/stoic-curie.212-227-153-4.plesk.page\/pt\/wp-json\/wp\/v2\/product_cat?post=750170"},{"taxonomy":"product_tag","embeddable":true,"href":"https:\/\/stoic-curie.212-227-153-4.plesk.page\/pt\/wp-json\/wp\/v2\/product_tag?post=750170"}],"curies":[{"name":"wp","href":"https:\/\/api.w.org\/{rel}","templated":true}]}}